{"id":711326,"date":"2025-08-27T16:44:21","date_gmt":"2025-08-27T13:44:21","guid":{"rendered":"https:\/\/roveyayinevi.com.tr\/index.php\/urun\/dunya-kardes-sobe\/"},"modified":"2026-04-16T02:19:52","modified_gmt":"2026-04-15T23:19:52","slug":"dunya-kardes-sobe","status":"publish","type":"product","link":"https:\/\/roveyayinevi.com.tr\/index.php\/urun\/dunya-kardes-sobe\/","title":{"rendered":"D\u00fcnya Karde\u015f Sobe"},"content":{"rendered":"<p>Farkl\u0131 farkl\u0131 t\u00fcrlerde, bir\u00e7ok kitap okuyorsundur elbette. Bunlar\u0131n baz\u0131lar\u0131n\u0131 seviyor, baz\u0131lar\u0131n\u0131n da sana g\u00f6re olmad\u0131\u011f\u0131n\u0131 d\u00fc\u015f\u00fcn\u00fcyorsundur. Sevdi\u011fin kitaplar\u0131n ortak \u00f6zelli\u011fini d\u00fc\u015f\u00fcnd\u00fcn m\u00fc hi\u00e7? Onlar\u0131 neden seviyorsundur sence? \u0130\u015fte sana bir ipucu: Sevdi\u011fin kitaplar\u0131n dili ve anlatt\u0131klar\u0131 sana ko\u015fa ko\u015fa gelirken di\u011ferleri sana uzaktan el sallar. Neden mi? D\u00fcnya Karde\u015f, Sobe! kitab\u0131 sana bu konuda yard\u0131mc\u0131 olmaya haz\u0131r. Seni \u00e7ocuk haklar\u0131 yolculu\u011funa \u00e7\u0131karacak bu kitab\u0131 usta \u00e7izer Ferit Avc\u0131 resimledi. \ufffcTan\u0131t\u0131m Metni<\/p>\n","protected":false},"excerpt":{"rendered":"<p>Farkl\u0131 farkl\u0131 t\u00fcrlerde, bir\u00e7ok kitap okuyorsundur elbette. Bunlar\u0131n baz\u0131lar\u0131n\u0131 seviyor, baz\u0131lar\u0131n\u0131n da sana g\u00f6re olmad\u0131\u011f\u0131n\u0131 d\u00fc\u015f\u00fcn\u00fcyorsundur. Sevdi\u011fin kitaplar\u0131n ortak \u00f6zelli\u011fini d\u00fc\u015f\u00fcnd\u00fcn m\u00fc hi\u00e7? Onlar\u0131 neden seviyorsundur<span class=\"excerpt-hellip\"> [\u2026]<\/span><\/p>\n","protected":false},"featured_media":0,"template":"","meta":{"_monsterinsights_skip_tracking":false,"_monsterinsights_sitenote_active":false,"_monsterinsights_sitenote_note":"","_monsterinsights_sitenote_category":0},"product_brand":[],"product_cat":[12275,12274],"product_tag":[],"class_list":{"0":"post-711326","1":"product","2":"type-product","3":"status-publish","5":"product_cat-6-12-yas-kitaplari","6":"product_cat-cocuk-ve-genclik-kitaplari","7":"pa_cilt-ciltsiz","8":"pa_tur-kitap","9":"pa_yayinevi-ucan-at","10":"pa_yazar-mustafa-ruhi-sirin","12":"first","13":"instock","14":"sale","15":"shipping-taxable","16":"purchasable","17":"product-type-simple"},"_links":{"self":[{"href":"https:\/\/roveyayinevi.com.tr\/index.php\/wp-json\/wp\/v2\/product\/711326","targetHints":{"allow":["GET"]}}],"collection":[{"href":"https:\/\/roveyayinevi.com.tr\/index.php\/wp-json\/wp\/v2\/product"}],"about":[{"href":"https:\/\/roveyayinevi.com.tr\/index.php\/wp-json\/wp\/v2\/types\/product"}],"wp:attachment":[{"href":"https:\/\/roveyayinevi.com.tr\/index.php\/wp-json\/wp\/v2\/media?parent=711326"}],"wp:term":[{"taxonomy":"product_brand","embeddable":true,"href":"https:\/\/roveyayinevi.com.tr\/index.php\/wp-json\/wp\/v2\/product_brand?post=711326"},{"taxonomy":"product_cat","embeddable":true,"href":"https:\/\/roveyayinevi.com.tr\/index.php\/wp-json\/wp\/v2\/product_cat?post=711326"},{"taxonomy":"product_tag","embeddable":true,"href":"https:\/\/roveyayinevi.com.tr\/index.php\/wp-json\/wp\/v2\/product_tag?post=711326"}],"curies":[{"name":"wp","href":"https:\/\/api.w.org\/{rel}","templated":true}]}}