{"id":711325,"date":"2025-08-27T16:44:20","date_gmt":"2025-08-27T13:44:20","guid":{"rendered":"https:\/\/roveyayinevi.com.tr\/index.php\/urun\/dunyaya-gulen-adam-siirli-nasrettin-hoca-fikralari\/"},"modified":"2026-04-16T02:19:52","modified_gmt":"2026-04-15T23:19:52","slug":"dunyaya-gulen-adam-siirli-nasrettin-hoca-fikralari","status":"publish","type":"product","link":"https:\/\/roveyayinevi.com.tr\/index.php\/urun\/dunyaya-gulen-adam-siirli-nasrettin-hoca-fikralari\/","title":{"rendered":"D\u00fcnyaya G\u00fclen Adam &#8211; \u015eiirli Nasrettin Hoca F\u0131kralar\u0131"},"content":{"rendered":"<p>Nasrettin Hoca bizim k\u00fclt\u00fcrel de\u011ferlerimizin en nadide \u00f6rneklerinden biri olmu\u015ftur her zaman. Onun bilgeli\u011fi ve n\u00fcktedanl\u0131\u011f\u0131 bir efsaneye d\u00f6n\u00fc\u015fm\u00fc\u015f, kimi hik\u00e2yeler ona m\u00e2l edilmi\u015f; insanlar ihtiya\u00e7lar\u0131n\u0131, isteklerini ona dair f\u0131kralarla anlatma yoluna gitmi\u015ftir. Bu f\u0131kralar da bazen hik\u00e2yele\u015ftirilerek, bazen \u015fiire d\u00f6n\u00fc\u015ferek \u00e7ocuklarla bulu\u015fmu\u015ftur. Mustafa Ruhi \u015eirin de D\u00fcnyaya G\u00fclen Adam \u2013\u015eiirli Nasrettin Hoca F\u0131kralar\u0131- kitab\u0131nda, T\u00fcrk\u00e7emizin incelikleriyle bu f\u0131kralar\u0131 \u015fiire d\u00f6n\u00fc\u015ft\u00fcrmeyi tercih etmi\u015f ve okunurken \u00e7ocuklar\u0131 d\u00fc\u015f\u00fcnd\u00fcren ve y\u00fczlerini g\u00fcld\u00fcren bir kitap \u00e7\u0131km\u0131\u015f ortaya. Kitab\u0131 okuduktan sonra \u015fiirler kadar Ferit Avc\u0131\u2019n\u0131n kitaba yapt\u0131\u011f\u0131 resimlerin de sizi d\u00fc\u015f\u00fcnd\u00fcrd\u00fc\u011f\u00fcn\u00fc ve e\u011flendirdi\u011fini fark etmeniz zor olmayacak. Nasrettin Hoca insan i\u00e7in en de\u011ferli olan\u0131 yapm\u0131\u015f: \u00c7a\u011flar \u00f6nce soru sormu\u015f insanlara ve d\u00fcnyaya. Sordu\u011fu sorular\u0131 n\u00fckteli ve k\u0131saca yorumlam\u0131\u015f.E\u011flence adam\u0131 de\u011fil bizim Nasrettin Hoca. D\u00fcnya g\u00f6r\u00fc\u015f\u00fc olan, d\u00fc\u015f\u00fcnen bir insan ve sevimli bir bilgedir. D\u00fcnyaya G\u00fclen Adam\u2019d\u0131r.F\u0131kralar\u0131 g\u00fczel anlat\u0131l\u0131rsa T\u00fcrk\u00e7emizin kanatland\u0131\u011f\u0131n\u0131 hissederiz. Bu nedenle tarih boyunca \u015fairler bu f\u0131kralar\u0131 yeniden yazma yolunu denemi\u015ftir. Fuat K\u00f6pr\u00fcl\u00fc, Orhan Veli, Kemal \u00d6zer gibi isimlerden sonra Mustafa Ruhi \u015eirin\u2019in \u015fiirle\u015ftirdi\u011fi bu f\u0131kralar\u0131 Ferit Avc\u0131\u2019n\u0131n resimleriyle her ya\u015ftan okura sunuyoruz. <\/p>\n","protected":false},"excerpt":{"rendered":"<p>Nasrettin Hoca bizim k\u00fclt\u00fcrel de\u011ferlerimizin en nadide \u00f6rneklerinden biri olmu\u015ftur her zaman. Onun bilgeli\u011fi ve n\u00fcktedanl\u0131\u011f\u0131 bir efsaneye d\u00f6n\u00fc\u015fm\u00fc\u015f, kimi hik\u00e2yeler ona m\u00e2l edilmi\u015f; insanlar ihtiya\u00e7lar\u0131n\u0131,<span class=\"excerpt-hellip\"> [\u2026]<\/span><\/p>\n","protected":false},"featured_media":0,"template":"","meta":{"_monsterinsights_skip_tracking":false,"_monsterinsights_sitenote_active":false,"_monsterinsights_sitenote_note":"","_monsterinsights_sitenote_category":0},"product_brand":[],"product_cat":[12275,12274],"product_tag":[],"class_list":{"0":"post-711325","1":"product","2":"type-product","3":"status-publish","5":"product_cat-6-12-yas-kitaplari","6":"product_cat-cocuk-ve-genclik-kitaplari","7":"pa_cilt-ciltsiz","8":"pa_tur-kitap","9":"pa_yayinevi-ucan-at","10":"pa_yazar-mustafa-ruhi-sirin","12":"first","13":"instock","14":"sale","15":"shipping-taxable","16":"purchasable","17":"product-type-simple"},"_links":{"self":[{"href":"https:\/\/roveyayinevi.com.tr\/index.php\/wp-json\/wp\/v2\/product\/711325","targetHints":{"allow":["GET"]}}],"collection":[{"href":"https:\/\/roveyayinevi.com.tr\/index.php\/wp-json\/wp\/v2\/product"}],"about":[{"href":"https:\/\/roveyayinevi.com.tr\/index.php\/wp-json\/wp\/v2\/types\/product"}],"wp:attachment":[{"href":"https:\/\/roveyayinevi.com.tr\/index.php\/wp-json\/wp\/v2\/media?parent=711325"}],"wp:term":[{"taxonomy":"product_brand","embeddable":true,"href":"https:\/\/roveyayinevi.com.tr\/index.php\/wp-json\/wp\/v2\/product_brand?post=711325"},{"taxonomy":"product_cat","embeddable":true,"href":"https:\/\/roveyayinevi.com.tr\/index.php\/wp-json\/wp\/v2\/product_cat?post=711325"},{"taxonomy":"product_tag","embeddable":true,"href":"https:\/\/roveyayinevi.com.tr\/index.php\/wp-json\/wp\/v2\/product_tag?post=711325"}],"curies":[{"name":"wp","href":"https:\/\/api.w.org\/{rel}","templated":true}]}}