{"id":711324,"date":"2025-08-27T16:44:19","date_gmt":"2025-08-27T13:44:19","guid":{"rendered":"https:\/\/roveyayinevi.com.tr\/index.php\/urun\/cirak-cikti-cocuklugum\/"},"modified":"2026-04-16T02:19:52","modified_gmt":"2026-04-15T23:19:52","slug":"cirak-cikti-cocuklugum","status":"publish","type":"product","link":"https:\/\/roveyayinevi.com.tr\/index.php\/urun\/cirak-cikti-cocuklugum\/","title":{"rendered":"\u00c7\u0131rak \u00c7\u0131kt\u0131 \u00c7ocuklu\u011fum"},"content":{"rendered":"<p>\u201c\u00c7\u0131rak \u00c7\u0131kt\u0131 \u00c7ocuklu\u011fum\u201d kitab\u0131nda yazar, \u015fair Refik Durba\u015f kendi \u00e7ocuklu\u011funa do\u011fru bir yolculu\u011fa \u00e7\u0131k\u0131yor. Bu yolculuk biraz h\u00fcz\u00fcnl\u00fc, biraz \u00f6zlem dolu. Yeti\u015fkinler \u00e7ocukluklar\u0131n\u0131 genellikle buruk bir g\u00fcl\u00fcmsemeyle hat\u0131rlarlar. Mutlu hat\u0131ralar biriktirmi\u015f olsalar da art\u0131k \u00e7ocuk olamad\u0131klar\u0131 i\u00e7in \u00fczg\u00fcnd\u00fcrler. Yazar\u0131n \u00e7ocuklu\u011funa dair \u015fiirleri okuyunca eskiden bir\u00e7ok \u015feyin farkl\u0131 oldu\u011funu d\u00fc\u015f\u00fcnebilirsin. Ancak duygular\u0131n varl\u0131\u011f\u0131 de\u011fi\u015fmez; \u00e7ocuklu\u011fa \u00f6zlem bitmez. Sevin\u00e7ler oldu\u011fu kadar h\u00fcz\u00fcnler de bize aittir. Kitapta sevinci ve \u00e7ocuklu\u011funu ya\u015fayamam\u0131\u015f \u00e7ocuklar daha fazla. Berk \u00d6zt\u00fcrk bu duygular\u0131 ayna gibi yans\u0131t\u0131yor resimlerinde.\u015eiir Okulu\u2019nun \u00e7ocukla ilgili odalar\u0131 giri\u015f kat\u0131nda yer al\u0131r. Bu odalar\u0131n biri de Sevinci Eksik \u015eiir Odas\u0131\u2019d\u0131r. Her \u015fair sevinci eksik \u015fiir yazmaya cesaret edemez.Refik Durba\u015f en \u00e7ok sevinci eksik \u015fiir yazm\u0131\u015f, \u00e7ocuklar\u0131m\u0131z\u0131n y\u00fczlerini umuda ve bar\u0131\u015fa \u00e7evirmi\u015f \u00f6nc\u00fc bir \u015fairimizdir. Sokaklarda simit satan, tamirci olarak \u00e7al\u0131\u015fan, berber \u00e7\u0131rakl\u0131\u011f\u0131 yapan, ayakkab\u0131 boyayan ve gazoz satan \u00e7ocuklar i\u00e7in \u015fiir yazmak kolay de\u011fildir. Elinizdeki kitap bu y\u00f6n\u00fcyle Haklar\u0131 \u00c7al\u0131nm\u0131\u015f \u00c7ocuklar\u0131n \u015eiir Atlas\u0131olarak da okunabilir.\u00c7\u0131rak \u00c7\u0131kt\u0131 \u00c7ocuklu\u011fum kitab\u0131ndaki \u015fiirleri okuyarak yak\u0131n \u00e7evrenizdeki arkada\u015flar\u0131n\u0131z\u0131n sorunlar\u0131yla ilgilenmeye y\u00f6nelirseniz bu \u015fiirler sevinci \u00e7o\u011faltan \u00e7ocuk \u00f6devlerine d\u00f6n\u00fc\u015febilir. \u00c7ocuklu\u011fumla ya\u015f\u0131t olmak isterdim, diyebilmi\u015f bir \u015fairin bu \u015fiirleri yazma amac\u0131 da b\u00f6ylece ger\u00e7ekle\u015fmi\u015f olur. Refik Durba\u015f\u2019\u0131n \u015eiir Okulu\u2019ndaki b\u00fct\u00fcn kitaplar\u0131 okuman\u0131z dile\u011fiyle. -Mustafa Ruhi \u015eirin- <\/p>\n","protected":false},"excerpt":{"rendered":"<p>\u201c\u00c7\u0131rak \u00c7\u0131kt\u0131 \u00c7ocuklu\u011fum\u201d kitab\u0131nda yazar, \u015fair Refik Durba\u015f kendi \u00e7ocuklu\u011funa do\u011fru bir yolculu\u011fa \u00e7\u0131k\u0131yor. Bu yolculuk biraz h\u00fcz\u00fcnl\u00fc, biraz \u00f6zlem dolu. Yeti\u015fkinler \u00e7ocukluklar\u0131n\u0131 genellikle buruk bir<span class=\"excerpt-hellip\"> [\u2026]<\/span><\/p>\n","protected":false},"featured_media":0,"template":"","meta":{"_monsterinsights_skip_tracking":false,"_monsterinsights_sitenote_active":false,"_monsterinsights_sitenote_note":"","_monsterinsights_sitenote_category":0},"product_brand":[],"product_cat":[12275,12274],"product_tag":[],"class_list":{"0":"post-711324","1":"product","2":"type-product","3":"status-publish","5":"product_cat-6-12-yas-kitaplari","6":"product_cat-cocuk-ve-genclik-kitaplari","7":"pa_cilt-ciltsiz","8":"pa_tur-kitap","9":"pa_yayinevi-ucan-at","10":"pa_yazar-refik-durbas","12":"first","13":"instock","14":"sale","15":"shipping-taxable","16":"purchasable","17":"product-type-simple"},"_links":{"self":[{"href":"https:\/\/roveyayinevi.com.tr\/index.php\/wp-json\/wp\/v2\/product\/711324","targetHints":{"allow":["GET"]}}],"collection":[{"href":"https:\/\/roveyayinevi.com.tr\/index.php\/wp-json\/wp\/v2\/product"}],"about":[{"href":"https:\/\/roveyayinevi.com.tr\/index.php\/wp-json\/wp\/v2\/types\/product"}],"wp:attachment":[{"href":"https:\/\/roveyayinevi.com.tr\/index.php\/wp-json\/wp\/v2\/media?parent=711324"}],"wp:term":[{"taxonomy":"product_brand","embeddable":true,"href":"https:\/\/roveyayinevi.com.tr\/index.php\/wp-json\/wp\/v2\/product_brand?post=711324"},{"taxonomy":"product_cat","embeddable":true,"href":"https:\/\/roveyayinevi.com.tr\/index.php\/wp-json\/wp\/v2\/product_cat?post=711324"},{"taxonomy":"product_tag","embeddable":true,"href":"https:\/\/roveyayinevi.com.tr\/index.php\/wp-json\/wp\/v2\/product_tag?post=711324"}],"curies":[{"name":"wp","href":"https:\/\/api.w.org\/{rel}","templated":true}]}}