{"id":711323,"date":"2025-08-27T16:44:19","date_gmt":"2025-08-27T13:44:19","guid":{"rendered":"https:\/\/roveyayinevi.com.tr\/index.php\/urun\/masal-mektuplar\/"},"modified":"2026-04-16T02:19:52","modified_gmt":"2026-04-15T23:19:52","slug":"masal-mektuplar","status":"publish","type":"product","link":"https:\/\/roveyayinevi.com.tr\/index.php\/urun\/masal-mektuplar\/","title":{"rendered":"Masal Mektuplar"},"content":{"rendered":"<p>Masallar, \u015fiirler, mektuplar, g\u00fczel s\u00f6zler\u2026 Sevdiklerimize kalbimizden ve akl\u0131m\u0131zdan ge\u00e7enleri anlatma yollar\u0131ndan baz\u0131lar\u0131d\u0131r. \u0130\u015fte bu kitapta sevgi etraf\u0131nda k\u00fcmelenen nice g\u00fczel s\u00f6zlerin farkl\u0131 bi\u00e7imlerde aktar\u0131ld\u0131\u011f\u0131n\u0131 g\u00f6receksin. Bir \u00e7ocu\u011fun annesine babas\u0131na olan sevgisi, anne babas\u0131n\u0131n ona olan \u015fefkat ve merhameti, sonras\u0131nda \u00e7ocu\u011fun \u00e7evresiyle ili\u015fkisi; mektuplar, \u015fiirler arac\u0131l\u0131\u011f\u0131 ile kalpten kalbe ula\u015f\u0131yor. Tam da hedefini buluyor. Kim bilir, belki sen de kitab\u0131 okuyunca mektuplar\u0131n sahici cazibesine kap\u0131l\u0131p eline k\u00e2\u011f\u0131t kalemi alacaks\u0131n. Masal Mektuplar kitab\u0131n\u0131 resimleyen Serap Deliorman\u2019\u0131n sizin mektuplar\u0131n\u0131z\u0131 da resimlemesini istemez misiniz? Mustafa Ruhi \u015eirin, \u201cMasal Mektuplar\u201d kitab\u0131yla \u00e7ocuklar\u0131n kalbine dokunuyor, onlara sevginin say\u0131s\u0131z bi\u00e7imde nas\u0131l aktar\u0131laca\u011f\u0131n\u0131 g\u00f6steriyor. Bir bebe\u011fin annesine mektubuyla ba\u015flayan kitap, anne baban\u0131n ona yazd\u0131\u011f\u0131 mektuplar ve \u00e7ocu\u011fun yak\u0131n \u00e7evresiyle mektupla\u015fmas\u0131yla devam ediyor. \u00c7ocuklar; kitaptaki \u015fiirler, masal tad\u0131nda mektuplar ile anne babaya duyulan sevgiyi, ebeveynlerin \u00e7ocuklar\u0131na duydu\u011fu \u015fefkat ve merhameti hissedecekler, kendilerini ifade etme yolunda dilimizin inceliklerinin tad\u0131na varacaklar. Masal Mektuplar \u00e7ocuk edebiyat\u0131m\u0131z\u0131n ilk mektup \u00f6rneklerinden biridir. Kitab\u0131n bir di\u011fer \u00f6zelli\u011fi ise Serap Deliorman\u2019\u0131n bebe\u011fini b\u00fcy\u00fctt\u00fc\u011f\u00fc bir d\u00f6nemde duygular\u0131n\u0131 resimlere katm\u0131\u015f olmas\u0131d\u0131r.Masal Mektuplar kitab\u0131 1982 y\u0131l\u0131nda T\u00fcrkiye Yazarlar Birli\u011fi taraf\u0131ndan y\u0131l\u0131n \u00e7ocuk kitab\u0131 se\u00e7ildi. <\/p>\n","protected":false},"excerpt":{"rendered":"<p>Masallar, \u015fiirler, mektuplar, g\u00fczel s\u00f6zler\u2026 Sevdiklerimize kalbimizden ve akl\u0131m\u0131zdan ge\u00e7enleri anlatma yollar\u0131ndan baz\u0131lar\u0131d\u0131r. \u0130\u015fte bu kitapta sevgi etraf\u0131nda k\u00fcmelenen nice g\u00fczel s\u00f6zlerin farkl\u0131 bi\u00e7imlerde aktar\u0131ld\u0131\u011f\u0131n\u0131 g\u00f6receksin.<span class=\"excerpt-hellip\"> [\u2026]<\/span><\/p>\n","protected":false},"featured_media":0,"template":"","meta":{"_monsterinsights_skip_tracking":false,"_monsterinsights_sitenote_active":false,"_monsterinsights_sitenote_note":"","_monsterinsights_sitenote_category":0},"product_brand":[],"product_cat":[12275,12274],"product_tag":[],"class_list":{"0":"post-711323","1":"product","2":"type-product","3":"status-publish","5":"product_cat-6-12-yas-kitaplari","6":"product_cat-cocuk-ve-genclik-kitaplari","7":"pa_cilt-ciltsiz","8":"pa_tur-kitap","9":"pa_yayinevi-ucan-at","10":"pa_yazar-mustafa-ruhi-sirin","12":"first","13":"instock","14":"sale","15":"shipping-taxable","16":"purchasable","17":"product-type-simple"},"_links":{"self":[{"href":"https:\/\/roveyayinevi.com.tr\/index.php\/wp-json\/wp\/v2\/product\/711323","targetHints":{"allow":["GET"]}}],"collection":[{"href":"https:\/\/roveyayinevi.com.tr\/index.php\/wp-json\/wp\/v2\/product"}],"about":[{"href":"https:\/\/roveyayinevi.com.tr\/index.php\/wp-json\/wp\/v2\/types\/product"}],"wp:attachment":[{"href":"https:\/\/roveyayinevi.com.tr\/index.php\/wp-json\/wp\/v2\/media?parent=711323"}],"wp:term":[{"taxonomy":"product_brand","embeddable":true,"href":"https:\/\/roveyayinevi.com.tr\/index.php\/wp-json\/wp\/v2\/product_brand?post=711323"},{"taxonomy":"product_cat","embeddable":true,"href":"https:\/\/roveyayinevi.com.tr\/index.php\/wp-json\/wp\/v2\/product_cat?post=711323"},{"taxonomy":"product_tag","embeddable":true,"href":"https:\/\/roveyayinevi.com.tr\/index.php\/wp-json\/wp\/v2\/product_tag?post=711323"}],"curies":[{"name":"wp","href":"https:\/\/api.w.org\/{rel}","templated":true}]}}