{"id":711322,"date":"2025-08-27T16:44:18","date_gmt":"2025-08-27T13:44:18","guid":{"rendered":"https:\/\/roveyayinevi.com.tr\/index.php\/urun\/ilkyaz-tatili\/"},"modified":"2026-04-16T02:19:52","modified_gmt":"2026-04-15T23:19:52","slug":"ilkyaz-tatili","status":"publish","type":"product","link":"https:\/\/roveyayinevi.com.tr\/index.php\/urun\/ilkyaz-tatili\/","title":{"rendered":"\u0130lkyaz Tatili"},"content":{"rendered":"<p>\u00c7ocuklar i\u00e7in yaz\u0131lan \u015fiirler \u00e7ocuk ya\u015f\u0131nda \u015fiirlerdir. Bu \u015fiirlerdeki s\u00f6zc\u00fckler \u00e7ocuk gibi bakar d\u00fcnyaya. \u00c7ocuk gibi merak eder, \u00e7ocuk gibi hayal kurar, \u00e7ocuk gibi d\u00fc\u015f\u00fcn\u00fcr, \u00e7ocuk gibi sorarlar sorular\u0131n\u0131. B\u00f6ylece \u015fair \u00e7ocuk gibi seslenir \u00e7ocu\u011fa. Tacettin \u015eim\u015fek, \u0130lkyaz Tatili\u2019ndeki \u015fiirleriyle size sesleniyor. Haz\u0131r m\u0131s\u0131n\u0131z okumaya? Saadet Ceylan\u2019\u0131n \u00e7ocuk ya\u015ftaki resimleri ile \u015fiirli resim sinemas\u0131na ho\u015f geldiniz! \u0130yi \u015fiir yaz\u0131ld\u0131\u011f\u0131 dilin ve \u015fiir sanat\u0131n\u0131n de\u011ferini ta\u015f\u0131yan \u015fiirdir. \u015eiir kozas\u0131 ise iyi \u015fiirle \u00f6r\u00fcl\u00fcr. \u015eiirle k\u00fc\u00e7\u00fck ya\u015fta tan\u0131\u015fmak \u015fairlerle yolculu\u011fa \u00e7\u0131kmay\u0131 sa\u011flar. \u00c7ocukken ne kadar \u015fairle yolculu\u011fa \u00e7\u0131karsan\u0131z \u015fiire de o kadar yak\u0131n olursunuz. \u015eiire yak\u0131n durduk\u00e7a \u015fiir duygunuz geli\u015fti\u011fi gibi i\u00e7inizdeki \u015fair de uyanabilir.Tacettin \u015eim\u015fek, uzun y\u0131llar boyunca \u015fiir kozalar\u0131 \u00f6rd\u00fc. \u0130lkyaz Tatili\u2019nde onlarca \u015fiir kelebe\u011fini u\u00e7urdu sizler i\u00e7in. Bu \u015fiirleri okuduk\u00e7a daha uzun \u015fiir yolculuklar\u0131 yapmak isteyebilirsiniz. Kim bilir belki de \u015fiir yazmaya ba\u015flars\u0131n\u0131z. Bunun nedeni \u015fairin kitaptaki \u015fiirleri \u00e7ocuklarla konu\u015fur gibi yazm\u0131\u015f olmas\u0131d\u0131r. Tacettin \u015eim\u015fek\u2019in \u015eiir Okulu herkese a\u00e7\u0131k. Hem \u015fairin \u015fiirlerini okuyun hem de i\u00e7inizdeki \u015fair uyan\u0131nca \u015fiir yazmay\u0131 ertelemeyin.Mustafa Ruhi \u015eirin <\/p>\n","protected":false},"excerpt":{"rendered":"<p>\u00c7ocuklar i\u00e7in yaz\u0131lan \u015fiirler \u00e7ocuk ya\u015f\u0131nda \u015fiirlerdir. Bu \u015fiirlerdeki s\u00f6zc\u00fckler \u00e7ocuk gibi bakar d\u00fcnyaya. \u00c7ocuk gibi merak eder, \u00e7ocuk gibi hayal kurar, \u00e7ocuk gibi d\u00fc\u015f\u00fcn\u00fcr, \u00e7ocuk<span class=\"excerpt-hellip\"> [\u2026]<\/span><\/p>\n","protected":false},"featured_media":0,"template":"","meta":{"_monsterinsights_skip_tracking":false,"_monsterinsights_sitenote_active":false,"_monsterinsights_sitenote_note":"","_monsterinsights_sitenote_category":0},"product_brand":[],"product_cat":[12275,12274],"product_tag":[],"class_list":{"0":"post-711322","1":"product","2":"type-product","3":"status-publish","5":"product_cat-6-12-yas-kitaplari","6":"product_cat-cocuk-ve-genclik-kitaplari","7":"pa_cilt-ciltsiz","8":"pa_tur-kitap","9":"pa_yayinevi-ucan-at","10":"pa_yazar-tacettin-simsek","12":"first","13":"instock","14":"sale","15":"shipping-taxable","16":"purchasable","17":"product-type-simple"},"_links":{"self":[{"href":"https:\/\/roveyayinevi.com.tr\/index.php\/wp-json\/wp\/v2\/product\/711322","targetHints":{"allow":["GET"]}}],"collection":[{"href":"https:\/\/roveyayinevi.com.tr\/index.php\/wp-json\/wp\/v2\/product"}],"about":[{"href":"https:\/\/roveyayinevi.com.tr\/index.php\/wp-json\/wp\/v2\/types\/product"}],"wp:attachment":[{"href":"https:\/\/roveyayinevi.com.tr\/index.php\/wp-json\/wp\/v2\/media?parent=711322"}],"wp:term":[{"taxonomy":"product_brand","embeddable":true,"href":"https:\/\/roveyayinevi.com.tr\/index.php\/wp-json\/wp\/v2\/product_brand?post=711322"},{"taxonomy":"product_cat","embeddable":true,"href":"https:\/\/roveyayinevi.com.tr\/index.php\/wp-json\/wp\/v2\/product_cat?post=711322"},{"taxonomy":"product_tag","embeddable":true,"href":"https:\/\/roveyayinevi.com.tr\/index.php\/wp-json\/wp\/v2\/product_tag?post=711322"}],"curies":[{"name":"wp","href":"https:\/\/api.w.org\/{rel}","templated":true}]}}