{"id":711318,"date":"2025-08-27T16:44:17","date_gmt":"2025-08-27T13:44:17","guid":{"rendered":"https:\/\/roveyayinevi.com.tr\/index.php\/urun\/ilkcag-felsefesi-tarihi-2\/"},"modified":"2026-04-16T02:19:52","modified_gmt":"2026-04-15T23:19:52","slug":"ilkcag-felsefesi-tarihi-2","status":"publish","type":"product","link":"https:\/\/roveyayinevi.com.tr\/index.php\/urun\/ilkcag-felsefesi-tarihi-2\/","title":{"rendered":"\u0130lk\u00e7a\u011f Felsefesi Tarihi"},"content":{"rendered":"<p>\u00d6teden beri felsefe, bilimlerin \u00e7at\u0131s\u0131 olmaya lay\u0131k g\u00f6r\u00fclm\u00fc\u015f bir alan olmu\u015ftur. Bu, bilimler konusunda par\u00e7ac\u0131 yakla\u015f\u0131m\u0131 benimsemi\u015f olan bug\u00fcnk\u00fc anlay\u0131\u015f a\u00e7\u0131s\u0131ndan \u00e7ok de\u011ferli bir ilke gibi g\u00f6r\u00fcnmese de konu b\u00fct\u00fcnc\u00fcl yakla\u015f\u0131mla ele al\u0131nd\u0131\u011f\u0131nda do\u011fru bir bak\u0131\u015f a\u00e7\u0131s\u0131d\u0131r. \u00c7\u00fcnk\u00fc bir medeniyetin geri kalmas\u0131 ya da geli\u015fmesi b\u00fct\u00fcnl\u00fck arz eder. Bir yan\u0131 geride bir yan\u0131 ileride olmak \u00fczere X alan\u0131nda geri kalm\u0131\u015f Y alan\u0131nda ilerlemi\u015f bir medeniyetten s\u00f6z edilemez.B\u00fct\u00fcn alanlarda \u00fcretim \u00f6nce zihinde ba\u015flar. Zihin faaliyeti ise, hangi konuda olursa olsun bir t\u00fcr felsefedir. Bu nedenle akl\u0131n \u00fcretimi olan felsefeden uzak kalmak medeniyetleri geri b\u0131rakt\u0131\u011f\u0131 gibi, her alan\u0131n bir felsefesini olu\u015fturabilen medeniyetler, bu \u00fcretimlerden kendilerinin tercih ettikleri anlay\u0131\u015flar do\u011frultusunda geli\u015fme g\u00f6stermi\u015flerdir. K\u00fclt\u00fcr tarihinin derinliklerinde felsefeye geni\u015f yer ayr\u0131ld\u0131\u011f\u0131 zamanlarda g\u00fc\u00e7l\u00fc medeniyetler kurulmu\u015ftur. \u0130nsanlar\u0131n felsefeden uzakla\u015f\u0131p, onun uzak durulmas\u0131 gereken bir alan oldu\u011fu anlay\u0131\u015f\u0131n\u0131 benimsedikleri d\u00f6nemlerde ise medeniyet, bilim ve teknoloji sekteye u\u011fram\u0131\u015ft\u0131r.\u00d6te yandan ister sosyal bilimler, ister fen bilimleri olsun her t\u00fcr bilginin temelinde felsefe kendini g\u00f6stermektedir. Daha do\u011frusu felsefeyle desteklenen bilimler g\u00fc\u00e7l\u00fc olmakta, bu deste\u011fi reddeden veya bu destekten mahrum kalanlar geli\u015fememektedir. Bu ger\u00e7eklik g\u00fcn\u00fcm\u00fczde daha iyi fark edildi\u011fi i\u00e7in biyoloji felsefesi, ahlak felsefesi, t\u0131p felsefesi, matematik felsefesi, k\u00fclt\u00fcr felsefesi gibi \u00f6zel felsefi alanlar ortaya \u00e7\u0131km\u0131\u015ft\u0131r.B\u00fct\u00fcn bu felsefelerin ba\u015flang\u0131c\u0131nda ise \u0130lk\u00e7a\u011f felsefesi bulunmaktad\u0131r. \u00c7\u00fcnk\u00fc d\u00fc\u015f\u00fcncenin ge\u00e7mi\u015fi, gelece\u011fi planlamada vazge\u00e7ilmezdir. Bunu dikkate alarak hem felsefeyi sevdirmek, hem de okunur bir hale getirmek i\u00e7in bu \u00e7al\u0131\u015fmay\u0131 haz\u0131rlad\u0131k. \u00c7ok fazla ayr\u0131nt\u0131ya girmeden ve anla\u015f\u0131l\u0131r bir \u00fcslupla olu\u015fturdu\u011fumuz bu kitab\u0131n her ya\u015ftaki \u00f6\u011frenme merakl\u0131s\u0131na faydal\u0131 olaca\u011f\u0131 kanaatindeyiz. <\/p>\n","protected":false},"excerpt":{"rendered":"<p>\u00d6teden beri felsefe, bilimlerin \u00e7at\u0131s\u0131 olmaya lay\u0131k g\u00f6r\u00fclm\u00fc\u015f bir alan olmu\u015ftur. Bu, bilimler konusunda par\u00e7ac\u0131 yakla\u015f\u0131m\u0131 benimsemi\u015f olan bug\u00fcnk\u00fc anlay\u0131\u015f a\u00e7\u0131s\u0131ndan \u00e7ok de\u011ferli bir ilke gibi<span class=\"excerpt-hellip\"> [\u2026]<\/span><\/p>\n","protected":false},"featured_media":0,"template":"","meta":{"_monsterinsights_skip_tracking":false,"_monsterinsights_sitenote_active":false,"_monsterinsights_sitenote_note":"","_monsterinsights_sitenote_category":0},"product_brand":[],"product_cat":[12388],"product_tag":[],"class_list":{"0":"post-711318","1":"product","2":"type-product","3":"status-publish","5":"product_cat-felsefe","6":"pa_cilt-ciltsiz","7":"pa_tur-kitap","8":"pa_yayinevi-bilge-kultur-sanat","9":"pa_yazar-osman-elmali-omer-ozden","11":"first","12":"instock","13":"sale","14":"shipping-taxable","15":"purchasable","16":"product-type-simple"},"_links":{"self":[{"href":"https:\/\/roveyayinevi.com.tr\/index.php\/wp-json\/wp\/v2\/product\/711318","targetHints":{"allow":["GET"]}}],"collection":[{"href":"https:\/\/roveyayinevi.com.tr\/index.php\/wp-json\/wp\/v2\/product"}],"about":[{"href":"https:\/\/roveyayinevi.com.tr\/index.php\/wp-json\/wp\/v2\/types\/product"}],"wp:attachment":[{"href":"https:\/\/roveyayinevi.com.tr\/index.php\/wp-json\/wp\/v2\/media?parent=711318"}],"wp:term":[{"taxonomy":"product_brand","embeddable":true,"href":"https:\/\/roveyayinevi.com.tr\/index.php\/wp-json\/wp\/v2\/product_brand?post=711318"},{"taxonomy":"product_cat","embeddable":true,"href":"https:\/\/roveyayinevi.com.tr\/index.php\/wp-json\/wp\/v2\/product_cat?post=711318"},{"taxonomy":"product_tag","embeddable":true,"href":"https:\/\/roveyayinevi.com.tr\/index.php\/wp-json\/wp\/v2\/product_tag?post=711318"}],"curies":[{"name":"wp","href":"https:\/\/api.w.org\/{rel}","templated":true}]}}