{"id":711317,"date":"2025-08-27T16:44:16","date_gmt":"2025-08-27T13:44:16","guid":{"rendered":"https:\/\/roveyayinevi.com.tr\/index.php\/urun\/reklamcilik-kitabi\/"},"modified":"2026-04-16T02:19:52","modified_gmt":"2026-04-15T23:19:52","slug":"reklamcilik-kitabi","status":"publish","type":"product","link":"https:\/\/roveyayinevi.com.tr\/index.php\/urun\/reklamcilik-kitabi\/","title":{"rendered":"Reklamc\u0131l\u0131k Kitab\u0131"},"content":{"rendered":"<p>Bu kitab\u0131n ad\u0131n\u0131 Reklamc\u0131l\u0131k Kitab\u0131 olarak tespit ettim. G\u00fc\u00acn\u00fcm\u00fczdeki etkisi ve g\u00fcc\u00fc g\u00f6z \u00f6n\u00fcne al\u0131nd\u0131\u011f\u0131nda reklam, hem \u00fclkemizin hem de d\u00fcnyan\u0131n merkezine oturmu\u015f bir realitedir. Reklams\u0131z ya\u015fanamad\u0131\u011f\u0131 gibi reklam\u0131n g\u00fcc\u00fcn\u00fcn k\u00f6t\u00fcye kullan\u0131l\u00acmas\u0131 halinde, haks\u0131z rekabetten tutun da \u00fclkelerin siyas\u00ee ve fizik\u00ee yap\u0131lar\u0131n\u0131 de\u011fi\u015ftirmeye kadar uzanmaktad\u0131r. Maneviyat\u00e7\u0131l\u0131k ad\u0131-na reklam\u0131 \u201ckapitalizm\u201din bir \u00fcr\u00fcn\u00fc olarak g\u00f6r\u00fcp, onu g\u00f6rmez\u00acden gelmek m\u00fcmk\u00fcn olmad\u0131\u011f\u0131na g\u00f6re, medeniyet de\u011ferlerimiz\u00acden hareketle bu olguya bir \u00e7\u0131k\u0131\u015f yolu bulmak durumunday\u0131z. Reklamc\u0131l\u0131k Kitab\u0131 bu duygularla ve d\u00fc\u015f\u00fcncelerle okuyucunun be\u011fenisine sunulmu\u015ftur. <\/p>\n","protected":false},"excerpt":{"rendered":"<p>Bu kitab\u0131n ad\u0131n\u0131 Reklamc\u0131l\u0131k Kitab\u0131 olarak tespit ettim. G\u00fc\u00acn\u00fcm\u00fczdeki etkisi ve g\u00fcc\u00fc g\u00f6z \u00f6n\u00fcne al\u0131nd\u0131\u011f\u0131nda reklam, hem \u00fclkemizin hem de d\u00fcnyan\u0131n merkezine oturmu\u015f bir realitedir. Reklams\u0131z<span class=\"excerpt-hellip\"> [\u2026]<\/span><\/p>\n","protected":false},"featured_media":0,"template":"","meta":{"_monsterinsights_skip_tracking":false,"_monsterinsights_sitenote_active":false,"_monsterinsights_sitenote_note":"","_monsterinsights_sitenote_category":0},"product_brand":[],"product_cat":[13043,17647],"product_tag":[],"class_list":{"0":"post-711317","1":"product","2":"type-product","3":"status-publish","5":"product_cat-ekonomi","6":"product_cat-is-dunyasi","7":"pa_cilt-ciltsiz","8":"pa_tur-kitap","9":"pa_yayinevi-bilge-kultur-sanat","10":"pa_yazar-isa-kayaalp","12":"first","13":"instock","14":"sale","15":"shipping-taxable","16":"purchasable","17":"product-type-simple"},"_links":{"self":[{"href":"https:\/\/roveyayinevi.com.tr\/index.php\/wp-json\/wp\/v2\/product\/711317","targetHints":{"allow":["GET"]}}],"collection":[{"href":"https:\/\/roveyayinevi.com.tr\/index.php\/wp-json\/wp\/v2\/product"}],"about":[{"href":"https:\/\/roveyayinevi.com.tr\/index.php\/wp-json\/wp\/v2\/types\/product"}],"wp:attachment":[{"href":"https:\/\/roveyayinevi.com.tr\/index.php\/wp-json\/wp\/v2\/media?parent=711317"}],"wp:term":[{"taxonomy":"product_brand","embeddable":true,"href":"https:\/\/roveyayinevi.com.tr\/index.php\/wp-json\/wp\/v2\/product_brand?post=711317"},{"taxonomy":"product_cat","embeddable":true,"href":"https:\/\/roveyayinevi.com.tr\/index.php\/wp-json\/wp\/v2\/product_cat?post=711317"},{"taxonomy":"product_tag","embeddable":true,"href":"https:\/\/roveyayinevi.com.tr\/index.php\/wp-json\/wp\/v2\/product_tag?post=711317"}],"curies":[{"name":"wp","href":"https:\/\/api.w.org\/{rel}","templated":true}]}}