{"id":711312,"date":"2025-08-27T16:44:14","date_gmt":"2025-08-27T13:44:14","guid":{"rendered":"https:\/\/roveyayinevi.com.tr\/index.php\/urun\/cennetin-sahipleri\/"},"modified":"2026-04-16T02:19:52","modified_gmt":"2026-04-15T23:19:52","slug":"cennetin-sahipleri","status":"publish","type":"product","link":"https:\/\/roveyayinevi.com.tr\/index.php\/urun\/cennetin-sahipleri\/","title":{"rendered":"Cennetin Sahipleri"},"content":{"rendered":"<p>\u00d6d\u00fcll\u00fc ill\u00fcstrat\u00f6r, yazar \u015eafak Okdemir, yeni kitab\u0131 Cennetin Sahipleri\u2019nde, insan eliyle yok olma tehlikesiyle kar\u015f\u0131 kar\u015f\u0131ya kalan harikulade bir cenneti, cennetteki hayat\u0131n\u0131, hi\u00e7 unutamad\u0131\u011f\u0131 an\u0131lar\u0131n\u0131 ve bu e\u015fsiz topraklar\u0131n ger\u00e7ek sahiplerini anlat\u0131yor. Yirmi y\u0131l\u0131 a\u015fk\u0131n bir s\u00fcre \u00f6nce, g\u00f6zlerden uzak, do\u011fayla i\u00e7 i\u00e7e yeni bir ya\u015fam s\u00fcrme umuduyla \u0130stanbul\u2019dan T\u00fcrkiye\u2019nin cennet k\u00f6\u015felerden birine yerle\u015fen Okdemir\u2019in, an\u0131-roman t\u00fcr\u00fcndeki bu s\u00fcr\u00fckleyici eseri, okurlar\u0131n\u0131, b\u00fcy\u00fck kentlerin karga\u015fas\u0131ndan uzakla\u015fmaya \u00e7al\u0131\u015fan do\u011fa sevdal\u0131s\u0131 insanlar\u0131n cesur ve ilham verici hayat m\u00fccadelesine ortak ediyor. I\u015f\u0131k \u00dclkesi\u2019nin d\u00fc\u015fleri s\u00fcsleyen cennet topraklar\u0131n\u0131 adeta bir g\u00fcnce tad\u0131nda ka\u011f\u0131da d\u00f6ken \u015eafak Okdemir\u2019e, yaz\u0131n ser\u00fcveni boyunca, elinde kalemiyle minik fare Tanci e\u015flik ediyor. Ola\u011fan\u00fcst\u00fc g\u00f6rsel kompozisyonlar yaratmadaki ustal\u0131\u011f\u0131n\u0131 bu kez, duru bir anlat\u0131 olu\u015fturmada konu\u015fturan yazar, Akdeniz\u2019deki bu cennet par\u00e7as\u0131n\u0131 tehdit eden unsurlar\u0131 bir bir a\u00e7\u0131\u011fa \u00e7\u0131kar\u0131yor.  B\u00fcy\u00fcl\u00fc bir cennetin, k\u0131sac\u0131k zamanda, kendi sakinlerinin eliyle nas\u0131l bir cehenneme d\u00f6n\u00fc\u015ft\u00fc\u011f\u00fcn\u00fc g\u00f6zler \u00f6n\u00fcne seren Okdemir, kitapseverleri, dostlar\u0131yla birlikte verdi\u011fi zorlu m\u00fccadelenin hik\u00e2yesiyle bulu\u015fturarak, cennetin ve onun sahiplerinin sesi, nefesi oluyor.    D\u00fcnyam\u0131z bir cennet. Cennetin sahipleri ise o g\u00fczelli\u011fin bek\u00e7ileri.  Cennet kollar\u0131n\u0131 a\u00e7\u0131p bir hayat sundu\u011funda hi\u00e7bir kar\u015f\u0131l\u0131k beklemez. Yaln\u0131zca g\u00f6r\u00fclebilmeyi ister. Cehennemse, insan eliyle kurulur. \u00dcstelik cennetin kalbinin tam ortas\u0131nda\u2026 <\/p>\n","protected":false},"excerpt":{"rendered":"<p>\u00d6d\u00fcll\u00fc ill\u00fcstrat\u00f6r, yazar \u015eafak Okdemir, yeni kitab\u0131 Cennetin Sahipleri\u2019nde, insan eliyle yok olma tehlikesiyle kar\u015f\u0131 kar\u015f\u0131ya kalan harikulade bir cenneti, cennetteki hayat\u0131n\u0131, hi\u00e7 unutamad\u0131\u011f\u0131 an\u0131lar\u0131n\u0131 ve<span class=\"excerpt-hellip\"> [\u2026]<\/span><\/p>\n","protected":false},"featured_media":0,"template":"","meta":{"_monsterinsights_skip_tracking":false,"_monsterinsights_sitenote_active":false,"_monsterinsights_sitenote_note":"","_monsterinsights_sitenote_category":0},"product_brand":[],"product_cat":[12275,12274],"product_tag":[],"class_list":{"0":"post-711312","1":"product","2":"type-product","3":"status-publish","5":"product_cat-6-12-yas-kitaplari","6":"product_cat-cocuk-ve-genclik-kitaplari","7":"pa_cilt-ciltsiz","8":"pa_tur-kitap","9":"pa_yayinevi-tudem-yayinlari","10":"pa_yazar-safak-okdemir","12":"first","13":"instock","14":"sale","15":"shipping-taxable","16":"purchasable","17":"product-type-simple"},"_links":{"self":[{"href":"https:\/\/roveyayinevi.com.tr\/index.php\/wp-json\/wp\/v2\/product\/711312","targetHints":{"allow":["GET"]}}],"collection":[{"href":"https:\/\/roveyayinevi.com.tr\/index.php\/wp-json\/wp\/v2\/product"}],"about":[{"href":"https:\/\/roveyayinevi.com.tr\/index.php\/wp-json\/wp\/v2\/types\/product"}],"wp:attachment":[{"href":"https:\/\/roveyayinevi.com.tr\/index.php\/wp-json\/wp\/v2\/media?parent=711312"}],"wp:term":[{"taxonomy":"product_brand","embeddable":true,"href":"https:\/\/roveyayinevi.com.tr\/index.php\/wp-json\/wp\/v2\/product_brand?post=711312"},{"taxonomy":"product_cat","embeddable":true,"href":"https:\/\/roveyayinevi.com.tr\/index.php\/wp-json\/wp\/v2\/product_cat?post=711312"},{"taxonomy":"product_tag","embeddable":true,"href":"https:\/\/roveyayinevi.com.tr\/index.php\/wp-json\/wp\/v2\/product_tag?post=711312"}],"curies":[{"name":"wp","href":"https:\/\/api.w.org\/{rel}","templated":true}]}}