{"id":711308,"date":"2025-08-27T16:44:11","date_gmt":"2025-08-27T13:44:11","guid":{"rendered":"https:\/\/roveyayinevi.com.tr\/index.php\/urun\/ben-celile-nazim-hikmetin-annesi\/"},"modified":"2026-04-16T02:19:52","modified_gmt":"2026-04-15T23:19:52","slug":"ben-celile-nazim-hikmetin-annesi","status":"publish","type":"product","link":"https:\/\/roveyayinevi.com.tr\/index.php\/urun\/ben-celile-nazim-hikmetin-annesi\/","title":{"rendered":"Ben Celile Naz\u0131m Hikmet&#8217;in Annesi"},"content":{"rendered":"<p>ELA G\u00d6ZL\u00dc PARS CEL\u0130LE adl\u0131 roman\u0131yla y\u00fcz binden fazla okurun be\u011fenisini ve ilgisini kazanan yazar Osman Balc\u0131gil\u2019den gen\u00e7ler i\u00e7in e\u015fsiz bir tarihi roman&#8230; D\u00fcnyaca \u00fcnl\u00fc \u015fairimiz N\u00e2z\u0131m Hikmet ile cezaevi g\u00fcnleri ve s\u00fcrg\u00fcnleri boyunca b\u00fcy\u00fck deste\u011fini g\u00f6rd\u00fc\u011f\u00fc ressam annesi Celile\u2019nin ya\u015fam\u00f6yk\u00fcs\u00fcn\u00fc  anlatan BEN CEL\u0130LE N\u00c2ZIM H\u0130KMET\u2019\u0130N ANNES\u0130 yal\u0131n dili ve s\u00fcr\u00fckleyici kurgusuyla gen\u00e7ler i\u00e7in kaleme al\u0131nd\u0131. N\u00e2z\u0131m Hikmet, 1902 y\u0131l\u0131nda d\u00fcnyaya geldi\u011finde Celile Han\u0131m hen\u00fcz 22 ya\u015f\u0131ndayd\u0131. \u0130lerleyen zamanlarda cezaevinde a\u00e7l\u0131k grevine giden o\u011flunu kurtarmak i\u00e7in Celile Han\u0131m\u2019\u0131n sokaklarda ba\u015flatt\u0131\u011f\u0131 imza kampanyas\u0131yla yaratt\u0131\u011f\u0131 yank\u0131, uzun y\u0131llar zihinlerden silinmedi. Her sayfas\u0131 duygu, tarih, azim, ilham, yetenek, inan\u00e7 ve bilin\u00e7 dolu BEN CEL\u0130LE N\u00c2ZIM H\u0130KMET\u2019\u0130N ANNES\u0130  elinizden b\u0131rakmak istemeyece\u011finiz bir roman&#8230; <\/p>\n","protected":false},"excerpt":{"rendered":"<p>ELA G\u00d6ZL\u00dc PARS CEL\u0130LE adl\u0131 roman\u0131yla y\u00fcz binden fazla okurun be\u011fenisini ve ilgisini kazanan yazar Osman Balc\u0131gil\u2019den gen\u00e7ler i\u00e7in e\u015fsiz bir tarihi roman&#8230; D\u00fcnyaca \u00fcnl\u00fc \u015fairimiz<span class=\"excerpt-hellip\"> [\u2026]<\/span><\/p>\n","protected":false},"featured_media":0,"template":"","meta":{"_monsterinsights_skip_tracking":false,"_monsterinsights_sitenote_active":false,"_monsterinsights_sitenote_note":"","_monsterinsights_sitenote_category":0},"product_brand":[],"product_cat":[13701,12291],"product_tag":[],"class_list":{"0":"post-711308","1":"product","2":"type-product","3":"status-publish","5":"product_cat-ani-mektup-gunluk","6":"product_cat-edebiyat","7":"pa_cilt-ciltsiz","8":"pa_tur-kitap","9":"pa_yayinevi-destek-yayinlari","10":"pa_yazar-osman-balcigil","12":"first","13":"instock","14":"sale","15":"shipping-taxable","16":"purchasable","17":"product-type-simple"},"_links":{"self":[{"href":"https:\/\/roveyayinevi.com.tr\/index.php\/wp-json\/wp\/v2\/product\/711308","targetHints":{"allow":["GET"]}}],"collection":[{"href":"https:\/\/roveyayinevi.com.tr\/index.php\/wp-json\/wp\/v2\/product"}],"about":[{"href":"https:\/\/roveyayinevi.com.tr\/index.php\/wp-json\/wp\/v2\/types\/product"}],"wp:attachment":[{"href":"https:\/\/roveyayinevi.com.tr\/index.php\/wp-json\/wp\/v2\/media?parent=711308"}],"wp:term":[{"taxonomy":"product_brand","embeddable":true,"href":"https:\/\/roveyayinevi.com.tr\/index.php\/wp-json\/wp\/v2\/product_brand?post=711308"},{"taxonomy":"product_cat","embeddable":true,"href":"https:\/\/roveyayinevi.com.tr\/index.php\/wp-json\/wp\/v2\/product_cat?post=711308"},{"taxonomy":"product_tag","embeddable":true,"href":"https:\/\/roveyayinevi.com.tr\/index.php\/wp-json\/wp\/v2\/product_tag?post=711308"}],"curies":[{"name":"wp","href":"https:\/\/api.w.org\/{rel}","templated":true}]}}