{"id":711306,"date":"2025-08-27T16:44:10","date_gmt":"2025-08-27T13:44:10","guid":{"rendered":"https:\/\/roveyayinevi.com.tr\/index.php\/urun\/kodes\/"},"modified":"2026-04-16T02:19:52","modified_gmt":"2026-04-15T23:19:52","slug":"kodes","status":"publish","type":"product","link":"https:\/\/roveyayinevi.com.tr\/index.php\/urun\/kodes\/","title":{"rendered":"Kodes"},"content":{"rendered":"<p>Kodes\u2019in ba\u015fkarakteri Lazare Vilain, Frans\u0131z Rivieras\u0131\u2019n\u0131n sa\u011flam kavgac\u0131lar\u0131ndan, genelev fedailerinden, soyguncular\u0131ndan ve katillerinden, m\u00fcptezellerinden ve m\u00fcptelalar\u0131ndan olu\u015fan ilk ve tek felsefe okulunu kurdu\u011funu hayal eder. Onlarla her g\u00fcn Kant\u2019\u0131, Marx\u2019\u0131, Sokrates\u2019i, Sartre\u2019\u0131, Schopenhauer\u2019i, erdemi, cesareti, \u00f6l\u00fcm\u00fc, a\u015fk\u0131 tart\u0131\u015f\u0131r. Onun i\u00e7in \u201chayat yeniden lezzetlenmi\u015f, ciddiye al\u0131nmayacak bir oyun haline gelmi\u015ftir.\u201d Ancak yan\u0131l\u0131r. Bu oyun hayat\u0131n\u0131 alt\u00fcst etmeye ba\u015flar ve \u00f6n\u00fcn\u00fc alamad\u0131\u011f\u0131 bir karma\u015fan\u0131n i\u00e7ine s\u00fcr\u00fcklenir; en k\u00f6t\u00fcs\u00fc de kar\u015f\u0131 \u00e7\u0131kt\u0131\u011f\u0131 \u015feyin kendisine d\u00f6n\u00fc\u015fecek olmas\u0131d\u0131r.   Kodes N\u00eemes Hapishanesi\u2019nde felsefe at\u00f6lyeleri d\u00fczenlemesi i\u00e7in gelen teklifi hemen kabul eden bir felsefe hocas\u0131n\u0131n, Lazare Vilain\u2019in deri de\u011fi\u015ftirme hik\u00e2yesidir. Felsefeyi kodese ta\u015f\u0131mak onun i\u00e7in felsefeyi anayurduna geri g\u00f6t\u00fcrmektir. Orada felsefe yaln\u0131zca \u201ckentli entelekt\u00fcelleri\u201d ilgilendiren bir u\u011fra\u015f olmaktan \u00e7\u0131kacakt\u0131r. Peki, Lazare Vilain\u2019i harekete ge\u00e7iren nedir?   \u201cSeni canland\u0131ran nedir, hocam? Seni, Lazare Vilain\u2019i hayatta tutan? Bize neden bula\u015f\u0131yorsun? Kimsin sen? Bunun bir e\u011flence oldu\u011funu mu san\u0131yorsun? Hayat\u0131n bir oyun oldu\u011funu falan\u2026 Hay\u0131r, hayat bir oyun de\u011fil\u2026 Bir sava\u015f, bir s\u0131n\u0131f sava\u015f\u0131 ve benim kocam bu u\u011furda can\u0131n\u0131 verdi (\u2026) Sana bir \u015fey s\u00f6yleyeyim mi\u2026 Bir z\u00fcppe gibi dald\u0131n bu i\u015fe; herhalde sefaletin en \u00f6n s\u0131ralar\u0131nda oturmak tatl\u0131 geldi (\u2026) Bir burjuvaya d\u00f6n\u00fc\u015f\u00fcyorsun, olan bu. Yasad\u0131\u015f\u0131 bir burjuvas\u0131n, ama neticede bir burjuvas\u0131n.\u201d <\/p>\n","protected":false},"excerpt":{"rendered":"<p>Kodes\u2019in ba\u015fkarakteri Lazare Vilain, Frans\u0131z Rivieras\u0131\u2019n\u0131n sa\u011flam kavgac\u0131lar\u0131ndan, genelev fedailerinden, soyguncular\u0131ndan ve katillerinden, m\u00fcptezellerinden ve m\u00fcptelalar\u0131ndan olu\u015fan ilk ve tek felsefe okulunu kurdu\u011funu hayal eder. Onlarla<span class=\"excerpt-hellip\"> [\u2026]<\/span><\/p>\n","protected":false},"featured_media":0,"template":"","meta":{"_monsterinsights_skip_tracking":false,"_monsterinsights_sitenote_active":false,"_monsterinsights_sitenote_note":"","_monsterinsights_sitenote_category":0},"product_brand":[],"product_cat":[12291,12711],"product_tag":[],"class_list":{"0":"post-711306","1":"product","2":"type-product","3":"status-publish","5":"product_cat-edebiyat","6":"product_cat-roman-oyku","7":"pa_cilt-ciltsiz","8":"pa_tur-kitap","9":"pa_yayinevi-kolektif-kitap","10":"pa_yazar-alain-guyard","12":"first","13":"instock","14":"sale","15":"shipping-taxable","16":"purchasable","17":"product-type-simple"},"_links":{"self":[{"href":"https:\/\/roveyayinevi.com.tr\/index.php\/wp-json\/wp\/v2\/product\/711306","targetHints":{"allow":["GET"]}}],"collection":[{"href":"https:\/\/roveyayinevi.com.tr\/index.php\/wp-json\/wp\/v2\/product"}],"about":[{"href":"https:\/\/roveyayinevi.com.tr\/index.php\/wp-json\/wp\/v2\/types\/product"}],"wp:attachment":[{"href":"https:\/\/roveyayinevi.com.tr\/index.php\/wp-json\/wp\/v2\/media?parent=711306"}],"wp:term":[{"taxonomy":"product_brand","embeddable":true,"href":"https:\/\/roveyayinevi.com.tr\/index.php\/wp-json\/wp\/v2\/product_brand?post=711306"},{"taxonomy":"product_cat","embeddable":true,"href":"https:\/\/roveyayinevi.com.tr\/index.php\/wp-json\/wp\/v2\/product_cat?post=711306"},{"taxonomy":"product_tag","embeddable":true,"href":"https:\/\/roveyayinevi.com.tr\/index.php\/wp-json\/wp\/v2\/product_tag?post=711306"}],"curies":[{"name":"wp","href":"https:\/\/api.w.org\/{rel}","templated":true}]}}