{"id":711304,"date":"2025-08-27T16:44:09","date_gmt":"2025-08-27T13:44:09","guid":{"rendered":"https:\/\/roveyayinevi.com.tr\/index.php\/urun\/donusum-15\/"},"modified":"2026-04-16T02:19:51","modified_gmt":"2026-04-15T23:19:51","slug":"donusum-15","status":"publish","type":"product","link":"https:\/\/roveyayinevi.com.tr\/index.php\/urun\/donusum-15\/","title":{"rendered":"D\u00f6n\u00fc\u015f\u00fcm"},"content":{"rendered":"<p>Gregor Samsa bir sabah s\u0131k\u0131nt\u0131l\u0131 d\u00fc\u015flerden uyand\u0131\u011f\u0131nda, kendini yata\u011f\u0131nda dev bir b\u00f6ce\u011fe d\u00f6n\u00fc\u015fm\u00fc\u015f olarak buldu\u2026 T\u00fcm bunlara ra\u011fmen Gregor \u00e7ok sakindi. \u0130nsanlar onun ne dedi\u011fini anlam\u0131yor olabilirlerdi ama kendisi sesinin anla\u015f\u0131l\u0131r oldu\u011funu, hatta eskisinden daha anla\u015f\u0131l\u0131r oldu\u011funu d\u00fc\u015f\u00fcn\u00fcyordu, belki de kulaklar\u0131 bu sese al\u0131\u015fm\u0131\u015ft\u0131. Ancak en az\u0131ndan art\u0131k bir \u015feylerin yolunda olmad\u0131\u011f\u0131n\u0131 d\u00fc\u015f\u00fcn\u00fcyorlard\u0131 ve yard\u0131m etmeye haz\u0131rd\u0131lar. \u0130lk tepkilerin getirdi\u011fi g\u00fcven duygusu ve kararl\u0131l\u0131k iyi hissetmesini sa\u011flad\u0131. <\/p>\n","protected":false},"excerpt":{"rendered":"<p>Gregor Samsa bir sabah s\u0131k\u0131nt\u0131l\u0131 d\u00fc\u015flerden uyand\u0131\u011f\u0131nda, kendini yata\u011f\u0131nda dev bir b\u00f6ce\u011fe d\u00f6n\u00fc\u015fm\u00fc\u015f olarak buldu\u2026 T\u00fcm bunlara ra\u011fmen Gregor \u00e7ok sakindi. \u0130nsanlar onun ne dedi\u011fini anlam\u0131yor<span class=\"excerpt-hellip\"> [\u2026]<\/span><\/p>\n","protected":false},"featured_media":0,"template":"","meta":{"_monsterinsights_skip_tracking":false,"_monsterinsights_sitenote_active":false,"_monsterinsights_sitenote_note":"","_monsterinsights_sitenote_category":0},"product_brand":[],"product_cat":[12291,13872],"product_tag":[],"class_list":{"0":"post-711304","1":"product","2":"type-product","3":"status-publish","5":"product_cat-edebiyat","6":"product_cat-klasikler","7":"pa_cilt-ciltsiz","8":"pa_tur-kitap","9":"pa_yayinevi-fark-yayinlari","10":"pa_yazar-franz-kafka","12":"first","13":"instock","14":"sale","15":"shipping-taxable","16":"purchasable","17":"product-type-simple"},"_links":{"self":[{"href":"https:\/\/roveyayinevi.com.tr\/index.php\/wp-json\/wp\/v2\/product\/711304","targetHints":{"allow":["GET"]}}],"collection":[{"href":"https:\/\/roveyayinevi.com.tr\/index.php\/wp-json\/wp\/v2\/product"}],"about":[{"href":"https:\/\/roveyayinevi.com.tr\/index.php\/wp-json\/wp\/v2\/types\/product"}],"wp:attachment":[{"href":"https:\/\/roveyayinevi.com.tr\/index.php\/wp-json\/wp\/v2\/media?parent=711304"}],"wp:term":[{"taxonomy":"product_brand","embeddable":true,"href":"https:\/\/roveyayinevi.com.tr\/index.php\/wp-json\/wp\/v2\/product_brand?post=711304"},{"taxonomy":"product_cat","embeddable":true,"href":"https:\/\/roveyayinevi.com.tr\/index.php\/wp-json\/wp\/v2\/product_cat?post=711304"},{"taxonomy":"product_tag","embeddable":true,"href":"https:\/\/roveyayinevi.com.tr\/index.php\/wp-json\/wp\/v2\/product_tag?post=711304"}],"curies":[{"name":"wp","href":"https:\/\/api.w.org\/{rel}","templated":true}]}}