{"id":711302,"date":"2025-08-27T16:44:08","date_gmt":"2025-08-27T13:44:08","guid":{"rendered":"https:\/\/roveyayinevi.com.tr\/index.php\/urun\/dava-8\/"},"modified":"2026-04-16T02:19:51","modified_gmt":"2026-04-15T23:19:51","slug":"dava-8","status":"publish","type":"product","link":"https:\/\/roveyayinevi.com.tr\/index.php\/urun\/dava-8\/","title":{"rendered":"Dava"},"content":{"rendered":"<p>Birisi Josef K. hakk\u0131nda yalan s\u00f6yl\u00fcyor olmal\u0131yd\u0131. Yanl\u0131\u015f bir \u015fey yapmad\u0131\u011f\u0131n\u0131 biliyordu, ancak bir sabah tutuklanm\u0131\u015ft\u0131\u2026 \u201c\u015eu an bir \u015fey s\u00f6yleyemeyiz. Odan\u0131za girip orada bekleyin. Resmi prosed\u00fcrler devam ediyor ve her \u015feyi k\u0131sa bir s\u00fcre sonra \u00f6\u011freneceksiniz. Size kar\u015f\u0131 bu kadar a\u00e7\u0131k olmam bile kurallara uygun de\u011fil ancak umar\u0131m, Franz d\u0131\u015f\u0131nda kimse bunu \u00f6\u011frenmez ki zaten Franz da size kar\u015f\u0131 olmas\u0131 gerekti\u011finden daha arkada\u015f\u00e7a davrand\u0131 ve bu da kurallara uygun de\u011fil. E\u011fer sizi g\u00f6zlemeye biz geldi\u011fimiz i\u00e7in yakalad\u0131\u011f\u0131n\u0131z \u015fans\u0131n\u0131z devam ederse bu soru\u015fturman\u0131n sizin i\u00e7in iyi sonu\u00e7lanaca\u011f\u0131n\u0131 d\u00fc\u015f\u00fcnmeye ba\u015flayabilirsiniz.\u201d <\/p>\n","protected":false},"excerpt":{"rendered":"<p>Birisi Josef K. hakk\u0131nda yalan s\u00f6yl\u00fcyor olmal\u0131yd\u0131. Yanl\u0131\u015f bir \u015fey yapmad\u0131\u011f\u0131n\u0131 biliyordu, ancak bir sabah tutuklanm\u0131\u015ft\u0131\u2026 \u201c\u015eu an bir \u015fey s\u00f6yleyemeyiz. Odan\u0131za girip orada bekleyin. Resmi<span class=\"excerpt-hellip\"> [\u2026]<\/span><\/p>\n","protected":false},"featured_media":0,"template":"","meta":{"_monsterinsights_skip_tracking":false,"_monsterinsights_sitenote_active":false,"_monsterinsights_sitenote_note":"","_monsterinsights_sitenote_category":0},"product_brand":[],"product_cat":[12291,13872],"product_tag":[],"class_list":{"0":"post-711302","1":"product","2":"type-product","3":"status-publish","5":"product_cat-edebiyat","6":"product_cat-klasikler","7":"pa_cilt-ciltsiz","8":"pa_tur-kitap","9":"pa_yayinevi-fark-yayinlari","10":"pa_yazar-franz-kafka","12":"first","13":"instock","14":"sale","15":"shipping-taxable","16":"purchasable","17":"product-type-simple"},"_links":{"self":[{"href":"https:\/\/roveyayinevi.com.tr\/index.php\/wp-json\/wp\/v2\/product\/711302","targetHints":{"allow":["GET"]}}],"collection":[{"href":"https:\/\/roveyayinevi.com.tr\/index.php\/wp-json\/wp\/v2\/product"}],"about":[{"href":"https:\/\/roveyayinevi.com.tr\/index.php\/wp-json\/wp\/v2\/types\/product"}],"wp:attachment":[{"href":"https:\/\/roveyayinevi.com.tr\/index.php\/wp-json\/wp\/v2\/media?parent=711302"}],"wp:term":[{"taxonomy":"product_brand","embeddable":true,"href":"https:\/\/roveyayinevi.com.tr\/index.php\/wp-json\/wp\/v2\/product_brand?post=711302"},{"taxonomy":"product_cat","embeddable":true,"href":"https:\/\/roveyayinevi.com.tr\/index.php\/wp-json\/wp\/v2\/product_cat?post=711302"},{"taxonomy":"product_tag","embeddable":true,"href":"https:\/\/roveyayinevi.com.tr\/index.php\/wp-json\/wp\/v2\/product_tag?post=711302"}],"curies":[{"name":"wp","href":"https:\/\/api.w.org\/{rel}","templated":true}]}}