{"id":711300,"date":"2025-08-27T16:44:07","date_gmt":"2025-08-27T13:44:07","guid":{"rendered":"https:\/\/roveyayinevi.com.tr\/index.php\/urun\/kucuk-kara-balik-10\/"},"modified":"2026-04-16T02:19:51","modified_gmt":"2026-04-15T23:19:51","slug":"kucuk-kara-balik-10","status":"publish","type":"product","link":"https:\/\/roveyayinevi.com.tr\/index.php\/urun\/kucuk-kara-balik-10\/","title":{"rendered":"K\u00fc\u00e7\u00fck Kara Bal\u0131k"},"content":{"rendered":"<p>\u00c7ok eski zamanlarda, annesiyle birlikte bir da\u011f k\u0131y\u0131s\u0131ndaki k\u00fc\u00e7\u00fck bir \u0131rmakta ya\u015fayan k\u00fc\u00e7\u00fck bir Kara Bal\u0131k varm\u0131\u015f. Evleri, geceleri alt\u0131nda uyuduklar\u0131, yosunlarla kapl\u0131, siyah bir kayan\u0131n arkas\u0131ndaym\u0131\u015f. K\u00fc\u00e7\u00fck Kara Bal\u0131k, ay \u0131\u015f\u0131\u011f\u0131n\u0131 bir kez bile olsa evlerinde g\u00f6rmenin \u00f6zlemiyle ya\u015farm\u0131\u015f. Anne ve K\u00fc\u00e7\u00fck Bal\u0131k sabahtan ak\u015fama kadar birlikte y\u00fczerlermi\u015f. Bazen di\u011fer bal\u0131klara kat\u0131l\u0131r, k\u00fc\u00e7\u00fck yar\u0131klara girip \u00e7\u0131karlarm\u0131\u015f. K\u00fc\u00e7\u00fck Bal\u0131k annesinin b\u0131rakt\u0131\u011f\u0131 on bin yumurtadan hayatta kalan tek yavruymu\u015f\u2026 \ufffcTan\u0131t\u0131m Metni<\/p>\n","protected":false},"excerpt":{"rendered":"<p>\u00c7ok eski zamanlarda, annesiyle birlikte bir da\u011f k\u0131y\u0131s\u0131ndaki k\u00fc\u00e7\u00fck bir \u0131rmakta ya\u015fayan k\u00fc\u00e7\u00fck bir Kara Bal\u0131k varm\u0131\u015f. Evleri, geceleri alt\u0131nda uyuduklar\u0131, yosunlarla kapl\u0131, siyah bir kayan\u0131n<span class=\"excerpt-hellip\"> [\u2026]<\/span><\/p>\n","protected":false},"featured_media":0,"template":"","meta":{"_monsterinsights_skip_tracking":false,"_monsterinsights_sitenote_active":false,"_monsterinsights_sitenote_note":"","_monsterinsights_sitenote_category":0},"product_brand":[],"product_cat":[12275,12274],"product_tag":[],"class_list":{"0":"post-711300","1":"product","2":"type-product","3":"status-publish","5":"product_cat-6-12-yas-kitaplari","6":"product_cat-cocuk-ve-genclik-kitaplari","7":"pa_cilt-ciltsiz","8":"pa_tur-kitap","9":"pa_yayinevi-fark-yayinlari","10":"pa_yazar-samed-behrengi","12":"first","13":"instock","14":"sale","15":"shipping-taxable","16":"purchasable","17":"product-type-simple"},"_links":{"self":[{"href":"https:\/\/roveyayinevi.com.tr\/index.php\/wp-json\/wp\/v2\/product\/711300","targetHints":{"allow":["GET"]}}],"collection":[{"href":"https:\/\/roveyayinevi.com.tr\/index.php\/wp-json\/wp\/v2\/product"}],"about":[{"href":"https:\/\/roveyayinevi.com.tr\/index.php\/wp-json\/wp\/v2\/types\/product"}],"wp:attachment":[{"href":"https:\/\/roveyayinevi.com.tr\/index.php\/wp-json\/wp\/v2\/media?parent=711300"}],"wp:term":[{"taxonomy":"product_brand","embeddable":true,"href":"https:\/\/roveyayinevi.com.tr\/index.php\/wp-json\/wp\/v2\/product_brand?post=711300"},{"taxonomy":"product_cat","embeddable":true,"href":"https:\/\/roveyayinevi.com.tr\/index.php\/wp-json\/wp\/v2\/product_cat?post=711300"},{"taxonomy":"product_tag","embeddable":true,"href":"https:\/\/roveyayinevi.com.tr\/index.php\/wp-json\/wp\/v2\/product_tag?post=711300"}],"curies":[{"name":"wp","href":"https:\/\/api.w.org\/{rel}","templated":true}]}}