{"id":711298,"date":"2025-08-27T16:44:06","date_gmt":"2025-08-27T13:44:06","guid":{"rendered":"https:\/\/roveyayinevi.com.tr\/index.php\/urun\/ego-dusmanindir\/"},"modified":"2026-04-16T02:19:51","modified_gmt":"2026-04-15T23:19:51","slug":"ego-dusmanindir","status":"publish","type":"product","link":"https:\/\/roveyayinevi.com.tr\/index.php\/urun\/ego-dusmanindir\/","title":{"rendered":"Ego D\u00fc\u015fman\u0131nd\u0131r"},"content":{"rendered":"<p>Bug\u00fcne dek \u00fcmit vaat eden nice gen\u00e7 yetene\u011fin meslek hayat\u0131 ba\u015flamadan bitti\u2026 Gelece\u011fi parlak onlarca \u015firket tarihin tozlu sayfalar\u0131na kar\u0131\u015ft\u0131; hayat\u0131n herhangi bir alan\u0131ndaki geli\u015fme ve ilerleme imk\u00e2n\u0131, omuzlarda a\u011f\u0131r bir y\u00fck olmaktan \u00f6teye gidemedi\u2026 \u0130nsan varolu\u015funun ayr\u0131lmaz par\u00e7as\u0131 ego dizginlenemedi\u011finde veya iyi y\u00f6netilemedi\u011finde insan\u0131n d\u00fc\u015fman\u0131 kesiliyor. Azmin, ba\u015far\u0131n\u0131n, dayan\u0131kl\u0131l\u0131\u011f\u0131n, s\u00fck\u00fbnetin d\u00fc\u015fman\u0131\u2026 Ryan Holiday, elinizdeki kitapta, tarih boyunca pek \u00e7ok d\u00fc\u015f\u00fcn\u00fcr\u00fcn, bilgenin ve sanat\u00e7\u0131n\u0131n eserleri ve ya\u015famlar\u0131 yoluyla tan\u0131maya ve anlatmaya \u00e7al\u0131\u015ft\u0131\u011f\u0131 ego kavram\u0131na bir kez daha bak\u0131yor ve egoyu \u201cama\u00e7\u201d, \u201cba\u015far\u0131\u201d ve \u201cba\u015far\u0131s\u0131zl\u0131k\u201d ba\u011flamlar\u0131nda de\u011ferlendiriyor. Ego D\u00fc\u015fman\u0131nd\u0131r\u2019\u0131n sat\u0131rlar\u0131 aras\u0131nda gezinirken, benli\u011fin bu gizemli k\u0131sm\u0131n\u0131, o bizi yok etmeden, anlamay\u0131 \u00f6\u011freniyoruz. <\/p>\n","protected":false},"excerpt":{"rendered":"<p>Bug\u00fcne dek \u00fcmit vaat eden nice gen\u00e7 yetene\u011fin meslek hayat\u0131 ba\u015flamadan bitti\u2026 Gelece\u011fi parlak onlarca \u015firket tarihin tozlu sayfalar\u0131na kar\u0131\u015ft\u0131; hayat\u0131n herhangi bir alan\u0131ndaki geli\u015fme ve<span class=\"excerpt-hellip\"> [\u2026]<\/span><\/p>\n","protected":false},"featured_media":0,"template":"","meta":{"_monsterinsights_skip_tracking":false,"_monsterinsights_sitenote_active":false,"_monsterinsights_sitenote_note":"","_monsterinsights_sitenote_category":0},"product_brand":[],"product_cat":[13043,17647],"product_tag":[],"class_list":{"0":"post-711298","1":"product","2":"type-product","3":"status-publish","5":"product_cat-ekonomi","6":"product_cat-is-dunyasi","7":"pa_cilt-ciltsiz","8":"pa_tur-kitap","9":"pa_yayinevi-mediacat-kitaplari","10":"pa_yazar-ryan-holiday","12":"first","13":"instock","14":"sale","15":"shipping-taxable","16":"purchasable","17":"product-type-simple"},"_links":{"self":[{"href":"https:\/\/roveyayinevi.com.tr\/index.php\/wp-json\/wp\/v2\/product\/711298","targetHints":{"allow":["GET"]}}],"collection":[{"href":"https:\/\/roveyayinevi.com.tr\/index.php\/wp-json\/wp\/v2\/product"}],"about":[{"href":"https:\/\/roveyayinevi.com.tr\/index.php\/wp-json\/wp\/v2\/types\/product"}],"wp:attachment":[{"href":"https:\/\/roveyayinevi.com.tr\/index.php\/wp-json\/wp\/v2\/media?parent=711298"}],"wp:term":[{"taxonomy":"product_brand","embeddable":true,"href":"https:\/\/roveyayinevi.com.tr\/index.php\/wp-json\/wp\/v2\/product_brand?post=711298"},{"taxonomy":"product_cat","embeddable":true,"href":"https:\/\/roveyayinevi.com.tr\/index.php\/wp-json\/wp\/v2\/product_cat?post=711298"},{"taxonomy":"product_tag","embeddable":true,"href":"https:\/\/roveyayinevi.com.tr\/index.php\/wp-json\/wp\/v2\/product_tag?post=711298"}],"curies":[{"name":"wp","href":"https:\/\/api.w.org\/{rel}","templated":true}]}}