{"id":711296,"date":"2025-08-27T16:44:05","date_gmt":"2025-08-27T13:44:05","guid":{"rendered":"https:\/\/roveyayinevi.com.tr\/index.php\/urun\/emeviler-donemi-bilim-kultur-ve-sanat-hayati\/"},"modified":"2026-04-16T02:19:51","modified_gmt":"2026-04-15T23:19:51","slug":"emeviler-donemi-bilim-kultur-ve-sanat-hayati","status":"publish","type":"product","link":"https:\/\/roveyayinevi.com.tr\/index.php\/urun\/emeviler-donemi-bilim-kultur-ve-sanat-hayati\/","title":{"rendered":"Emeviler D\u00f6nemi Bilim, K\u00fclt\u00fcr ve Sanat Hayat\u0131"},"content":{"rendered":"<p>Kurey\u015f kabilesinin g\u00fc\u00e7l\u00fc ve b\u00fcy\u00fck kollar\u0131ndan biri olan \u00dcmmeyyeo\u011fullar\u0131, d\u00f6rt b\u00fcy\u00fck halifeden sonra Emeviler ad\u0131yla devlet kurmu\u015flard\u0131r. Yakla\u015f\u0131k doksan y\u0131ll\u0131k bir zaman\u0131 kapsayan bu d\u00f6nemde hilafetin saltanata d\u00f6n\u00fc\u015fmesi gibi olumsuz olaylar\u0131n yan\u0131nda \u0130slam birli\u011finin tekrar sa\u011flanmas\u0131 ba\u015fta olmak \u00fczere olumlu bir\u00e7ok geli\u015fme de ya\u015fanm\u0131\u015ft\u0131r.Emeviler d\u00f6nemi, \u0130slam k\u00fclt\u00fcr ve medeniyet tarihinin \u00f6nemli bir par\u00e7as\u0131d\u0131r. Emeviler, siyasi olaylar bak\u0131m\u0131ndan \u00e7e\u015fitli \u00e7alkant\u0131lara sebep olsalar da sanat ve k\u00fclt\u00fcr alan\u0131nda da dikkate de\u011fer \u00e7al\u0131\u015fmalar yapm\u0131\u015flard\u0131r. Bu kitap, \u0130slam k\u00fclt\u00fcr tarihinin en \u00f6nemli ve en tart\u0131\u015fmal\u0131 d\u00f6nemlerinden birine \u0131\u015f\u0131k tutmaktad\u0131r.<\/p>\n","protected":false},"excerpt":{"rendered":"<p>Kurey\u015f kabilesinin g\u00fc\u00e7l\u00fc ve b\u00fcy\u00fck kollar\u0131ndan biri olan \u00dcmmeyyeo\u011fullar\u0131, d\u00f6rt b\u00fcy\u00fck halifeden sonra Emeviler ad\u0131yla devlet kurmu\u015flard\u0131r. Yakla\u015f\u0131k doksan y\u0131ll\u0131k bir zaman\u0131 kapsayan bu d\u00f6nemde hilafetin<span class=\"excerpt-hellip\"> [\u2026]<\/span><\/p>\n","protected":false},"featured_media":0,"template":"","meta":{"_monsterinsights_skip_tracking":false,"_monsterinsights_sitenote_active":false,"_monsterinsights_sitenote_note":"","_monsterinsights_sitenote_category":0},"product_brand":[],"product_cat":[12304],"product_tag":[],"class_list":{"0":"post-711296","1":"product","2":"type-product","3":"status-publish","5":"product_cat-tarih","6":"pa_cilt-ciltli","7":"pa_tur-kitap","8":"pa_yayinevi-otto-yayinlari","9":"pa_yazar-irfan-aycan","11":"first","12":"instock","13":"sale","14":"shipping-taxable","15":"purchasable","16":"product-type-simple"},"_links":{"self":[{"href":"https:\/\/roveyayinevi.com.tr\/index.php\/wp-json\/wp\/v2\/product\/711296","targetHints":{"allow":["GET"]}}],"collection":[{"href":"https:\/\/roveyayinevi.com.tr\/index.php\/wp-json\/wp\/v2\/product"}],"about":[{"href":"https:\/\/roveyayinevi.com.tr\/index.php\/wp-json\/wp\/v2\/types\/product"}],"wp:attachment":[{"href":"https:\/\/roveyayinevi.com.tr\/index.php\/wp-json\/wp\/v2\/media?parent=711296"}],"wp:term":[{"taxonomy":"product_brand","embeddable":true,"href":"https:\/\/roveyayinevi.com.tr\/index.php\/wp-json\/wp\/v2\/product_brand?post=711296"},{"taxonomy":"product_cat","embeddable":true,"href":"https:\/\/roveyayinevi.com.tr\/index.php\/wp-json\/wp\/v2\/product_cat?post=711296"},{"taxonomy":"product_tag","embeddable":true,"href":"https:\/\/roveyayinevi.com.tr\/index.php\/wp-json\/wp\/v2\/product_tag?post=711296"}],"curies":[{"name":"wp","href":"https:\/\/api.w.org\/{rel}","templated":true}]}}