{"id":711294,"date":"2025-08-27T16:44:04","date_gmt":"2025-08-27T13:44:04","guid":{"rendered":"https:\/\/roveyayinevi.com.tr\/index.php\/urun\/gri-asklar\/"},"modified":"2026-04-16T02:19:51","modified_gmt":"2026-04-15T23:19:51","slug":"gri-asklar","status":"publish","type":"product","link":"https:\/\/roveyayinevi.com.tr\/index.php\/urun\/gri-asklar\/","title":{"rendered":"Gri A\u015fklar"},"content":{"rendered":"<p>Zaman\u0131n eli de\u011fdi biran bize,   Ondand\u0131r bana yans\u0131man\u0131 sevdim,   Her \u015fey de\u011fi\u015fti g\u00f6z g\u00f6ze gelince,   Sar\u0131 sa\u00e7lar yosun renk g\u00f6zleri sevdim,     Ayn\u0131 yerde de\u011fil, uzak yerdesin,   Benimle ayn\u0131 dil \u0131rk soy y\u00f6ndesin,   Baharda g\u00f6rd\u00fcm hep a\u00e7an g\u00fcldesin,   Da\u011fdan  \u00e7a\u011flayan \u015felaleni sevdim,     Ben nil\u00fcfer verdim sen bir g\u00fcl\u00fc ver,   Sevgiye hasret sinem gel sar\u0131ver, Sana g\u00f6n\u00fcl verdim art\u0131k geriver, G\u00fcne\u015f tenini yak\u0131\u015f\u0131n\u0131 sevdim, Ne ni\u00e7in deme yans\u0131man\u0131 sevdim, Se\u00e7ti\u011fim renkte seni de\u011fer bildim, Ak bir sayfa a\u00e7\u0131p ge\u00e7mi\u015fi sildim, <\/p>\n","protected":false},"excerpt":{"rendered":"<p>Zaman\u0131n eli de\u011fdi biran bize, Ondand\u0131r bana yans\u0131man\u0131 sevdim, Her \u015fey de\u011fi\u015fti g\u00f6z g\u00f6ze gelince, Sar\u0131 sa\u00e7lar yosun renk g\u00f6zleri sevdim, Ayn\u0131 yerde de\u011fil, uzak yerdesin,<span class=\"excerpt-hellip\"> [\u2026]<\/span><\/p>\n","protected":false},"featured_media":0,"template":"","meta":{"_monsterinsights_skip_tracking":false,"_monsterinsights_sitenote_active":false,"_monsterinsights_sitenote_note":"","_monsterinsights_sitenote_category":0},"product_brand":[],"product_cat":[12291,12509],"product_tag":[],"class_list":{"0":"post-711294","1":"product","2":"type-product","3":"status-publish","5":"product_cat-edebiyat","6":"product_cat-siir","7":"pa_cilt-ciltsiz","8":"pa_tur-kitap","9":"pa_yayinevi-ayata-kitap","10":"pa_yazar-ali-yilmaz","12":"first","13":"instock","14":"sale","15":"shipping-taxable","16":"purchasable","17":"product-type-simple"},"_links":{"self":[{"href":"https:\/\/roveyayinevi.com.tr\/index.php\/wp-json\/wp\/v2\/product\/711294","targetHints":{"allow":["GET"]}}],"collection":[{"href":"https:\/\/roveyayinevi.com.tr\/index.php\/wp-json\/wp\/v2\/product"}],"about":[{"href":"https:\/\/roveyayinevi.com.tr\/index.php\/wp-json\/wp\/v2\/types\/product"}],"wp:attachment":[{"href":"https:\/\/roveyayinevi.com.tr\/index.php\/wp-json\/wp\/v2\/media?parent=711294"}],"wp:term":[{"taxonomy":"product_brand","embeddable":true,"href":"https:\/\/roveyayinevi.com.tr\/index.php\/wp-json\/wp\/v2\/product_brand?post=711294"},{"taxonomy":"product_cat","embeddable":true,"href":"https:\/\/roveyayinevi.com.tr\/index.php\/wp-json\/wp\/v2\/product_cat?post=711294"},{"taxonomy":"product_tag","embeddable":true,"href":"https:\/\/roveyayinevi.com.tr\/index.php\/wp-json\/wp\/v2\/product_tag?post=711294"}],"curies":[{"name":"wp","href":"https:\/\/api.w.org\/{rel}","templated":true}]}}