{"id":711292,"date":"2025-08-27T16:44:02","date_gmt":"2025-08-27T13:44:02","guid":{"rendered":"https:\/\/roveyayinevi.com.tr\/index.php\/urun\/besinci-mevsim\/"},"modified":"2026-04-16T02:19:51","modified_gmt":"2026-04-15T23:19:51","slug":"besinci-mevsim","status":"publish","type":"product","link":"https:\/\/roveyayinevi.com.tr\/index.php\/urun\/besinci-mevsim\/","title":{"rendered":"Be\u015finci Mevsim"},"content":{"rendered":"<p>Mehmet Emin TURGUT;  1957 y\u0131l\u0131n\u0131n karl\u0131 ve so\u011fuk bir zaman\u0131nda annesinin dahi bilmedi\u011fi bir g\u00fcnde, Diyarbak\u0131r\u2019da d\u00fcnyaya geldi. K.E.\u0130.\u00d6.O\u2019dan ve A.\u00dc.A.\u00d6.F.D\u2019den mezun oldu. \u00c7e\u015fitli illerde \u00f6\u011fretmenlik mesle\u011fini icra ederek 2013 senesinde bayra\u011f\u0131n\u0131 gen\u00e7 meslekta\u015flar\u0131na teslim etti. Yaz\u0131n hayat\u0131na 2005 senesinde ba\u015flayan M. Emin TURGUT; ayn\u0131 y\u0131l i\u00e7erisinde \u00e7e\u015fitli sitelerde eserlerini yay\u0131nlamaya ba\u015flad\u0131. Gokdere.org, Ard\u00fcrek Aktuel\u2019de deneme ve makaleleri yay\u0131nland\u0131. AKSED\u2019in yay\u0131nlad\u0131\u011f\u0131 \u201c\u015eah\u0131 \u015eiirler\u201d adl\u0131 ortak kitapta \u015fiirleriyle yer ald\u0131. Be\u015finci Mevsim, \u015fairin ikinci kitab\u0131 olarak yay\u0131nland\u0131. Evli ve bir \u00e7ocuk babas\u0131 olan \u015fair \u0130zmir\u2019de ya\u015fam\u0131n\u0131 s\u00fcrd\u00fcrmektedir. Yazar\u0131n Te\u015fekk\u00fcr Notu; Kitab\u0131n bas\u0131m ve yay\u0131m\u0131 s\u00fcresince desteklerini esirgemeyen sevgili Nesrin Aras \u00d6ZT\u00dcRK ve Bekir \u00d6ZT\u00dcRK, Muazzez &amp; Faruk DEM\u0130R, Mine &amp; Ata BALTA \u00e7iftlerine, Atay G\u00dcNG\u00d6R\u2019e \u015fiirlerimi seslendirme nezaketi g\u00f6steren usta yorumcu Say\u0131n Aynur MASALCI\u2019ya ve AKSED y\u00f6neticilerine te\u015fekk\u00fcrlerimi bor\u00e7 bilerek en i\u00e7ten duygular\u0131mla selamlar\u0131m.                                                                                                                                                                                                                     Mehmet Emin TURGUT                                                                                        \u0130ZM\u0130R \/ 01.11.2017 <\/p>\n","protected":false},"excerpt":{"rendered":"<p>Mehmet Emin TURGUT; 1957 y\u0131l\u0131n\u0131n karl\u0131 ve so\u011fuk bir zaman\u0131nda annesinin dahi bilmedi\u011fi bir g\u00fcnde, Diyarbak\u0131r\u2019da d\u00fcnyaya geldi. K.E.\u0130.\u00d6.O\u2019dan ve A.\u00dc.A.\u00d6.F.D\u2019den mezun oldu. \u00c7e\u015fitli illerde \u00f6\u011fretmenlik<span class=\"excerpt-hellip\"> [\u2026]<\/span><\/p>\n","protected":false},"featured_media":0,"template":"","meta":{"_monsterinsights_skip_tracking":false,"_monsterinsights_sitenote_active":false,"_monsterinsights_sitenote_note":"","_monsterinsights_sitenote_category":0},"product_brand":[],"product_cat":[12291,12509],"product_tag":[],"class_list":{"0":"post-711292","1":"product","2":"type-product","3":"status-publish","5":"product_cat-edebiyat","6":"product_cat-siir","7":"pa_cilt-ciltsiz","8":"pa_tur-kitap","9":"pa_yayinevi-ayata-kitap","10":"pa_yazar-mehmet-emin-turgut","12":"first","13":"instock","14":"sale","15":"shipping-taxable","16":"purchasable","17":"product-type-simple"},"_links":{"self":[{"href":"https:\/\/roveyayinevi.com.tr\/index.php\/wp-json\/wp\/v2\/product\/711292","targetHints":{"allow":["GET"]}}],"collection":[{"href":"https:\/\/roveyayinevi.com.tr\/index.php\/wp-json\/wp\/v2\/product"}],"about":[{"href":"https:\/\/roveyayinevi.com.tr\/index.php\/wp-json\/wp\/v2\/types\/product"}],"wp:attachment":[{"href":"https:\/\/roveyayinevi.com.tr\/index.php\/wp-json\/wp\/v2\/media?parent=711292"}],"wp:term":[{"taxonomy":"product_brand","embeddable":true,"href":"https:\/\/roveyayinevi.com.tr\/index.php\/wp-json\/wp\/v2\/product_brand?post=711292"},{"taxonomy":"product_cat","embeddable":true,"href":"https:\/\/roveyayinevi.com.tr\/index.php\/wp-json\/wp\/v2\/product_cat?post=711292"},{"taxonomy":"product_tag","embeddable":true,"href":"https:\/\/roveyayinevi.com.tr\/index.php\/wp-json\/wp\/v2\/product_tag?post=711292"}],"curies":[{"name":"wp","href":"https:\/\/api.w.org\/{rel}","templated":true}]}}