{"id":711291,"date":"2025-08-27T16:44:02","date_gmt":"2025-08-27T13:44:02","guid":{"rendered":"https:\/\/roveyayinevi.com.tr\/index.php\/urun\/multeci-yuregim\/"},"modified":"2026-04-16T02:19:51","modified_gmt":"2026-04-15T23:19:51","slug":"multeci-yuregim","status":"publish","type":"product","link":"https:\/\/roveyayinevi.com.tr\/index.php\/urun\/multeci-yuregim\/","title":{"rendered":"M\u00fclteci Y\u00fcre\u011fim"},"content":{"rendered":"<p>Her gece kirpiklerimi sa\u00e7lar\u0131m\u0131n ucuna tak\u0131p b\u00fct\u00fcn d\u00fcnyaya g\u00f6z k\u0131rp\u0131yorum. Hi\u00e7 \u00f6p\u00fclmemi\u015f sevilmemi\u015f y\u00fcreklere dokunuyorum. En \u00e7okta insanlar\u0131n ac\u0131yan yerlerine dokunuyorum. Hep ac\u0131 \u00e7ekenlerin yan\u0131nda buluyorum kendimi. H\u00e2l\u00e2 y\u0131ld\u0131zlar\u0131 say\u0131yorum yaz gecelerinde. Y\u0131ld\u0131zlarla sohbet ediyorum, kimselerin bilmedi\u011fi bir lisan ile. G\u00f6ky\u00fcz\u00fcnde tuttu\u011fum her y\u0131ld\u0131z\u0131n bana g\u00f6z k\u0131rpan dostlu\u011funu seviyorum\u2026 G\u00fczel ya\u015f\u0131yorum ve ya\u015fat\u0131yorum. <\/p>\n","protected":false},"excerpt":{"rendered":"<p>Her gece kirpiklerimi sa\u00e7lar\u0131m\u0131n ucuna tak\u0131p b\u00fct\u00fcn d\u00fcnyaya g\u00f6z k\u0131rp\u0131yorum. Hi\u00e7 \u00f6p\u00fclmemi\u015f sevilmemi\u015f y\u00fcreklere dokunuyorum. En \u00e7okta insanlar\u0131n ac\u0131yan yerlerine dokunuyorum. Hep ac\u0131 \u00e7ekenlerin yan\u0131nda buluyorum<span class=\"excerpt-hellip\"> [\u2026]<\/span><\/p>\n","protected":false},"featured_media":0,"template":"","meta":{"_monsterinsights_skip_tracking":false,"_monsterinsights_sitenote_active":false,"_monsterinsights_sitenote_note":"","_monsterinsights_sitenote_category":0},"product_brand":[],"product_cat":[12291,12509],"product_tag":[],"class_list":{"0":"post-711291","1":"product","2":"type-product","3":"status-publish","5":"product_cat-edebiyat","6":"product_cat-siir","7":"pa_cilt-ciltsiz","8":"pa_tur-kitap","9":"pa_yayinevi-ayata-kitap","10":"pa_yazar-gunay-demir","12":"first","13":"instock","14":"sale","15":"shipping-taxable","16":"purchasable","17":"product-type-simple"},"_links":{"self":[{"href":"https:\/\/roveyayinevi.com.tr\/index.php\/wp-json\/wp\/v2\/product\/711291","targetHints":{"allow":["GET"]}}],"collection":[{"href":"https:\/\/roveyayinevi.com.tr\/index.php\/wp-json\/wp\/v2\/product"}],"about":[{"href":"https:\/\/roveyayinevi.com.tr\/index.php\/wp-json\/wp\/v2\/types\/product"}],"wp:attachment":[{"href":"https:\/\/roveyayinevi.com.tr\/index.php\/wp-json\/wp\/v2\/media?parent=711291"}],"wp:term":[{"taxonomy":"product_brand","embeddable":true,"href":"https:\/\/roveyayinevi.com.tr\/index.php\/wp-json\/wp\/v2\/product_brand?post=711291"},{"taxonomy":"product_cat","embeddable":true,"href":"https:\/\/roveyayinevi.com.tr\/index.php\/wp-json\/wp\/v2\/product_cat?post=711291"},{"taxonomy":"product_tag","embeddable":true,"href":"https:\/\/roveyayinevi.com.tr\/index.php\/wp-json\/wp\/v2\/product_tag?post=711291"}],"curies":[{"name":"wp","href":"https:\/\/api.w.org\/{rel}","templated":true}]}}