{"id":711289,"date":"2025-08-27T16:44:01","date_gmt":"2025-08-27T13:44:01","guid":{"rendered":"https:\/\/roveyayinevi.com.tr\/index.php\/urun\/gencler-icin-peygamberlerin-hayati\/"},"modified":"2026-04-16T02:19:51","modified_gmt":"2026-04-15T23:19:51","slug":"gencler-icin-peygamberlerin-hayati","status":"publish","type":"product","link":"https:\/\/roveyayinevi.com.tr\/index.php\/urun\/gencler-icin-peygamberlerin-hayati\/","title":{"rendered":"Gen\u00e7ler \u0130\u00e7in Peygamberlerin Hayat\u0131"},"content":{"rendered":"<p>Yeri, g\u00f6kleri ve aras\u0131ndakileri m\u00fckemmel ve noksans\u0131z bir \u015fekilde yaratan Y\u00fcce Allah; hem kendi varl\u0131\u011f\u0131n\u0131n bilinmesini sa\u011flamak hem de kullu\u011fu s\u0131namak amac\u0131yla ak\u0131l ve irade sahibi bir canl\u0131 yaratm\u0131\u015f ve ona \u00f6zelde topraktan gelen anlam\u0131na gelen \u00c2dem, genelde ise ak\u0131l ve irade sahibi t\u00fcr manas\u0131n\u0131 kar\u015f\u0131layan ins adlar\u0131n\u0131 uygun g\u00f6rm\u00fc\u015ft\u00fc. D\u00fcnya hayat\u0131nda bulunduklar\u0131 s\u00fcrece \u2018hayr ve \u015fer\u2019 yani \u2018iyilik ve k\u00f6t\u00fcl\u00fck\u2019 ad\u0131 verilen kutuplar aras\u0131nda gidip gelerek s\u0131nanan insanlar bu yolculuklar\u0131nda yolg\u00f6sterici rehberlere ihtiya\u00e7 duymu\u015flard\u0131. Peygamber ad\u0131 verilen bu \u00f6nderler, insanlara iyi ile k\u00f6t\u00fcy\u00fc, do\u011fru ile yanl\u0131\u015f\u0131 tan\u0131tm\u0131\u015f ve onlardan adalet \u00fczere bir hayat ya\u015famalar\u0131n\u0131 istemi\u015flerdi. Buna ra\u011fmen kimi insanlar do\u011fru yolu, kimi insanlar da bat\u0131l \u00e7izgiyi tercih etmi\u015flerdi. Bu \u00e7al\u0131\u015fma; ilk insandan g\u00fcn\u00fcm\u00fcze kadar s\u00fcregelmi\u015f olan bu m\u00fccadelenin sembol ismi olan peygamberlerin hayatlar\u0131n\u0131 ve verdikleri m\u00fccadeleyi, Kur\u2019an\u2019\u0131n rehberli\u011finde tan\u0131tmay\u0131 ama\u00e7lamaktad\u0131r. <\/p>\n","protected":false},"excerpt":{"rendered":"<p>Yeri, g\u00f6kleri ve aras\u0131ndakileri m\u00fckemmel ve noksans\u0131z bir \u015fekilde yaratan Y\u00fcce Allah; hem kendi varl\u0131\u011f\u0131n\u0131n bilinmesini sa\u011flamak hem de kullu\u011fu s\u0131namak amac\u0131yla ak\u0131l ve irade sahibi<span class=\"excerpt-hellip\"> [\u2026]<\/span><\/p>\n","protected":false},"featured_media":0,"template":"","meta":{"_monsterinsights_skip_tracking":false,"_monsterinsights_sitenote_active":false,"_monsterinsights_sitenote_note":"","_monsterinsights_sitenote_category":0},"product_brand":[],"product_cat":[12718,12719],"product_tag":[],"class_list":{"0":"post-711289","1":"product","2":"type-product","3":"status-publish","5":"product_cat-din","6":"product_cat-islam","7":"pa_cilt-ciltsiz","8":"pa_tur-kitap","9":"pa_yayinevi-beyan-yayinlari","10":"pa_yazar-osman-koca","12":"first","13":"instock","14":"sale","15":"shipping-taxable","16":"purchasable","17":"product-type-simple"},"_links":{"self":[{"href":"https:\/\/roveyayinevi.com.tr\/index.php\/wp-json\/wp\/v2\/product\/711289","targetHints":{"allow":["GET"]}}],"collection":[{"href":"https:\/\/roveyayinevi.com.tr\/index.php\/wp-json\/wp\/v2\/product"}],"about":[{"href":"https:\/\/roveyayinevi.com.tr\/index.php\/wp-json\/wp\/v2\/types\/product"}],"wp:attachment":[{"href":"https:\/\/roveyayinevi.com.tr\/index.php\/wp-json\/wp\/v2\/media?parent=711289"}],"wp:term":[{"taxonomy":"product_brand","embeddable":true,"href":"https:\/\/roveyayinevi.com.tr\/index.php\/wp-json\/wp\/v2\/product_brand?post=711289"},{"taxonomy":"product_cat","embeddable":true,"href":"https:\/\/roveyayinevi.com.tr\/index.php\/wp-json\/wp\/v2\/product_cat?post=711289"},{"taxonomy":"product_tag","embeddable":true,"href":"https:\/\/roveyayinevi.com.tr\/index.php\/wp-json\/wp\/v2\/product_tag?post=711289"}],"curies":[{"name":"wp","href":"https:\/\/api.w.org\/{rel}","templated":true}]}}