{"id":711288,"date":"2025-08-27T16:44:00","date_gmt":"2025-08-27T13:44:00","guid":{"rendered":"https:\/\/roveyayinevi.com.tr\/index.php\/urun\/saatler-geyikler\/"},"modified":"2026-04-16T02:19:51","modified_gmt":"2026-04-15T23:19:51","slug":"saatler-geyikler","status":"publish","type":"product","link":"https:\/\/roveyayinevi.com.tr\/index.php\/urun\/saatler-geyikler\/","title":{"rendered":"Saatler Geyikler"},"content":{"rendered":"<p>Lale M\u00fcld\u00fcr \u015fiirinde yedinci konak: geyikler, kumrular, ku\u011fular aras\u0131nda&#8230;saatle satranc\u0131n \u00e7apraz\u0131nda&#8230;Rilke ve \u015eeyh Galip\u2019in izinde.. A\u015fk\u0131 arayan, varolu\u015fu sorgulayan bir yolculu\u011fun kona\u011f\u0131.K\u0131rm\u0131z\u0131 bir mermerde geyik silueti;Geyi\u011fin boynunu tuttu\u011fum zamanelimde kalan pas lekesi ya dab\u00f6yle bir \u015feyi anlama\u011fa \u00e7al\u0131\u015fmak. Beni sevdi\u011fin zamanye\u015fil kadife t\u00fcyl\u00fc bir geyikormanda su i\u00e7iyor. Ya da ye\u015fil kadife t\u00fcyl\u00fc bir su ak\u0131yorboynuzlar\u0131m\u0131z\u0131n aras\u0131ndan. <\/p>\n","protected":false},"excerpt":{"rendered":"<p>Lale M\u00fcld\u00fcr \u015fiirinde yedinci konak: geyikler, kumrular, ku\u011fular aras\u0131nda&#8230;saatle satranc\u0131n \u00e7apraz\u0131nda&#8230;Rilke ve \u015eeyh Galip\u2019in izinde.. A\u015fk\u0131 arayan, varolu\u015fu sorgulayan bir yolculu\u011fun kona\u011f\u0131.K\u0131rm\u0131z\u0131 bir mermerde geyik silueti;Geyi\u011fin<span class=\"excerpt-hellip\"> [\u2026]<\/span><\/p>\n","protected":false},"featured_media":0,"template":"","meta":{"_monsterinsights_skip_tracking":false,"_monsterinsights_sitenote_active":false,"_monsterinsights_sitenote_note":"","_monsterinsights_sitenote_category":0},"product_brand":[],"product_cat":[12291,12509],"product_tag":[],"class_list":{"0":"post-711288","1":"product","2":"type-product","3":"status-publish","5":"product_cat-edebiyat","6":"product_cat-siir","7":"pa_cilt-ciltsiz","8":"pa_tur-kitap","9":"pa_yayinevi-yapi-kredi-yayinlari","10":"pa_yazar-lale-muldur","12":"first","13":"instock","14":"sale","15":"shipping-taxable","16":"purchasable","17":"product-type-simple"},"_links":{"self":[{"href":"https:\/\/roveyayinevi.com.tr\/index.php\/wp-json\/wp\/v2\/product\/711288","targetHints":{"allow":["GET"]}}],"collection":[{"href":"https:\/\/roveyayinevi.com.tr\/index.php\/wp-json\/wp\/v2\/product"}],"about":[{"href":"https:\/\/roveyayinevi.com.tr\/index.php\/wp-json\/wp\/v2\/types\/product"}],"wp:attachment":[{"href":"https:\/\/roveyayinevi.com.tr\/index.php\/wp-json\/wp\/v2\/media?parent=711288"}],"wp:term":[{"taxonomy":"product_brand","embeddable":true,"href":"https:\/\/roveyayinevi.com.tr\/index.php\/wp-json\/wp\/v2\/product_brand?post=711288"},{"taxonomy":"product_cat","embeddable":true,"href":"https:\/\/roveyayinevi.com.tr\/index.php\/wp-json\/wp\/v2\/product_cat?post=711288"},{"taxonomy":"product_tag","embeddable":true,"href":"https:\/\/roveyayinevi.com.tr\/index.php\/wp-json\/wp\/v2\/product_tag?post=711288"}],"curies":[{"name":"wp","href":"https:\/\/api.w.org\/{rel}","templated":true}]}}