{"id":711284,"date":"2025-08-27T16:43:58","date_gmt":"2025-08-27T13:43:58","guid":{"rendered":"https:\/\/roveyayinevi.com.tr\/index.php\/urun\/wandanin-gunlukleri-1-yeni-komsular-ciltli\/"},"modified":"2026-04-16T02:19:51","modified_gmt":"2026-04-15T23:19:51","slug":"wandanin-gunlukleri-1-yeni-komsular-ciltli","status":"publish","type":"product","link":"https:\/\/roveyayinevi.com.tr\/index.php\/urun\/wandanin-gunlukleri-1-yeni-komsular-ciltli\/","title":{"rendered":"Wandan\u0131n G\u00fcnl\u00fckleri 1 &#8211; Yeni Kom\u015fular (Ciltli)"},"content":{"rendered":"<p>\u00dcR\u00dcN A\u00c7IKLAMASIOlamaz! Yan kom\u015fular\u0131m\u0131z ta\u015f\u0131nd\u0131 ve evlerine \u00e7ok tuhaf bir aile yerle\u015fti! \u00dcstelik \u00e7ocuklar\u0131 Fabian bizim s\u0131n\u0131fa geldi ve kendisi hayat\u0131mda g\u00f6rd\u00fc\u011f\u00fcm en g\u0131c\u0131k insan. Derslerde her sorulan\u0131 biliyor ve okulda, evde, yolda, her yerde kar\u015f\u0131ma \u00e7\u0131k\u0131yor. Ama Wanda\u2019y\u0131 sinir etmek neymi\u015f g\u00f6sterece\u011fim, hem ona hem ailesine! <\/p>\n","protected":false},"excerpt":{"rendered":"<p>\u00dcR\u00dcN A\u00c7IKLAMASIOlamaz! Yan kom\u015fular\u0131m\u0131z ta\u015f\u0131nd\u0131 ve evlerine \u00e7ok tuhaf bir aile yerle\u015fti! \u00dcstelik \u00e7ocuklar\u0131 Fabian bizim s\u0131n\u0131fa geldi ve kendisi hayat\u0131mda g\u00f6rd\u00fc\u011f\u00fcm en g\u0131c\u0131k insan. Derslerde<span class=\"excerpt-hellip\"> [\u2026]<\/span><\/p>\n","protected":false},"featured_media":0,"template":"","meta":{"_monsterinsights_skip_tracking":false,"_monsterinsights_sitenote_active":false,"_monsterinsights_sitenote_note":"","_monsterinsights_sitenote_category":0},"product_brand":[],"product_cat":[12275,12274],"product_tag":[],"class_list":{"0":"post-711284","1":"product","2":"type-product","3":"status-publish","5":"product_cat-6-12-yas-kitaplari","6":"product_cat-cocuk-ve-genclik-kitaplari","7":"pa_cilt-ciltli","8":"pa_tur-kitap","9":"pa_yayinevi-epsilon-yayinlari","10":"pa_yazar-dagmar-geisler","12":"first","13":"instock","14":"sale","15":"shipping-taxable","16":"purchasable","17":"product-type-simple"},"_links":{"self":[{"href":"https:\/\/roveyayinevi.com.tr\/index.php\/wp-json\/wp\/v2\/product\/711284","targetHints":{"allow":["GET"]}}],"collection":[{"href":"https:\/\/roveyayinevi.com.tr\/index.php\/wp-json\/wp\/v2\/product"}],"about":[{"href":"https:\/\/roveyayinevi.com.tr\/index.php\/wp-json\/wp\/v2\/types\/product"}],"wp:attachment":[{"href":"https:\/\/roveyayinevi.com.tr\/index.php\/wp-json\/wp\/v2\/media?parent=711284"}],"wp:term":[{"taxonomy":"product_brand","embeddable":true,"href":"https:\/\/roveyayinevi.com.tr\/index.php\/wp-json\/wp\/v2\/product_brand?post=711284"},{"taxonomy":"product_cat","embeddable":true,"href":"https:\/\/roveyayinevi.com.tr\/index.php\/wp-json\/wp\/v2\/product_cat?post=711284"},{"taxonomy":"product_tag","embeddable":true,"href":"https:\/\/roveyayinevi.com.tr\/index.php\/wp-json\/wp\/v2\/product_tag?post=711284"}],"curies":[{"name":"wp","href":"https:\/\/api.w.org\/{rel}","templated":true}]}}