{"id":711283,"date":"2025-08-27T16:43:58","date_gmt":"2025-08-27T13:43:58","guid":{"rendered":"https:\/\/roveyayinevi.com.tr\/index.php\/urun\/wandanin-gunlukleri-2-surpriz-hediye\/"},"modified":"2026-04-16T02:19:51","modified_gmt":"2026-04-15T23:19:51","slug":"wandanin-gunlukleri-2-surpriz-hediye","status":"publish","type":"product","link":"https:\/\/roveyayinevi.com.tr\/index.php\/urun\/wandanin-gunlukleri-2-surpriz-hediye\/","title":{"rendered":"Wanda&#8217;n\u0131n G\u00fcnl\u00fckleri 2 &#8211; S\u00fcrpriz Hediye"},"content":{"rendered":"<p>Haay\u0131\u0131\u0131\u0131r! Yeti\u015fkinler \u00e7\u0131ld\u0131rm\u0131\u015f olmal\u0131! Babam iyice gariple\u015fti.  Annemin de i\u015ftah\u0131 a\u00e7\u0131ld\u0131 ve y\u00fcz\u00fc s\u00fcrekli \u00e7ocuk gibi k\u0131zar\u0131yor. En k\u00f6t\u00fcs\u00fc de Fabian\u2019\u0131n yeni arkada\u015f\u0131n\u0131n k\u0131z d\u00fc\u015fman\u0131 olmas\u0131. Bir de do\u011fum g\u00fcn\u00fc partisi meselesi  var. Ama benim de her \u015feyi ayn\u0131 anda yoluna sokmak i\u00e7in gizli bir plan\u0131m var\u2026 <\/p>\n","protected":false},"excerpt":{"rendered":"<p>Haay\u0131\u0131\u0131\u0131r! Yeti\u015fkinler \u00e7\u0131ld\u0131rm\u0131\u015f olmal\u0131! Babam iyice gariple\u015fti. Annemin de i\u015ftah\u0131 a\u00e7\u0131ld\u0131 ve y\u00fcz\u00fc s\u00fcrekli \u00e7ocuk gibi k\u0131zar\u0131yor. En k\u00f6t\u00fcs\u00fc de Fabian\u2019\u0131n yeni arkada\u015f\u0131n\u0131n k\u0131z d\u00fc\u015fman\u0131 olmas\u0131.<span class=\"excerpt-hellip\"> [\u2026]<\/span><\/p>\n","protected":false},"featured_media":0,"template":"","meta":{"_monsterinsights_skip_tracking":false,"_monsterinsights_sitenote_active":false,"_monsterinsights_sitenote_note":"","_monsterinsights_sitenote_category":0},"product_brand":[],"product_cat":[12275,12274],"product_tag":[],"class_list":{"0":"post-711283","1":"product","2":"type-product","3":"status-publish","5":"product_cat-6-12-yas-kitaplari","6":"product_cat-cocuk-ve-genclik-kitaplari","7":"pa_cilt-ciltli","8":"pa_tur-kitap","9":"pa_yayinevi-epsilon-yayinlari","10":"pa_yazar-dagmar-geisler","12":"first","13":"instock","14":"sale","15":"shipping-taxable","16":"purchasable","17":"product-type-simple"},"_links":{"self":[{"href":"https:\/\/roveyayinevi.com.tr\/index.php\/wp-json\/wp\/v2\/product\/711283","targetHints":{"allow":["GET"]}}],"collection":[{"href":"https:\/\/roveyayinevi.com.tr\/index.php\/wp-json\/wp\/v2\/product"}],"about":[{"href":"https:\/\/roveyayinevi.com.tr\/index.php\/wp-json\/wp\/v2\/types\/product"}],"wp:attachment":[{"href":"https:\/\/roveyayinevi.com.tr\/index.php\/wp-json\/wp\/v2\/media?parent=711283"}],"wp:term":[{"taxonomy":"product_brand","embeddable":true,"href":"https:\/\/roveyayinevi.com.tr\/index.php\/wp-json\/wp\/v2\/product_brand?post=711283"},{"taxonomy":"product_cat","embeddable":true,"href":"https:\/\/roveyayinevi.com.tr\/index.php\/wp-json\/wp\/v2\/product_cat?post=711283"},{"taxonomy":"product_tag","embeddable":true,"href":"https:\/\/roveyayinevi.com.tr\/index.php\/wp-json\/wp\/v2\/product_tag?post=711283"}],"curies":[{"name":"wp","href":"https:\/\/api.w.org\/{rel}","templated":true}]}}