{"id":711279,"date":"2025-08-27T16:43:55","date_gmt":"2025-08-27T13:43:55","guid":{"rendered":"https:\/\/roveyayinevi.com.tr\/index.php\/urun\/kimsesiz-mektuplar\/"},"modified":"2026-04-16T02:19:51","modified_gmt":"2026-04-15T23:19:51","slug":"kimsesiz-mektuplar","status":"publish","type":"product","link":"https:\/\/roveyayinevi.com.tr\/index.php\/urun\/kimsesiz-mektuplar\/","title":{"rendered":"Kimsesiz Mektuplar"},"content":{"rendered":"<p>\u015eimdi biz seninle bu \u015fehrin alt\u0131n\u0131 \u00fcst\u00fcne getirsek daha b\u00fcy\u00fck a\u015fk bulamay\u0131z. Seni aln\u0131mdan okurdum ben. Sense avu\u00e7 i\u00e7inde uzunca bir \u00e7izgiye ad\u0131m\u0131 vermi\u015ftin. Benim can\u0131m ac\u0131maz biliyorsun, yaralar\u0131m kanamaz. Zaten sen beni hep b\u00f6yle yanl\u0131\u015f biliyorsun. Bazen kolay ezberlersin ac\u0131n\u0131, bazen her sabah kald\u0131\u011f\u0131 yerden b\u0131\u00e7aklar kalbini zaman Demir parmaklar gibiyiz. Akl\u0131ma dokunuyorsun ama hasretimi dindirmiyorsun. KAFA dergisinin en \u00e7ok okunan yazarlar\u0131ndan G\u00f6khan Da\u011f\u0131stanl\u0131\u2019n\u0131n merakla ve ilgiyle beklenen ilk kitab\u0131\u2026 <\/p>\n","protected":false},"excerpt":{"rendered":"<p>\u015eimdi biz seninle bu \u015fehrin alt\u0131n\u0131 \u00fcst\u00fcne getirsek daha b\u00fcy\u00fck a\u015fk bulamay\u0131z. Seni aln\u0131mdan okurdum ben. Sense avu\u00e7 i\u00e7inde uzunca bir \u00e7izgiye ad\u0131m\u0131 vermi\u015ftin. Benim can\u0131m<span class=\"excerpt-hellip\"> [\u2026]<\/span><\/p>\n","protected":false},"featured_media":0,"template":"","meta":{"_monsterinsights_skip_tracking":false,"_monsterinsights_sitenote_active":false,"_monsterinsights_sitenote_note":"","_monsterinsights_sitenote_category":0},"product_brand":[],"product_cat":[12777,12291],"product_tag":[],"class_list":{"0":"post-711279","1":"product","2":"type-product","3":"status-publish","5":"product_cat-deneme","6":"product_cat-edebiyat","7":"pa_cilt-ciltsiz","8":"pa_tur-kitap","9":"pa_yayinevi-inkilap-kitabevi","10":"pa_yazar-gokhan-dagistanli","12":"first","13":"instock","14":"sale","15":"shipping-taxable","16":"purchasable","17":"product-type-simple"},"_links":{"self":[{"href":"https:\/\/roveyayinevi.com.tr\/index.php\/wp-json\/wp\/v2\/product\/711279","targetHints":{"allow":["GET"]}}],"collection":[{"href":"https:\/\/roveyayinevi.com.tr\/index.php\/wp-json\/wp\/v2\/product"}],"about":[{"href":"https:\/\/roveyayinevi.com.tr\/index.php\/wp-json\/wp\/v2\/types\/product"}],"wp:attachment":[{"href":"https:\/\/roveyayinevi.com.tr\/index.php\/wp-json\/wp\/v2\/media?parent=711279"}],"wp:term":[{"taxonomy":"product_brand","embeddable":true,"href":"https:\/\/roveyayinevi.com.tr\/index.php\/wp-json\/wp\/v2\/product_brand?post=711279"},{"taxonomy":"product_cat","embeddable":true,"href":"https:\/\/roveyayinevi.com.tr\/index.php\/wp-json\/wp\/v2\/product_cat?post=711279"},{"taxonomy":"product_tag","embeddable":true,"href":"https:\/\/roveyayinevi.com.tr\/index.php\/wp-json\/wp\/v2\/product_tag?post=711279"}],"curies":[{"name":"wp","href":"https:\/\/api.w.org\/{rel}","templated":true}]}}