{"id":711278,"date":"2025-08-27T16:43:55","date_gmt":"2025-08-27T13:43:55","guid":{"rendered":"https:\/\/roveyayinevi.com.tr\/index.php\/urun\/ressam-frida-kahlo-ile-diego-rivera\/"},"modified":"2026-04-16T02:19:51","modified_gmt":"2026-04-15T23:19:51","slug":"ressam-frida-kahlo-ile-diego-rivera","status":"publish","type":"product","link":"https:\/\/roveyayinevi.com.tr\/index.php\/urun\/ressam-frida-kahlo-ile-diego-rivera\/","title":{"rendered":"Ressam Frida Kahlo ile Diego Rivera"},"content":{"rendered":"<p>Ressam Frida Kahlo ile Diego Rivera   Meksika\u2019da \u00d6l\u00fcler G\u00fcn\u00fc Festivali zaman\u0131!   K\u00fc\u00e7\u00fck Frida ve Diego, kendilerini festivalin heyecan\u0131na kapt\u0131rm\u0131\u015f durumda. Haz\u0131rl\u0131klar t\u00fcm h\u0131z\u0131yla devam ediyor. Frida ve Diego\u2019yu bekleyen b\u00fcy\u00fck bir s\u00fcrpriz var zira bu iki \u00e7ocuk, \u0130skeletler Diyar\u0131\u2019n\u0131n kap\u0131lar\u0131n\u0131 aralay\u0131p, amans\u0131z bir maceraya at\u0131lmak \u00fczereler.   Acaba bu maceran\u0131n sonu nas\u0131l bitecek? <\/p>\n","protected":false},"excerpt":{"rendered":"<p>Ressam Frida Kahlo ile Diego Rivera Meksika\u2019da \u00d6l\u00fcler G\u00fcn\u00fc Festivali zaman\u0131! K\u00fc\u00e7\u00fck Frida ve Diego, kendilerini festivalin heyecan\u0131na kapt\u0131rm\u0131\u015f durumda. Haz\u0131rl\u0131klar t\u00fcm h\u0131z\u0131yla devam ediyor. Frida<span class=\"excerpt-hellip\"> [\u2026]<\/span><\/p>\n","protected":false},"featured_media":0,"template":"","meta":{"_monsterinsights_skip_tracking":false,"_monsterinsights_sitenote_active":false,"_monsterinsights_sitenote_note":"","_monsterinsights_sitenote_category":0},"product_brand":[],"product_cat":[12275,12274],"product_tag":[],"class_list":{"0":"post-711278","1":"product","2":"type-product","3":"status-publish","5":"product_cat-6-12-yas-kitaplari","6":"product_cat-cocuk-ve-genclik-kitaplari","7":"pa_cilt-ciltsiz","8":"pa_tur-kitap","9":"pa_yayinevi-1001-cicek-kitaplar","10":"pa_yazar-fabian-negrin","12":"first","13":"instock","14":"sale","15":"shipping-taxable","16":"purchasable","17":"product-type-simple"},"_links":{"self":[{"href":"https:\/\/roveyayinevi.com.tr\/index.php\/wp-json\/wp\/v2\/product\/711278","targetHints":{"allow":["GET"]}}],"collection":[{"href":"https:\/\/roveyayinevi.com.tr\/index.php\/wp-json\/wp\/v2\/product"}],"about":[{"href":"https:\/\/roveyayinevi.com.tr\/index.php\/wp-json\/wp\/v2\/types\/product"}],"wp:attachment":[{"href":"https:\/\/roveyayinevi.com.tr\/index.php\/wp-json\/wp\/v2\/media?parent=711278"}],"wp:term":[{"taxonomy":"product_brand","embeddable":true,"href":"https:\/\/roveyayinevi.com.tr\/index.php\/wp-json\/wp\/v2\/product_brand?post=711278"},{"taxonomy":"product_cat","embeddable":true,"href":"https:\/\/roveyayinevi.com.tr\/index.php\/wp-json\/wp\/v2\/product_cat?post=711278"},{"taxonomy":"product_tag","embeddable":true,"href":"https:\/\/roveyayinevi.com.tr\/index.php\/wp-json\/wp\/v2\/product_tag?post=711278"}],"curies":[{"name":"wp","href":"https:\/\/api.w.org\/{rel}","templated":true}]}}