{"id":711276,"date":"2025-08-27T16:43:53","date_gmt":"2025-08-27T13:43:53","guid":{"rendered":"https:\/\/roveyayinevi.com.tr\/index.php\/urun\/80-gunde-parasiz-devrialem-ciltli\/"},"modified":"2026-04-16T02:19:51","modified_gmt":"2026-04-15T23:19:51","slug":"80-gunde-parasiz-devrialem-ciltli","status":"publish","type":"product","link":"https:\/\/roveyayinevi.com.tr\/index.php\/urun\/80-gunde-parasiz-devrialem-ciltli\/","title":{"rendered":"80 G\u00fcnde Paras\u0131z Devrialem (Ciltli)"},"content":{"rendered":"<p>Jules Verne\u2019in \u00f6l\u00fcms\u00fcz eserinden ilham alan 80 G\u00fcnde Paras\u0131z Devri Alem, y\u00f6netmen ve foto\u011fraf\u00e7\u0131 Muammer Y\u0131lmaz ve Alman arkada\u015f\u0131 Milan Bilhmann\u2019\u0131n d\u00fcnyada iyi insanlar\u0131n da oldu\u011funu kan\u0131tlamak i\u00e7in \u00e7\u0131kt\u0131klar\u0131, 4 k\u0131ta ve 19 \u00fclkeyi kapsayan d\u00fcnya turuna odaklan\u0131yor. \u0130lk bask\u0131s\u0131n\u0131 Frans\u0131zca yapan, ard\u0131ndan \u0130ngilizce olarak da yay\u0131mlanan kitapta, ceplerinde be\u015f kuru\u015f olmadan d\u00fcnyay\u0131 gezmeye \u00e7al\u0131\u015fan ikilinin, ba\u015flar\u0131ndan ge\u00e7en ilgin\u00e7 olaylara de\u011finiliyor.\u0130nsanl\u0131\u011fa ve hayata dair mesajlar\u0131yla bu anlat\u0131, yediden yetmi\u015fe herkesin severek okuyaca\u011f\u0131 bir kitap. <\/p>\n","protected":false},"excerpt":{"rendered":"<p>Jules Verne\u2019in \u00f6l\u00fcms\u00fcz eserinden ilham alan 80 G\u00fcnde Paras\u0131z Devri Alem, y\u00f6netmen ve foto\u011fraf\u00e7\u0131 Muammer Y\u0131lmaz ve Alman arkada\u015f\u0131 Milan Bilhmann\u2019\u0131n d\u00fcnyada iyi insanlar\u0131n da oldu\u011funu<span class=\"excerpt-hellip\"> [\u2026]<\/span><\/p>\n","protected":false},"featured_media":0,"template":"","meta":{"_monsterinsights_skip_tracking":false,"_monsterinsights_sitenote_active":false,"_monsterinsights_sitenote_note":"","_monsterinsights_sitenote_category":0},"product_brand":[],"product_cat":[13701,12291],"product_tag":[],"class_list":{"0":"post-711276","1":"product","2":"type-product","3":"status-publish","5":"product_cat-ani-mektup-gunluk","6":"product_cat-edebiyat","7":"pa_cilt-ciltli","8":"pa_tur-kitap","9":"pa_yayinevi-ephesus-yayinlari","10":"pa_yazar-muammer-yilmaz-milan-bihlmann","12":"first","13":"instock","14":"sale","15":"shipping-taxable","16":"purchasable","17":"product-type-simple"},"_links":{"self":[{"href":"https:\/\/roveyayinevi.com.tr\/index.php\/wp-json\/wp\/v2\/product\/711276","targetHints":{"allow":["GET"]}}],"collection":[{"href":"https:\/\/roveyayinevi.com.tr\/index.php\/wp-json\/wp\/v2\/product"}],"about":[{"href":"https:\/\/roveyayinevi.com.tr\/index.php\/wp-json\/wp\/v2\/types\/product"}],"wp:attachment":[{"href":"https:\/\/roveyayinevi.com.tr\/index.php\/wp-json\/wp\/v2\/media?parent=711276"}],"wp:term":[{"taxonomy":"product_brand","embeddable":true,"href":"https:\/\/roveyayinevi.com.tr\/index.php\/wp-json\/wp\/v2\/product_brand?post=711276"},{"taxonomy":"product_cat","embeddable":true,"href":"https:\/\/roveyayinevi.com.tr\/index.php\/wp-json\/wp\/v2\/product_cat?post=711276"},{"taxonomy":"product_tag","embeddable":true,"href":"https:\/\/roveyayinevi.com.tr\/index.php\/wp-json\/wp\/v2\/product_tag?post=711276"}],"curies":[{"name":"wp","href":"https:\/\/api.w.org\/{rel}","templated":true}]}}