{"id":711271,"date":"2025-08-27T16:43:51","date_gmt":"2025-08-27T13:43:51","guid":{"rendered":"https:\/\/roveyayinevi.com.tr\/index.php\/urun\/dilharap\/"},"modified":"2026-03-31T11:54:56","modified_gmt":"2026-03-31T08:54:56","slug":"dilharap","status":"publish","type":"product","link":"https:\/\/roveyayinevi.com.tr\/index.php\/urun\/dilharap\/","title":{"rendered":"Dilharap"},"content":{"rendered":"<p>Dilharap yahut 1890\u2019lar \u0130stanbul\u2019unda se\u00e7kin bir ailenin k\u00fclt\u00fcrl\u00fc ve g\u00fczel k\u0131z\u0131 Mazlume, toplumsal a\u00e7\u0131dan daha d\u00fc\u015f\u00fck bir aileye g\u00f6r\u00fcc\u00fc usul\u00fcyle gelin giderse neler olur?   Roman\u0131n\u0131n kahraman\u0131 gibi kendisi de \u00fcst d\u00fczey bir aileye do\u011fan, Ahmet Vefik Pa\u015fa\u2019n\u0131n torunu Fatma Fahr\u00fcnnisa Han\u0131m, 1896 g\u00fcz\u00fcnden 1897 ilkbahar\u0131na kadar Han\u0131mlara Mahsus Gazete\u2019de tefrika edilen roman\u0131nda, kendini istemedi\u011fi ve neden olmad\u0131\u011f\u0131 bir zoraki evlilik i\u00e7inde bulan Mazlume\u2019nin bir yandan bir kad\u0131n olarak itibar\u0131n\u0131 korurken bir yandan da bu g\u00f6n\u00fcl y\u0131k\u0131c\u0131 evlilikten kurtulma m\u00fccadelesini anlat\u0131yor.   Her \u015fey geride kald\u0131ktan sonra, Mazlume anlat\u0131c\u0131dan kendi hikayesini bir roman haline getirmesini ve b\u00f6ylece bir t\u00fcr zor evliliklerde sa\u011f kalma rehberi olu\u015fturmay\u0131 hedefliyor. Dilharap, T\u00fcrk\u00e7e edebiyatta i\u00e7 monolog tekni\u011fini kullanan ilk metinlerden biri. <\/p>\n","protected":false},"excerpt":{"rendered":"<p>Dilharap yahut 1890\u2019lar \u0130stanbul\u2019unda se\u00e7kin bir ailenin k\u00fclt\u00fcrl\u00fc ve g\u00fczel k\u0131z\u0131 Mazlume, toplumsal a\u00e7\u0131dan daha d\u00fc\u015f\u00fck bir aileye g\u00f6r\u00fcc\u00fc usul\u00fcyle gelin giderse neler olur? Roman\u0131n\u0131n kahraman\u0131<span class=\"excerpt-hellip\"> [\u2026]<\/span><\/p>\n","protected":false},"featured_media":0,"template":"","meta":{"_monsterinsights_skip_tracking":false,"_monsterinsights_sitenote_active":false,"_monsterinsights_sitenote_note":"","_monsterinsights_sitenote_category":0},"product_brand":[],"product_cat":[12291,13872],"product_tag":[],"class_list":{"0":"post-711271","1":"product","2":"type-product","3":"status-publish","5":"product_cat-edebiyat","6":"product_cat-klasikler","7":"pa_cilt-ciltsiz","8":"pa_tur-kitap","9":"pa_yayinevi-koc-universitesi-yayinlari","10":"pa_yazar-fatma-fahrunnisa","12":"first","13":"instock","14":"sale","15":"shipping-taxable","16":"purchasable","17":"product-type-simple"},"_links":{"self":[{"href":"https:\/\/roveyayinevi.com.tr\/index.php\/wp-json\/wp\/v2\/product\/711271","targetHints":{"allow":["GET"]}}],"collection":[{"href":"https:\/\/roveyayinevi.com.tr\/index.php\/wp-json\/wp\/v2\/product"}],"about":[{"href":"https:\/\/roveyayinevi.com.tr\/index.php\/wp-json\/wp\/v2\/types\/product"}],"wp:attachment":[{"href":"https:\/\/roveyayinevi.com.tr\/index.php\/wp-json\/wp\/v2\/media?parent=711271"}],"wp:term":[{"taxonomy":"product_brand","embeddable":true,"href":"https:\/\/roveyayinevi.com.tr\/index.php\/wp-json\/wp\/v2\/product_brand?post=711271"},{"taxonomy":"product_cat","embeddable":true,"href":"https:\/\/roveyayinevi.com.tr\/index.php\/wp-json\/wp\/v2\/product_cat?post=711271"},{"taxonomy":"product_tag","embeddable":true,"href":"https:\/\/roveyayinevi.com.tr\/index.php\/wp-json\/wp\/v2\/product_tag?post=711271"}],"curies":[{"name":"wp","href":"https:\/\/api.w.org\/{rel}","templated":true}]}}