{"id":711269,"date":"2025-08-27T16:43:50","date_gmt":"2025-08-27T13:43:50","guid":{"rendered":"https:\/\/roveyayinevi.com.tr\/index.php\/urun\/saglik-hastaligi-guncel-bir-sendrom\/"},"modified":"2026-04-16T02:19:51","modified_gmt":"2026-04-15T23:19:51","slug":"saglik-hastaligi-guncel-bir-sendrom","status":"publish","type":"product","link":"https:\/\/roveyayinevi.com.tr\/index.php\/urun\/saglik-hastaligi-guncel-bir-sendrom\/","title":{"rendered":"Sa\u011fl\u0131k Hastal\u0131\u011f\u0131 &#8211; G\u00fcncel Bir Sendrom"},"content":{"rendered":"<p>Siz de az hareket etti\u011finizi d\u00fc\u015f\u00fcn\u00fcyor ve yediklerinizin kalorisini hesapl\u0131yor musunuz? Fark\u0131ndal\u0131\u011f\u0131n\u0131z\u0131 art\u0131rmak i\u00e7in ya\u015fam ko\u00e7lar\u0131na, sizi birka\u00e7 kilometre daha fazla y\u00fcr\u00fcts\u00fcn diye diyet ko\u00e7lar\u0131na m\u0131 ko\u015fturuyorsunuz? Pozitif psikolojiye mi inan\u0131yorsunuz? Sa\u011fl\u0131kl\u0131 olmak sizin i\u00e7in de bir erdeme mi d\u00f6n\u00fc\u015ft\u00fc? O zaman siz de sa\u011fl\u0131k hastal\u0131\u011f\u0131na yakalanm\u0131\u015f olabilirsiniz. Sa\u011fl\u0131kl\u0131 ya\u015fam dayatmas\u0131n\u0131n pen\u00e7esindeki insanlar sadece daha sa\u011fl\u0131kl\u0131 daha mutlu ve daha \u00fcretken de\u011filler. Ayn\u0131 zamanda narsisistik, kayg\u0131l\u0131 ve su\u00e7luluk duygusu i\u00e7indeler. Sa\u011fl\u0131kl\u0131 ya\u015fam sendromunun kurban\u0131 durumundalar. Biyo-ahlak ki\u015fisel patolojilere yol a\u00e7makla kalm\u0131yor, ba\u015fkalar\u0131yla ili\u015fkileri de etkiliyor. G\u00fcn\u00fcm\u00fczde sa\u011fl\u0131k hastal\u0131\u011f\u0131n\u0131n bir ideolojiye d\u00f6n\u00fc\u015ft\u00fc\u011f\u00fcn\u00fc \u00f6ne s\u00fcren Cederstr\u00f6m ve Spicer bu olguyu b\u00fct\u00fcn boyutlar\u0131yla mercek alt\u0131na al\u0131yorlar. <\/p>\n","protected":false},"excerpt":{"rendered":"<p>Siz de az hareket etti\u011finizi d\u00fc\u015f\u00fcn\u00fcyor ve yediklerinizin kalorisini hesapl\u0131yor musunuz? Fark\u0131ndal\u0131\u011f\u0131n\u0131z\u0131 art\u0131rmak i\u00e7in ya\u015fam ko\u00e7lar\u0131na, sizi birka\u00e7 kilometre daha fazla y\u00fcr\u00fcts\u00fcn diye diyet ko\u00e7lar\u0131na m\u0131<span class=\"excerpt-hellip\"> [\u2026]<\/span><\/p>\n","protected":false},"featured_media":0,"template":"","meta":{"_monsterinsights_skip_tracking":false,"_monsterinsights_sitenote_active":false,"_monsterinsights_sitenote_note":"","_monsterinsights_sitenote_category":0},"product_brand":[],"product_cat":[20313,13365],"product_tag":[],"class_list":{"0":"post-711269","1":"product","2":"type-product","3":"status-publish","5":"product_cat-basvuru-kitaplari-saglik","6":"product_cat-saglik","7":"pa_cilt-ciltsiz","8":"pa_tur-kitap","9":"pa_yayinevi-yapi-kredi-yayinlari","10":"pa_yazar-carl-cederstrom-andre-spicer","12":"first","13":"instock","14":"sale","15":"shipping-taxable","16":"purchasable","17":"product-type-simple"},"_links":{"self":[{"href":"https:\/\/roveyayinevi.com.tr\/index.php\/wp-json\/wp\/v2\/product\/711269","targetHints":{"allow":["GET"]}}],"collection":[{"href":"https:\/\/roveyayinevi.com.tr\/index.php\/wp-json\/wp\/v2\/product"}],"about":[{"href":"https:\/\/roveyayinevi.com.tr\/index.php\/wp-json\/wp\/v2\/types\/product"}],"wp:attachment":[{"href":"https:\/\/roveyayinevi.com.tr\/index.php\/wp-json\/wp\/v2\/media?parent=711269"}],"wp:term":[{"taxonomy":"product_brand","embeddable":true,"href":"https:\/\/roveyayinevi.com.tr\/index.php\/wp-json\/wp\/v2\/product_brand?post=711269"},{"taxonomy":"product_cat","embeddable":true,"href":"https:\/\/roveyayinevi.com.tr\/index.php\/wp-json\/wp\/v2\/product_cat?post=711269"},{"taxonomy":"product_tag","embeddable":true,"href":"https:\/\/roveyayinevi.com.tr\/index.php\/wp-json\/wp\/v2\/product_tag?post=711269"}],"curies":[{"name":"wp","href":"https:\/\/api.w.org\/{rel}","templated":true}]}}