{"id":711268,"date":"2025-08-27T16:43:49","date_gmt":"2025-08-27T13:43:49","guid":{"rendered":"https:\/\/roveyayinevi.com.tr\/index.php\/urun\/bizans-devrinde-bogazici\/"},"modified":"2026-04-16T02:19:51","modified_gmt":"2026-04-15T23:19:51","slug":"bizans-devrinde-bogazici","status":"publish","type":"product","link":"https:\/\/roveyayinevi.com.tr\/index.php\/urun\/bizans-devrinde-bogazici\/","title":{"rendered":"Bizans Devrinde Bo\u011fazi\u00e7i"},"content":{"rendered":"<p>Tarihin her \u00e7a\u011f\u0131nda d\u00fcnyan\u0131n \u00f6nemli merkezlerinden biri olmu\u015f olan \u0130stanbul&#8217;un, yerle\u015fme yeri olarak se\u00e7ili\u015f, do\u011fu\u015f ve geli\u015fmesinde b\u00fcy\u00fck rol oynayan unsurlardan biri hi\u00e7 \u015f\u00fcphesiz Bo\u011fazi\u00e7i&#8217;dir. Bu g\u00fcn Bo\u011fazi\u00e7i h\u0131zla de\u011fi\u015fmekte ve tarih i\u00e7inde ona \u00fcn veren g\u00fczelliklerini bir daha geri gelmeyecek \u015feklide kaybetmektedir. Kaybolan Bo\u011fazi\u00e7i&#8217;nin tarih i\u00e7indeki durumu ve karakterini yeterli bi\u00e7imde ele alan eser mevcut de\u011fildir. Bo\u011fazi\u00e7i tarihi ve arkeolojisi de yeterince a\u00e7\u0131k surette ortaya koyulabilmi\u015f de\u011fildir. Elinizdeki bu kitap 1973 y\u0131l\u0131nda Bo\u011fazi\u00e7i&#8217;nin ge\u00e7mi\u015fi, o g\u00fcnk\u00fc durumu ve gelece\u011fi hakk\u0131nda d\u00fczenlenen bir sempozyum i\u00e7in Prof. Dr. Semavi Eyice taraf\u0131ndan haz\u0131rlanan bildirinin kitapla\u015fm\u0131\u015f halidir. \u00c7al\u0131\u015fmam\u0131zdaki esas gaye, Bizans devrindeki Bo\u011fazi\u00e7i hakk\u0131nda genel bir fikir vermek, \u015fimdiye kadar g\u00f6r\u00fclen ve bilinen kal\u0131nt\u0131lar\u0131 ile onu tan\u0131tmakt\u0131r. Ortaya \u00e7\u0131kan bir ger\u00e7ek de \u015fudur ki Bo\u011fazi\u00e7i&#8217;nin g\u00fczelliklerini ortaya \u00e7\u0131karan Osmanl\u0131 d\u00f6nemidir. Bizans d\u00f6neminde burada sadece k\u0131y\u0131larda belki birka\u00e7 bal\u0131k\u00e7\u0131 k\u00f6y\u00fc, tepelerde de manast\u0131rlar vard\u0131. Sadece bir saray\u0131n da varl\u0131\u011f\u0131 bilinir. Bizans \u00e7a\u011f\u0131na ait en k\u00fc\u00e7\u00fck buluntular ile, mimari kal\u0131nt\u0131lar\u0131ndan tespit edilebilenlerin bulgular\u0131ndan olu\u015fan g\u00f6rsel malzemeler ilk defa olarak bu elinizdeki eserde toplan\u0131p kullan\u0131lm\u0131\u015ft\u0131r. Zevkle okuman\u0131z dile\u011fiyle. \ufffcTan\u0131t\u0131m Metni<\/p>\n","protected":false},"excerpt":{"rendered":"<p>Tarihin her \u00e7a\u011f\u0131nda d\u00fcnyan\u0131n \u00f6nemli merkezlerinden biri olmu\u015f olan \u0130stanbul&#8217;un, yerle\u015fme yeri olarak se\u00e7ili\u015f, do\u011fu\u015f ve geli\u015fmesinde b\u00fcy\u00fck rol oynayan unsurlardan biri hi\u00e7 \u015f\u00fcphesiz Bo\u011fazi\u00e7i&#8217;dir. Bu<span class=\"excerpt-hellip\"> [\u2026]<\/span><\/p>\n","protected":false},"featured_media":0,"template":"","meta":{"_monsterinsights_skip_tracking":false,"_monsterinsights_sitenote_active":false,"_monsterinsights_sitenote_note":"","_monsterinsights_sitenote_category":0},"product_brand":[],"product_cat":[12370,12304],"product_tag":[],"class_list":{"0":"post-711268","1":"product","2":"type-product","3":"status-publish","5":"product_cat-arastirma-inceleme","6":"product_cat-tarih","7":"pa_cilt-ciltsiz","8":"pa_tur-kitap","9":"pa_yayinevi-yeditepe-yayinevi","10":"pa_yazar-semavi-eyice","12":"first","13":"instock","14":"sale","15":"shipping-taxable","16":"purchasable","17":"product-type-simple"},"_links":{"self":[{"href":"https:\/\/roveyayinevi.com.tr\/index.php\/wp-json\/wp\/v2\/product\/711268","targetHints":{"allow":["GET"]}}],"collection":[{"href":"https:\/\/roveyayinevi.com.tr\/index.php\/wp-json\/wp\/v2\/product"}],"about":[{"href":"https:\/\/roveyayinevi.com.tr\/index.php\/wp-json\/wp\/v2\/types\/product"}],"wp:attachment":[{"href":"https:\/\/roveyayinevi.com.tr\/index.php\/wp-json\/wp\/v2\/media?parent=711268"}],"wp:term":[{"taxonomy":"product_brand","embeddable":true,"href":"https:\/\/roveyayinevi.com.tr\/index.php\/wp-json\/wp\/v2\/product_brand?post=711268"},{"taxonomy":"product_cat","embeddable":true,"href":"https:\/\/roveyayinevi.com.tr\/index.php\/wp-json\/wp\/v2\/product_cat?post=711268"},{"taxonomy":"product_tag","embeddable":true,"href":"https:\/\/roveyayinevi.com.tr\/index.php\/wp-json\/wp\/v2\/product_tag?post=711268"}],"curies":[{"name":"wp","href":"https:\/\/api.w.org\/{rel}","templated":true}]}}