{"id":711266,"date":"2025-08-27T16:43:48","date_gmt":"2025-08-27T13:43:48","guid":{"rendered":"https:\/\/roveyayinevi.com.tr\/index.php\/urun\/weysel-paradoksu\/"},"modified":"2026-04-03T02:25:25","modified_gmt":"2026-04-02T23:25:25","slug":"weysel-paradoksu","status":"publish","type":"product","link":"https:\/\/roveyayinevi.com.tr\/index.php\/urun\/weysel-paradoksu\/","title":{"rendered":"Weysel Paradoksu"},"content":{"rendered":"<p>\u201cBenim de aforizmalar\u0131m olacak, ismimle an\u0131lan bir paradoksum. Veysel Paradoksu. Russel paradoksuyla da kafiyeli, ne g\u00fczel\u2026 Arkada\u015flar Veysi paradoksu, o\u011flum babam\u0131n paradoksu diyecek. Belki seans bitmeden bulurum. Sevgilimin paradoksu diyecek Selma, \u00f6b\u00fcr k\u0131zlara hava basacak. Nas\u0131l heyecanlan\u0131yorum d\u00fc\u015f\u00fcnd\u00fck\u00e7e. Annem dikili bir a\u011fac\u0131m yok diye \u00fcz\u00fclmeyecek, \u00f6yle \u00f6l\u00fcms\u00fczl\u00fc\u011fe filan akl\u0131 ermez; o\u011flumun paradoksu var diyecek kom\u015fu kad\u0131na. Ya \u00f6yle mi? Hay\u0131rl\u0131 olsun! Bizim o\u011flan da kooperatife yaz\u0131lm\u0131\u015f diyecek, o da.\u201d Weysel Paradoksu, hayal ile ger\u00e7e\u011fin ve a\u015fk ile cinnetin hem e\u015fi\u011finde hem de tam merkezinde sahne al\u0131yor.Bu kitap, bir yandan Goethe\u2019nin di\u011fer yandan da Dostoyevski\u2019nin kahraman\u0131n\u0131n g\u00fcn\u00fcm\u00fcze bakan bir izd\u00fc\u015f\u00fcm\u00fcn\u00fc kar\u015f\u0131m\u0131za \u00e7\u0131kar\u0131rken; yo\u011fun, zengin ve \u015fa\u015f\u0131rt\u0131c\u0131 bir anlat\u0131m \u00e7e\u015fitlili\u011fi ile yeni Werther\u2019in Yeralt\u0131ndan Notlar\u0131n\u0131 payla\u015f\u0131yor bizimle\u2026 <\/p>\n","protected":false},"excerpt":{"rendered":"<p>\u201cBenim de aforizmalar\u0131m olacak, ismimle an\u0131lan bir paradoksum. Veysel Paradoksu. Russel paradoksuyla da kafiyeli, ne g\u00fczel\u2026 Arkada\u015flar Veysi paradoksu, o\u011flum babam\u0131n paradoksu diyecek. Belki seans bitmeden<span class=\"excerpt-hellip\"> [\u2026]<\/span><\/p>\n","protected":false},"featured_media":0,"template":"","meta":{"_monsterinsights_skip_tracking":false,"_monsterinsights_sitenote_active":false,"_monsterinsights_sitenote_note":"","_monsterinsights_sitenote_category":0},"product_brand":[],"product_cat":[12291,12711],"product_tag":[],"class_list":{"0":"post-711266","1":"product","2":"type-product","3":"status-publish","5":"product_cat-edebiyat","6":"product_cat-roman-oyku","7":"pa_cilt-ciltsiz","8":"pa_tur-kitap","9":"pa_yayinevi-karakum-yayinevi","10":"pa_yazar-hasan-yurtoglu","12":"first","13":"instock","14":"sale","15":"shipping-taxable","16":"purchasable","17":"product-type-simple"},"_links":{"self":[{"href":"https:\/\/roveyayinevi.com.tr\/index.php\/wp-json\/wp\/v2\/product\/711266","targetHints":{"allow":["GET"]}}],"collection":[{"href":"https:\/\/roveyayinevi.com.tr\/index.php\/wp-json\/wp\/v2\/product"}],"about":[{"href":"https:\/\/roveyayinevi.com.tr\/index.php\/wp-json\/wp\/v2\/types\/product"}],"wp:attachment":[{"href":"https:\/\/roveyayinevi.com.tr\/index.php\/wp-json\/wp\/v2\/media?parent=711266"}],"wp:term":[{"taxonomy":"product_brand","embeddable":true,"href":"https:\/\/roveyayinevi.com.tr\/index.php\/wp-json\/wp\/v2\/product_brand?post=711266"},{"taxonomy":"product_cat","embeddable":true,"href":"https:\/\/roveyayinevi.com.tr\/index.php\/wp-json\/wp\/v2\/product_cat?post=711266"},{"taxonomy":"product_tag","embeddable":true,"href":"https:\/\/roveyayinevi.com.tr\/index.php\/wp-json\/wp\/v2\/product_tag?post=711266"}],"curies":[{"name":"wp","href":"https:\/\/api.w.org\/{rel}","templated":true}]}}