{"id":711263,"date":"2025-08-27T16:43:46","date_gmt":"2025-08-27T13:43:46","guid":{"rendered":"https:\/\/roveyayinevi.com.tr\/index.php\/urun\/hacli-hikayeleri\/"},"modified":"2026-04-12T02:23:22","modified_gmt":"2026-04-11T23:23:22","slug":"hacli-hikayeleri","status":"publish","type":"product","link":"https:\/\/roveyayinevi.com.tr\/index.php\/urun\/hacli-hikayeleri\/","title":{"rendered":"Ha\u00e7l\u0131 Hikayeleri"},"content":{"rendered":"<p>Ha\u00e7l\u0131 seferleri tarihi kimi zaman ironik, kimi zaman ilgin\u00e7 kimi zaman hayranl\u0131k uyand\u0131r\u0131c\u0131 kimi zaman ise deh\u015fete d\u00fc\u015f\u00fcren hik\u00e2yelerle doludur. \u00d6yle ki bazen kazan\u0131lan bir sava\u015f\u0131n kaderi saatlere ba\u011fl\u0131 olabilmi\u015f, karde\u015f ve dost kabul edilenler ya\u011fma ve katliama maruz b\u0131rak\u0131labilmi\u015f, aforozlu bir imparator bu \u015fekilde \u00e7\u0131kt\u0131\u011f\u0131 bir seferlerle hem de tek bir k\u0131l\u0131\u00e7 sallamadan Kud\u00fcs\u2019\u00fc H\u0131ristiyanl\u0131k ad\u0131na geri alabilmi\u015ftir.S\u00f6z konusu hik\u00e2yeleri besleyen ana kaynak ise din olgusunun d\u0131\u015f\u0131nda m\u00fccadelenin taraflar\u0131n\u0131n yekdi\u011ferine kar\u015f\u0131 \u00f6n yarg\u0131lar\u0131, nefret ve k\u0131zg\u0131nl\u0131\u011f\u0131 ya da bunun tam aksine g\u00f6sterdi\u011fi c\u00f6mertlik ve iyi niyet olabilmi\u015ftir. Belek\u2019ten Selahaddin\u2019e, I. Baudouin\u2019den Arslan Y\u00fcrekli Richard\u2019a kahramanlar\u0131n hik\u00e2yeleri de bu \u015fekilde ortaya \u00e7\u0131km\u0131\u015ft\u0131r.Bu kitapta Ha\u00e7l\u0131 seferleri tarihi i\u00e7inde has bahse konu hallerin bir yans\u0131mas\u0131 olarak ortaya \u00e7\u0131kan hik\u00e2yeler anlat\u0131lmaya ve b\u00f6ylelikle Ha\u00e7l\u0131 seferleri farkl\u0131 bir a\u00e7\u0131dan aktar\u0131lmaya \u00e7al\u0131\u015f\u0131lm\u0131\u015ft\u0131r. <\/p>\n","protected":false},"excerpt":{"rendered":"<p>Ha\u00e7l\u0131 seferleri tarihi kimi zaman ironik, kimi zaman ilgin\u00e7 kimi zaman hayranl\u0131k uyand\u0131r\u0131c\u0131 kimi zaman ise deh\u015fete d\u00fc\u015f\u00fcren hik\u00e2yelerle doludur. \u00d6yle ki bazen kazan\u0131lan bir sava\u015f\u0131n<span class=\"excerpt-hellip\"> [\u2026]<\/span><\/p>\n","protected":false},"featured_media":0,"template":"","meta":{"_monsterinsights_skip_tracking":false,"_monsterinsights_sitenote_active":false,"_monsterinsights_sitenote_note":"","_monsterinsights_sitenote_category":0},"product_brand":[],"product_cat":[12291,12711],"product_tag":[],"class_list":{"0":"post-711263","1":"product","2":"type-product","3":"status-publish","5":"product_cat-edebiyat","6":"product_cat-roman-oyku","7":"pa_cilt-ciltsiz","8":"pa_tur-kitap","9":"pa_yayinevi-yeditepe-yayinevi","10":"pa_yazar-aydin-usta","12":"first","13":"instock","14":"sale","15":"shipping-taxable","16":"purchasable","17":"product-type-simple"},"_links":{"self":[{"href":"https:\/\/roveyayinevi.com.tr\/index.php\/wp-json\/wp\/v2\/product\/711263","targetHints":{"allow":["GET"]}}],"collection":[{"href":"https:\/\/roveyayinevi.com.tr\/index.php\/wp-json\/wp\/v2\/product"}],"about":[{"href":"https:\/\/roveyayinevi.com.tr\/index.php\/wp-json\/wp\/v2\/types\/product"}],"wp:attachment":[{"href":"https:\/\/roveyayinevi.com.tr\/index.php\/wp-json\/wp\/v2\/media?parent=711263"}],"wp:term":[{"taxonomy":"product_brand","embeddable":true,"href":"https:\/\/roveyayinevi.com.tr\/index.php\/wp-json\/wp\/v2\/product_brand?post=711263"},{"taxonomy":"product_cat","embeddable":true,"href":"https:\/\/roveyayinevi.com.tr\/index.php\/wp-json\/wp\/v2\/product_cat?post=711263"},{"taxonomy":"product_tag","embeddable":true,"href":"https:\/\/roveyayinevi.com.tr\/index.php\/wp-json\/wp\/v2\/product_tag?post=711263"}],"curies":[{"name":"wp","href":"https:\/\/api.w.org\/{rel}","templated":true}]}}