{"id":711262,"date":"2025-08-27T16:43:46","date_gmt":"2025-08-27T13:43:46","guid":{"rendered":"https:\/\/roveyayinevi.com.tr\/index.php\/urun\/kompost-tuvaletler-susuz-ve-sihhi-teknikler\/"},"modified":"2026-04-16T02:19:51","modified_gmt":"2026-04-15T23:19:51","slug":"kompost-tuvaletler-susuz-ve-sihhi-teknikler","status":"publish","type":"product","link":"https:\/\/roveyayinevi.com.tr\/index.php\/urun\/kompost-tuvaletler-susuz-ve-sihhi-teknikler\/","title":{"rendered":"Kompost Tuvaletler Susuz ve S\u0131hhi Teknikler"},"content":{"rendered":"<p>Topraklar\u0131m\u0131z i\u00e7in \u00e7ok de\u011ferli kompost malzemesini israf edip \u00e7\u00f6pe at\u0131yoruz. Oysa bunlar\u0131 apartmandan bah\u00e7eye, otellerden fabrikalara, sanayiden tarlalara kadar kuraca\u011f\u0131m\u0131z basit ve ucuz sistemlerle ileri d\u00f6n\u00fc\u015ft\u00fcrebilir yani kompostla\u015ft\u0131rabiliriz. B\u00f6ylelikle \u00e7ok k\u0131ymetli ve toprak i\u00e7in ya\u015famsal g\u00fcbrenin en kalitesini elde edebiliriz.Kent bah\u00e7ecileri, \u00e7ift\u00e7iler, belediyeler, sanayi tesisleri, oteller at\u0131klar\u0131n\u0131z\u0131 kompostla\u015ft\u0131r\u0131n, gezegene onar\u0131c\u0131 bir katk\u0131 verin, \u00fcstelik g\u00fcbreye verdi\u011finiz para cebinizde kals\u0131n. T\u00fckenmekte olan do\u011fay\u0131 koruyun ve ya\u015famsal \u00f6nemdeki fakirle\u015fmi\u015f topra\u011f\u0131m\u0131z\u0131 geri kazan\u0131n.Bu kitap i\u015fte bunlar\u0131n tamam\u0131n\u0131 yapabilmeniz i\u00e7in haz\u0131rlanm\u0131\u015f tam bir uygulama kayna\u011f\u0131 ve pratik kitab\u0131d\u0131r.Kompost hakk\u0131nda gerekli b\u00fct\u00fcn bilgileri bu kitapta bulabilirsiniz. Kompostun kurulmas\u0131, so\u011fuk, s\u0131cak kompost ve di\u011fer y\u00f6ntemlerin hepsi. Evsel at\u0131klar\u0131n\u0131z\u0131 nas\u0131l kompost yapabilirsiniz, nelere dikkat etmelisiniz, tek tek hepsini anlatan e\u015fsiz bir kaynak. Kompostun nemini ve s\u0131cakl\u0131\u011f\u0131n\u0131 kontrol etmek i\u00e7in hem bilimsel de\u011feler veriliyor hem de basit ve elle yap\u0131lan kontroller anlat\u0131l\u0131yor. Her neyi kompostla\u015ft\u0131rmak istiyorsan\u0131z, elinizin alt\u0131nda bulunmas\u0131 gereken bir eser.Tablolar, grafikler ve g\u00f6rsellerle desteklenen anlat\u0131mda, ayr\u0131ca ihtiya\u00e7 duyulacak b\u00fct\u00fcn de\u011ferler, kompostun bile\u015fenleri, topra\u011f\u0131n en \u00e7ok ihtiya\u00e7 duydu\u011fu azot, fosfor ve potasyum miktarlar\u0131 da ayr\u0131nt\u0131lar\u0131yla yer al\u0131yor.B\u00fcy\u00fck oranda ar\u0131t\u0131lmadan \u00e7e\u015fitli su kaynaklar\u0131na b\u0131rak\u0131lan insan d\u0131\u015fk\u0131s\u0131 da \u00e7ok \u00f6nemli bir kompost kayna\u011f\u0131d\u0131r. M\u00fcstakil evlerden \u00e7ok katl\u0131 apartmanlara, k\u0131rsaldan kente kadar her yerde uygulanabilen kompost tuvaletler i\u00e7in d\u00fcnyada gittik\u00e7e b\u00fcy\u00fcyen bir ilgi mevcut. \u00d6rnekler h\u0131zla art\u0131yor, uygulamaya kat\u0131lan \u015fehirler birbirini koval\u0131yor. \u00c7evreye zarar de\u011fil yarar sa\u011flayan, bunu yaparken bir de \u00fcst\u00fcne gelir getiren bu m\u00fcthi\u015f uygulaman\u0131n b\u00fct\u00fcn detaylar\u0131n\u0131, resimlerle ve \u00e7izimlerle \u00f6rneklerini bulaca\u011f\u0131n\u0131z kitab\u0131m\u0131z, yar\u0131nlar\u0131 anlat\u0131yor.\u00d6nyarg\u0131lar\u0131n\u0131z\u0131 tekrar g\u00f6zden ge\u00e7irin, gelece\u011fin d\u00fcnyas\u0131na ilk ad\u0131m\u0131 k\u00fc\u00e7\u00fck bir kompost kutusu edinerek at\u0131n. Arkas\u0131 kendili\u011finden ak\u0131p gelecektir. <\/p>\n","protected":false},"excerpt":{"rendered":"<p>Topraklar\u0131m\u0131z i\u00e7in \u00e7ok de\u011ferli kompost malzemesini israf edip \u00e7\u00f6pe at\u0131yoruz. Oysa bunlar\u0131 apartmandan bah\u00e7eye, otellerden fabrikalara, sanayiden tarlalara kadar kuraca\u011f\u0131m\u0131z basit ve ucuz sistemlerle ileri d\u00f6n\u00fc\u015ft\u00fcrebilir<span class=\"excerpt-hellip\"> [\u2026]<\/span><\/p>\n","protected":false},"featured_media":0,"template":"","meta":{"_monsterinsights_skip_tracking":false,"_monsterinsights_sitenote_active":false,"_monsterinsights_sitenote_note":"","_monsterinsights_sitenote_category":0},"product_brand":[],"product_cat":[23323,12364],"product_tag":[],"class_list":{"0":"post-711262","1":"product","2":"type-product","3":"status-publish","5":"product_cat-ekoloji","6":"product_cat-genel-konular","7":"pa_cilt-ciltsiz","8":"pa_tur-kitap","9":"pa_yayinevi-yeni-insan-yayinlari","10":"pa_yazar-wolfgang-berger-claudialorenz-ladener","12":"first","13":"instock","14":"sale","15":"shipping-taxable","16":"purchasable","17":"product-type-simple"},"_links":{"self":[{"href":"https:\/\/roveyayinevi.com.tr\/index.php\/wp-json\/wp\/v2\/product\/711262","targetHints":{"allow":["GET"]}}],"collection":[{"href":"https:\/\/roveyayinevi.com.tr\/index.php\/wp-json\/wp\/v2\/product"}],"about":[{"href":"https:\/\/roveyayinevi.com.tr\/index.php\/wp-json\/wp\/v2\/types\/product"}],"wp:attachment":[{"href":"https:\/\/roveyayinevi.com.tr\/index.php\/wp-json\/wp\/v2\/media?parent=711262"}],"wp:term":[{"taxonomy":"product_brand","embeddable":true,"href":"https:\/\/roveyayinevi.com.tr\/index.php\/wp-json\/wp\/v2\/product_brand?post=711262"},{"taxonomy":"product_cat","embeddable":true,"href":"https:\/\/roveyayinevi.com.tr\/index.php\/wp-json\/wp\/v2\/product_cat?post=711262"},{"taxonomy":"product_tag","embeddable":true,"href":"https:\/\/roveyayinevi.com.tr\/index.php\/wp-json\/wp\/v2\/product_tag?post=711262"}],"curies":[{"name":"wp","href":"https:\/\/api.w.org\/{rel}","templated":true}]}}