{"id":711260,"date":"2025-08-27T16:43:45","date_gmt":"2025-08-27T13:43:45","guid":{"rendered":"https:\/\/roveyayinevi.com.tr\/index.php\/urun\/kalbime-girmeden-beynimde-isin-ne\/"},"modified":"2026-04-11T13:39:36","modified_gmt":"2026-04-11T10:39:36","slug":"kalbime-girmeden-beynimde-isin-ne","status":"publish","type":"product","link":"https:\/\/roveyayinevi.com.tr\/index.php\/urun\/kalbime-girmeden-beynimde-isin-ne\/","title":{"rendered":"Kalbime Girmeden Beynimde \u0130\u015fin Ne?"},"content":{"rendered":"<p>Derslere Nas\u0131l \u00c2\u015f\u0131k Olabilirim? Hi\u00e7 d\u00fc\u015f\u00fcnd\u00fcn m\u00fc? Dersler senin d\u00fc\u015fman\u0131n m\u0131, yoksa dostun mu? Dersleri hor g\u00f6ren ba\u015far\u0131y\u0131 zor g\u00f6r\u00fcr \ud83d\ude42 D\u00fc\u015f\u00fcnceleri dayatmak insanlar\u0131 birbirinden uzakla\u015ft\u0131r\u0131r, duygular\u0131 payla\u015fmak insanlar\u0131 birbirine yakla\u015ft\u0131r\u0131r. Anne-baba ve \u00f6\u011fretmenler mant\u0131klar\u0131na uygun d\u00fc\u015f\u00fcncelerini \u00e7ocuklar\u0131na dayat\u0131rlar. Oysa \u00e7ocuklar duygular\u0131n\u0131n pe\u015finden ko\u015farlar ve b\u00fct\u00fcn \u00e7at\u0131\u015fmalar bu y\u00fczden \u00e7\u0131kar. Benzinli arabaya ayran doldurdu\u011funda onu \u00e7al\u0131\u015ft\u0131rabilir misin? Bu, araban\u0131n ar\u0131zal\u0131 ya da ayran\u0131n bozuk oldu\u011fu anlam\u0131na gelmez; do\u011fru yak\u0131t\u0131 do\u011fru yerde kullanmad\u0131\u011f\u0131n anlam\u0131na gelir. Anne-baba ya da \u00f6\u011fretmenin &#8216;\u00e7al\u0131\u015f&#8217; dedi\u011finde i\u00e7inden \u00e7al\u0131\u015fmak gelmiyorsa; bu, onlar\u0131n yanl\u0131\u015f konu\u015ftu\u011fu veya beyninin ar\u0131zal\u0131 oldu\u011fu anlam\u0131na gelmez. \u015eu anda eline al\u0131p i\u00e7inde ne oldu\u011funu merak etti\u011fin bu kitap seninle dersler aras\u0131ndaki buzlar\u0131 eritecek, derslere \u00e2\u015f\u0131k olduktan sonra ba\u015farmana, hedefine ula\u015fmana ve parmakla g\u00f6sterilmene destek olacakt\u0131r. \u00c2\u015f\u0131k olman\u0131n s\u0131cakl\u0131\u011f\u0131n\u0131 ya\u015famaya ve sonunda kendini alk\u0131\u015flayaca\u011f\u0131n bir yolculu\u011fa \u00e7\u0131kmaya ne dersin can\u0131m? \ufffcTan\u0131t\u0131m Metni<\/p>\n","protected":false},"excerpt":{"rendered":"<p>Derslere Nas\u0131l \u00c2\u015f\u0131k Olabilirim? Hi\u00e7 d\u00fc\u015f\u00fcnd\u00fcn m\u00fc? Dersler senin d\u00fc\u015fman\u0131n m\u0131, yoksa dostun mu? Dersleri hor g\u00f6ren ba\u015far\u0131y\u0131 zor g\u00f6r\u00fcr \ud83d\ude42 D\u00fc\u015f\u00fcnceleri dayatmak insanlar\u0131 birbirinden uzakla\u015ft\u0131r\u0131r,<span class=\"excerpt-hellip\"> [\u2026]<\/span><\/p>\n","protected":false},"featured_media":0,"template":"","meta":{"_monsterinsights_skip_tracking":false,"_monsterinsights_sitenote_active":false,"_monsterinsights_sitenote_note":"","_monsterinsights_sitenote_category":0},"product_brand":[],"product_cat":[12364,12376],"product_tag":[],"class_list":{"0":"post-711260","1":"product","2":"type-product","3":"status-publish","5":"product_cat-genel-konular","6":"product_cat-kisisel-gelisim","7":"pa_cilt-ciltsiz","8":"pa_tur-kitap","9":"pa_yayinevi-yediveren-yayinlari","10":"pa_yazar-alisan-kapaklikaya","12":"first","13":"instock","14":"sale","15":"shipping-taxable","16":"purchasable","17":"product-type-simple"},"_links":{"self":[{"href":"https:\/\/roveyayinevi.com.tr\/index.php\/wp-json\/wp\/v2\/product\/711260","targetHints":{"allow":["GET"]}}],"collection":[{"href":"https:\/\/roveyayinevi.com.tr\/index.php\/wp-json\/wp\/v2\/product"}],"about":[{"href":"https:\/\/roveyayinevi.com.tr\/index.php\/wp-json\/wp\/v2\/types\/product"}],"wp:attachment":[{"href":"https:\/\/roveyayinevi.com.tr\/index.php\/wp-json\/wp\/v2\/media?parent=711260"}],"wp:term":[{"taxonomy":"product_brand","embeddable":true,"href":"https:\/\/roveyayinevi.com.tr\/index.php\/wp-json\/wp\/v2\/product_brand?post=711260"},{"taxonomy":"product_cat","embeddable":true,"href":"https:\/\/roveyayinevi.com.tr\/index.php\/wp-json\/wp\/v2\/product_cat?post=711260"},{"taxonomy":"product_tag","embeddable":true,"href":"https:\/\/roveyayinevi.com.tr\/index.php\/wp-json\/wp\/v2\/product_tag?post=711260"}],"curies":[{"name":"wp","href":"https:\/\/api.w.org\/{rel}","templated":true}]}}