{"id":711259,"date":"2025-08-27T16:43:44","date_gmt":"2025-08-27T13:43:44","guid":{"rendered":"https:\/\/roveyayinevi.com.tr\/index.php\/urun\/yalniz-insanlar-sokagi\/"},"modified":"2026-04-16T02:19:50","modified_gmt":"2026-04-15T23:19:50","slug":"yalniz-insanlar-sokagi","status":"publish","type":"product","link":"https:\/\/roveyayinevi.com.tr\/index.php\/urun\/yalniz-insanlar-sokagi\/","title":{"rendered":"Yaln\u0131z \u0130nsanlar Soka\u011f\u0131"},"content":{"rendered":"<p>Erkekler bir\u00e7ok kez gider. Kad\u0131nlar bir kez&#8230;      S\u00f6zler erkeklerin a\u011fz\u0131ndan \u00e7abucak \u00e7\u0131kar, beklemeden.      Kad\u0131nlar bekleyip, i\u00e7lerini ezip ezip bir tek kez s\u00f6yler:   &#8220;Bitti! &#8221;      Bir kad\u0131n bir adam\u0131 ger\u00e7ekten bitti\u011finde terk eder.Sonra ne s\u00f6ylesen nehir akmaz geri do\u011fru.Nehirler geri ak\u0131t\u0131l\u0131yorsa&#8230;  Hi\u00e7 ger\u00e7ekten konu\u015fulmaz art\u0131k.      Hi\u00e7 ger\u00e7ekten g\u00fcl\u00fcnmez.      Hayat, ya\u015faman\u0131n bir k\u00f6t\u00fc taklidi gibi gelir ge\u00e7er; de\u011fmeden, de\u015fmeden.      &#8220;B\u00f6yleymi\u015f demek,&#8221; dersin, &#8220;hayat b\u00f6yle bir yermi\u015f demek ki.&#8221; Kendi kendini ikna edersin:      &#8220;B\u00f6yle de ya\u015fan\u0131yor i\u015fte.&#8221;      Bir g\u00fcn ne t\u00fckeniyor, kimse bilemez. Kad\u0131nlarda hik\u00e2yeler,bazen hi\u00e7 kavgas\u0131z, g\u00fcr\u00fclt\u00fcs\u00fcz bitiverir. O zaman i\u015fte, \u00f6l\u00fcml\u00fc oldu\u011funu hat\u0131rlarsan e\u011fer, gitmen gerekir. <\/p>\n","protected":false},"excerpt":{"rendered":"<p>Erkekler bir\u00e7ok kez gider. Kad\u0131nlar bir kez&#8230; S\u00f6zler erkeklerin a\u011fz\u0131ndan \u00e7abucak \u00e7\u0131kar, beklemeden. Kad\u0131nlar bekleyip, i\u00e7lerini ezip ezip bir tek kez s\u00f6yler: &#8220;Bitti! &#8221; Bir kad\u0131n<span class=\"excerpt-hellip\"> [\u2026]<\/span><\/p>\n","protected":false},"featured_media":0,"template":"","meta":{"_monsterinsights_skip_tracking":false,"_monsterinsights_sitenote_active":false,"_monsterinsights_sitenote_note":"","_monsterinsights_sitenote_category":0},"product_brand":[],"product_cat":[27157,12291],"product_tag":[],"class_list":{"0":"post-711259","1":"product","2":"type-product","3":"status-publish","5":"product_cat-derleme","6":"product_cat-edebiyat","7":"pa_cilt-ciltsiz","8":"pa_tur-kitap","9":"pa_yayinevi-dokuz-yayinlari","10":"pa_yazar-arif-ciplak","12":"first","13":"instock","14":"sale","15":"shipping-taxable","16":"purchasable","17":"product-type-simple"},"_links":{"self":[{"href":"https:\/\/roveyayinevi.com.tr\/index.php\/wp-json\/wp\/v2\/product\/711259","targetHints":{"allow":["GET"]}}],"collection":[{"href":"https:\/\/roveyayinevi.com.tr\/index.php\/wp-json\/wp\/v2\/product"}],"about":[{"href":"https:\/\/roveyayinevi.com.tr\/index.php\/wp-json\/wp\/v2\/types\/product"}],"wp:attachment":[{"href":"https:\/\/roveyayinevi.com.tr\/index.php\/wp-json\/wp\/v2\/media?parent=711259"}],"wp:term":[{"taxonomy":"product_brand","embeddable":true,"href":"https:\/\/roveyayinevi.com.tr\/index.php\/wp-json\/wp\/v2\/product_brand?post=711259"},{"taxonomy":"product_cat","embeddable":true,"href":"https:\/\/roveyayinevi.com.tr\/index.php\/wp-json\/wp\/v2\/product_cat?post=711259"},{"taxonomy":"product_tag","embeddable":true,"href":"https:\/\/roveyayinevi.com.tr\/index.php\/wp-json\/wp\/v2\/product_tag?post=711259"}],"curies":[{"name":"wp","href":"https:\/\/api.w.org\/{rel}","templated":true}]}}