{"id":711258,"date":"2025-08-27T16:43:44","date_gmt":"2025-08-27T13:43:44","guid":{"rendered":"https:\/\/roveyayinevi.com.tr\/index.php\/urun\/zaten-kirilmis-bir-kizsin\/"},"modified":"2026-04-16T02:19:50","modified_gmt":"2026-04-15T23:19:50","slug":"zaten-kirilmis-bir-kizsin","status":"publish","type":"product","link":"https:\/\/roveyayinevi.com.tr\/index.php\/urun\/zaten-kirilmis-bir-kizsin\/","title":{"rendered":"Zaten K\u0131r\u0131lm\u0131\u015f Bir K\u0131zs\u0131n"},"content":{"rendered":"<p>G\u00f6r istedim. G\u00fczel bir manzara, yan\u0131mda sen varken anlam kazans\u0131n istedim. Duy istedim. G\u00fczel bir nota, yan\u0131mda sen varken mana kazans\u0131n istedim. Ya\u015fa istedim. G\u00fczel bir an, yan\u0131mda sen varken an de\u011fil, an\u0131 olarak kals\u0131n istedim. Gel istedim. G\u00fczel bir yaz sabah\u0131, yan\u0131mda s\u0131rf sen vars\u0131n diye g\u00fcne\u015f do\u011fsun istedim. Gitme istedim. Beraber bir yast\u0131\u011fa ba\u015f koymaktan ziyade, bir hayata beraber s\u0131rt dayayal\u0131m istedim. \u00dcz\u00fcl istedim. Beni mahveden \u015feylerin, senin g\u00f6z\u00fcnde bir damla ya\u015f olmas\u0131n\u0131 istedim. Kahrol istedim. Gitti\u011fine, bitti\u011fine, ya\u015fad\u0131klar\u0131na, bir daha ya\u015fanmayacak olmas\u0131na sen de benim gibi kahrol istedim. Da\u011f\u0131l istedim. Beraber bir b\u00fct\u00fcnken, yan\u0131nda ben yokken bende bir par\u00e7an\u0131 ara, bulamay\u0131nca benim gibi da\u011f\u0131l istedim. Gitme demeni bekledim. Gidersen, geri d\u00f6nersin diye bekledim. Bitm esin istedim. Beklentiler \u00fczm\u00fc\u015ft\u00fc, avu\u00e7 i\u00e7lerinden tutup seni \u00f6pmek istedim\u2026 <\/p>\n","protected":false},"excerpt":{"rendered":"<p>G\u00f6r istedim. G\u00fczel bir manzara, yan\u0131mda sen varken anlam kazans\u0131n istedim. Duy istedim. G\u00fczel bir nota, yan\u0131mda sen varken mana kazans\u0131n istedim. Ya\u015fa istedim. G\u00fczel bir<span class=\"excerpt-hellip\"> [\u2026]<\/span><\/p>\n","protected":false},"featured_media":0,"template":"","meta":{"_monsterinsights_skip_tracking":false,"_monsterinsights_sitenote_active":false,"_monsterinsights_sitenote_note":"","_monsterinsights_sitenote_category":0},"product_brand":[],"product_cat":[12777,12291],"product_tag":[],"class_list":{"0":"post-711258","1":"product","2":"type-product","3":"status-publish","5":"product_cat-deneme","6":"product_cat-edebiyat","7":"pa_cilt-ciltsiz","8":"pa_tur-kitap","9":"pa_yayinevi-dokuz-yayinlari","10":"pa_yazar-ahmet-yavuz","12":"first","13":"instock","14":"sale","15":"shipping-taxable","16":"purchasable","17":"product-type-simple"},"_links":{"self":[{"href":"https:\/\/roveyayinevi.com.tr\/index.php\/wp-json\/wp\/v2\/product\/711258","targetHints":{"allow":["GET"]}}],"collection":[{"href":"https:\/\/roveyayinevi.com.tr\/index.php\/wp-json\/wp\/v2\/product"}],"about":[{"href":"https:\/\/roveyayinevi.com.tr\/index.php\/wp-json\/wp\/v2\/types\/product"}],"wp:attachment":[{"href":"https:\/\/roveyayinevi.com.tr\/index.php\/wp-json\/wp\/v2\/media?parent=711258"}],"wp:term":[{"taxonomy":"product_brand","embeddable":true,"href":"https:\/\/roveyayinevi.com.tr\/index.php\/wp-json\/wp\/v2\/product_brand?post=711258"},{"taxonomy":"product_cat","embeddable":true,"href":"https:\/\/roveyayinevi.com.tr\/index.php\/wp-json\/wp\/v2\/product_cat?post=711258"},{"taxonomy":"product_tag","embeddable":true,"href":"https:\/\/roveyayinevi.com.tr\/index.php\/wp-json\/wp\/v2\/product_tag?post=711258"}],"curies":[{"name":"wp","href":"https:\/\/api.w.org\/{rel}","templated":true}]}}