{"id":711257,"date":"2025-08-27T16:43:43","date_gmt":"2025-08-27T13:43:43","guid":{"rendered":"https:\/\/roveyayinevi.com.tr\/index.php\/urun\/yuzun-gokyuzum\/"},"modified":"2026-04-16T02:19:50","modified_gmt":"2026-04-15T23:19:50","slug":"yuzun-gokyuzum","status":"publish","type":"product","link":"https:\/\/roveyayinevi.com.tr\/index.php\/urun\/yuzun-gokyuzum\/","title":{"rendered":"Y\u00fcz\u00fcn G\u00f6ky\u00fcz\u00fcm"},"content":{"rendered":"<p>Can\u0131m\u0131 yok sayd\u0131m seni severken, can\u0131mdan can verdim sana. Yaralar\u0131n\u0131 saray\u0131m derken yaralar a\u00e7t\u0131n, umursamad\u0131m. Her bir yaran\u0131 sarmama kar\u015f\u0131l\u0131k te\u015fekk\u00fcr\u00fcn bir yara a\u00e7makla oldu bana. \u00d6yle yaralar a\u00e7t\u0131n ki bedenimde, diki\u015f tutmayan t\u00fcrden yaralard\u0131 bunlar. S\u00fcrekli kanayan ve kabuk ba\u011flamayan t\u00fcrden. Bu ne anlama gelirdi, biliyor musun? Kan kayb\u0131ndan \u00f6lece\u011fim anlam\u0131na gelirdi ama mutluydum, sen ya\u015fayacakt\u0131n ve ben bunu g\u00f6remeyecektim. Her zamanki gibi r\u00fcyalarda bulu\u015facakt\u0131k elbet. Bu r\u00fcya hi\u00e7 bitmeyecekti, ebedi s\u00fcrecekti, sadece sen ve ben\u2026 Baz\u0131 insanlar gitmeleriyle \u00fcnl\u00fcd\u00fcr. Ne kadar g\u00fczel giderler, de\u011fil mi? Ah\u0131m \u015fah\u0131m, b\u00f6yle \u015fa\u015fal\u0131, g\u00f6stere g\u00f6stere, marifetmi\u015f gibi sanki! Al\u0131\u015fk\u0131nd\u0131rlar tabii bu duruma. Onlara hava ho\u015ftur, d\u00fc\u015f\u00fcnmezler, kafalar\u0131na bile takmazlar. Onlar i\u00e7in normal birisin, di\u011ferlerinden fark\u0131n yoktur senin. Peki ya sen? Kafay\u0131 yersin hatam neydi, ne yapt\u0131m da gitti diye. Yiyip durursun kendini. Sabah ak\u015fam ka\u00e7 mendil paketi biter ellerinde, sayabilir misin? An\u0131lar\u0131n gelir akl\u0131na, duraksay\u0131p kal\u0131rs\u0131n, dal\u0131p gidersin bir k\u00f6\u015feye. Kap\u0131 t\u0131klar, o an kendine gelirsin. \u0130yi misin, diye bir soru! Cevap bellidir; iyiyim ama durum \u00f6yle de\u011fildir i\u015fte. K\u0131r\u0131\u011f\u0131m, d\u00f6k\u00fc\u011f\u00fcm, parampar\u00e7ay\u0131m. G\u00f6zlerinden akan ya\u015flar\u0131n hesab\u0131 yoktur. Silmekten k\u0131zaran o burun, h\u0131\u00e7k\u0131r\u0131klara bo\u011fulan bir adet sen. Onca insan y\u0131kamazken, onun gidi\u015fi nas\u0131l da yerle bir eder, iyi bilirim. \ufffcTan\u0131t\u0131m Metni<\/p>\n","protected":false},"excerpt":{"rendered":"<p>Can\u0131m\u0131 yok sayd\u0131m seni severken, can\u0131mdan can verdim sana. Yaralar\u0131n\u0131 saray\u0131m derken yaralar a\u00e7t\u0131n, umursamad\u0131m. Her bir yaran\u0131 sarmama kar\u015f\u0131l\u0131k te\u015fekk\u00fcr\u00fcn bir yara a\u00e7makla oldu bana.<span class=\"excerpt-hellip\"> [\u2026]<\/span><\/p>\n","protected":false},"featured_media":0,"template":"","meta":{"_monsterinsights_skip_tracking":false,"_monsterinsights_sitenote_active":false,"_monsterinsights_sitenote_note":"","_monsterinsights_sitenote_category":0},"product_brand":[],"product_cat":[12777,12291],"product_tag":[],"class_list":{"0":"post-711257","1":"product","2":"type-product","3":"status-publish","5":"product_cat-deneme","6":"product_cat-edebiyat","7":"pa_cilt-ciltsiz","8":"pa_tur-kitap","9":"pa_yayinevi-dokuz-yayinlari","10":"pa_yazar-cihad-ozdede","12":"first","13":"instock","14":"sale","15":"shipping-taxable","16":"purchasable","17":"product-type-simple"},"_links":{"self":[{"href":"https:\/\/roveyayinevi.com.tr\/index.php\/wp-json\/wp\/v2\/product\/711257","targetHints":{"allow":["GET"]}}],"collection":[{"href":"https:\/\/roveyayinevi.com.tr\/index.php\/wp-json\/wp\/v2\/product"}],"about":[{"href":"https:\/\/roveyayinevi.com.tr\/index.php\/wp-json\/wp\/v2\/types\/product"}],"wp:attachment":[{"href":"https:\/\/roveyayinevi.com.tr\/index.php\/wp-json\/wp\/v2\/media?parent=711257"}],"wp:term":[{"taxonomy":"product_brand","embeddable":true,"href":"https:\/\/roveyayinevi.com.tr\/index.php\/wp-json\/wp\/v2\/product_brand?post=711257"},{"taxonomy":"product_cat","embeddable":true,"href":"https:\/\/roveyayinevi.com.tr\/index.php\/wp-json\/wp\/v2\/product_cat?post=711257"},{"taxonomy":"product_tag","embeddable":true,"href":"https:\/\/roveyayinevi.com.tr\/index.php\/wp-json\/wp\/v2\/product_tag?post=711257"}],"curies":[{"name":"wp","href":"https:\/\/api.w.org\/{rel}","templated":true}]}}