{"id":711254,"date":"2025-08-27T16:43:41","date_gmt":"2025-08-27T13:43:41","guid":{"rendered":"https:\/\/roveyayinevi.com.tr\/index.php\/urun\/arkadaslar-kuser-mi\/"},"modified":"2026-04-16T02:19:50","modified_gmt":"2026-04-15T23:19:50","slug":"arkadaslar-kuser-mi","status":"publish","type":"product","link":"https:\/\/roveyayinevi.com.tr\/index.php\/urun\/arkadaslar-kuser-mi\/","title":{"rendered":"Arkada\u015flar K\u00fcser Mi?"},"content":{"rendered":"<p>S\u0131n\u0131f 1b serisinde hem k\u0131z hem de erkek \u00e7ocuklar\u0131n g\u00fcndelik hayatlar\u0131nda kar\u015f\u0131lar\u0131na \u00e7\u0131kan ; zorbal\u0131k, d\u0131\u015flanma, ta\u015f\u0131nma, arkada\u015fl\u0131k ili\u015fkileri, aile ili\u015fkileri, karde\u015f k\u0131skan\u00e7l\u0131\u011f\u0131 gibi evrensel konular sade bir dil ve rengarenk \u00e7izimlerle anlat\u0131l\u0131yor.Lova ve Siri hen\u00fcz konu\u015fmay\u0131 bile \u00f6\u011frenmeden arkada\u015f olmu\u015flar. \u0130kiside 1b s\u0131n\u0131f\u0131nda ve her zaman yan yana oturuyorlar. Her \u015fey harika giderken bir g\u00fcn kelebek \u015feklinde bir silgi y\u00fcz\u00fcnden olanlar oluyor&#8230; Siri ve Lova k\u00fcs\u00fcyorlar.Siri, Lova&#8217;n\u0131n do\u011fum g\u00fcn\u00fc partisine gidip gitmemek konusunda karars\u0131z, Peki, sizce arkada\u015flar k\u00fcser mi? <\/p>\n","protected":false},"excerpt":{"rendered":"<p>S\u0131n\u0131f 1b serisinde hem k\u0131z hem de erkek \u00e7ocuklar\u0131n g\u00fcndelik hayatlar\u0131nda kar\u015f\u0131lar\u0131na \u00e7\u0131kan ; zorbal\u0131k, d\u0131\u015flanma, ta\u015f\u0131nma, arkada\u015fl\u0131k ili\u015fkileri, aile ili\u015fkileri, karde\u015f k\u0131skan\u00e7l\u0131\u011f\u0131 gibi evrensel konular<span class=\"excerpt-hellip\"> [\u2026]<\/span><\/p>\n","protected":false},"featured_media":0,"template":"","meta":{"_monsterinsights_skip_tracking":false,"_monsterinsights_sitenote_active":false,"_monsterinsights_sitenote_note":"","_monsterinsights_sitenote_category":0},"product_brand":[],"product_cat":[12275,12274],"product_tag":[],"class_list":{"0":"post-711254","1":"product","2":"type-product","3":"status-publish","5":"product_cat-6-12-yas-kitaplari","6":"product_cat-cocuk-ve-genclik-kitaplari","7":"pa_cilt-ciltsiz","8":"pa_tur-kitap","9":"pa_yayinevi-buyulu-fener-yayinlari","10":"pa_yazar-helena-bross","12":"first","13":"instock","14":"sale","15":"shipping-taxable","16":"purchasable","17":"product-type-simple"},"_links":{"self":[{"href":"https:\/\/roveyayinevi.com.tr\/index.php\/wp-json\/wp\/v2\/product\/711254","targetHints":{"allow":["GET"]}}],"collection":[{"href":"https:\/\/roveyayinevi.com.tr\/index.php\/wp-json\/wp\/v2\/product"}],"about":[{"href":"https:\/\/roveyayinevi.com.tr\/index.php\/wp-json\/wp\/v2\/types\/product"}],"wp:attachment":[{"href":"https:\/\/roveyayinevi.com.tr\/index.php\/wp-json\/wp\/v2\/media?parent=711254"}],"wp:term":[{"taxonomy":"product_brand","embeddable":true,"href":"https:\/\/roveyayinevi.com.tr\/index.php\/wp-json\/wp\/v2\/product_brand?post=711254"},{"taxonomy":"product_cat","embeddable":true,"href":"https:\/\/roveyayinevi.com.tr\/index.php\/wp-json\/wp\/v2\/product_cat?post=711254"},{"taxonomy":"product_tag","embeddable":true,"href":"https:\/\/roveyayinevi.com.tr\/index.php\/wp-json\/wp\/v2\/product_tag?post=711254"}],"curies":[{"name":"wp","href":"https:\/\/api.w.org\/{rel}","templated":true}]}}