{"id":711253,"date":"2025-08-27T16:43:41","date_gmt":"2025-08-27T13:43:41","guid":{"rendered":"https:\/\/roveyayinevi.com.tr\/index.php\/urun\/emperyalizm-ve-jeopolitik-kisa-bir-tarihsel-teorik-giris\/"},"modified":"2026-04-16T02:19:50","modified_gmt":"2026-04-15T23:19:50","slug":"emperyalizm-ve-jeopolitik-kisa-bir-tarihsel-teorik-giris","status":"publish","type":"product","link":"https:\/\/roveyayinevi.com.tr\/index.php\/urun\/emperyalizm-ve-jeopolitik-kisa-bir-tarihsel-teorik-giris\/","title":{"rendered":"Emperyalizm ve Jeopolitik &#8220;K\u0131sa Bir Tarihsel Teorik Giri\u015f&#8221;"},"content":{"rendered":"<p>Ergin Y\u0131ld\u0131zo\u011flu, bu kitapta k\u00fcreselle\u015fme, jeopolitik ve emperyalizm kavramlar\u0131n\u0131, tarihsel ve \u00e7a\u011fda\u015f perspektifleriyle yeniden ele al\u0131yor. Bu kavramlar\u0131 a\u00e7\u0131klay\u0131c\u0131 bir \u201calet \u00e7antas\u0131\u201d sunan yazar, onlar\u0131 bug\u00fcn ald\u0131klar\u0131 gizli a\u00e7\u0131k, do\u011frudan dolayl\u0131 bi\u00e7imler i\u00e7inde tan\u0131maya, izlemeye ve son \u00e7\u00f6z\u00fcmlemede de\u011ferlendirmeye \u00e7al\u0131\u015f\u0131yor. Kitaptan baz\u0131 ba\u015fl\u0131klar:S\u0131n\u0131fl\u0131 toplumlar ve imparatorlukKriz, \u015fiddet, geni\u015fleme, emperyalizmK\u00fcreselle\u015fmelerKapitalist emperyalizmYeni jeopolitikModern emperyalizm teorileri <\/p>\n","protected":false},"excerpt":{"rendered":"<p>Ergin Y\u0131ld\u0131zo\u011flu, bu kitapta k\u00fcreselle\u015fme, jeopolitik ve emperyalizm kavramlar\u0131n\u0131, tarihsel ve \u00e7a\u011fda\u015f perspektifleriyle yeniden ele al\u0131yor. Bu kavramlar\u0131 a\u00e7\u0131klay\u0131c\u0131 bir \u201calet \u00e7antas\u0131\u201d sunan yazar, onlar\u0131 bug\u00fcn<span class=\"excerpt-hellip\"> [\u2026]<\/span><\/p>\n","protected":false},"featured_media":0,"template":"","meta":{"_monsterinsights_skip_tracking":false,"_monsterinsights_sitenote_active":false,"_monsterinsights_sitenote_note":"","_monsterinsights_sitenote_category":0},"product_brand":[],"product_cat":[12338,12337],"product_tag":[],"class_list":{"0":"post-711253","1":"product","2":"type-product","3":"status-publish","5":"product_cat-dunya-siyaseti-ve-politikasi","6":"product_cat-politika-siyaset","7":"pa_cilt-ciltsiz","8":"pa_tur-kitap","9":"pa_yayinevi-remzi-kitabevi","10":"pa_yazar-ergin-yildizoglu","12":"first","13":"instock","14":"sale","15":"shipping-taxable","16":"purchasable","17":"product-type-simple"},"_links":{"self":[{"href":"https:\/\/roveyayinevi.com.tr\/index.php\/wp-json\/wp\/v2\/product\/711253","targetHints":{"allow":["GET"]}}],"collection":[{"href":"https:\/\/roveyayinevi.com.tr\/index.php\/wp-json\/wp\/v2\/product"}],"about":[{"href":"https:\/\/roveyayinevi.com.tr\/index.php\/wp-json\/wp\/v2\/types\/product"}],"wp:attachment":[{"href":"https:\/\/roveyayinevi.com.tr\/index.php\/wp-json\/wp\/v2\/media?parent=711253"}],"wp:term":[{"taxonomy":"product_brand","embeddable":true,"href":"https:\/\/roveyayinevi.com.tr\/index.php\/wp-json\/wp\/v2\/product_brand?post=711253"},{"taxonomy":"product_cat","embeddable":true,"href":"https:\/\/roveyayinevi.com.tr\/index.php\/wp-json\/wp\/v2\/product_cat?post=711253"},{"taxonomy":"product_tag","embeddable":true,"href":"https:\/\/roveyayinevi.com.tr\/index.php\/wp-json\/wp\/v2\/product_tag?post=711253"}],"curies":[{"name":"wp","href":"https:\/\/api.w.org\/{rel}","templated":true}]}}