{"id":711251,"date":"2025-08-27T16:43:40","date_gmt":"2025-08-27T13:43:40","guid":{"rendered":"https:\/\/roveyayinevi.com.tr\/index.php\/urun\/national-geographic-kids-buyuk-gocler-balinalar\/"},"modified":"2026-04-16T02:19:50","modified_gmt":"2026-04-15T23:19:50","slug":"national-geographic-kids-buyuk-gocler-balinalar","status":"publish","type":"product","link":"https:\/\/roveyayinevi.com.tr\/index.php\/urun\/national-geographic-kids-buyuk-gocler-balinalar\/","title":{"rendered":"National Geographic Kids B\u00fcy\u00fck G\u00f6\u00e7ler: Balinalar"},"content":{"rendered":"<p>National Geographic\u2019in uzman foto\u011fraf\u00e7\u0131lar\u0131n\u0131n imzas\u0131n\u0131 ta\u015f\u0131yan g\u00f6rsellerle,zengin bir i\u00e7erik olarak bu kitapta bir araya geldi. 3. Seviye okuma kitaplar\u0131ndanbiri olan B\u00fcy\u00fck G\u00e7\u00f6ler: Balinalar, \u00e7ocuklar\u0131n kendi ba\u015flar\u0131na ak\u0131c\u0131 olarak okuyanve yeni s\u00f6zc\u00fcklerle uzun c\u00fcmlelere haz\u0131r olan \u00e7ocuklar i\u00e7indir. \u0130lgi \u00e7ekici parlakresimleriyle \u00e7ocuklar\u0131n ilgilerini kaybetmeden e\u011flenmelerini sa\u011flayan bu kitaplar,onlar\u0131n bilim d\u00fcnyas\u0131na att\u0131klar\u0131 ilk ad\u0131mlar olacak. <\/p>\n","protected":false},"excerpt":{"rendered":"<p>National Geographic\u2019in uzman foto\u011fraf\u00e7\u0131lar\u0131n\u0131n imzas\u0131n\u0131 ta\u015f\u0131yan g\u00f6rsellerle,zengin bir i\u00e7erik olarak bu kitapta bir araya geldi. 3. Seviye okuma kitaplar\u0131ndanbiri olan B\u00fcy\u00fck G\u00e7\u00f6ler: Balinalar, \u00e7ocuklar\u0131n kendi ba\u015flar\u0131na<span class=\"excerpt-hellip\"> [\u2026]<\/span><\/p>\n","protected":false},"featured_media":0,"template":"","meta":{"_monsterinsights_skip_tracking":false,"_monsterinsights_sitenote_active":false,"_monsterinsights_sitenote_note":"","_monsterinsights_sitenote_category":0},"product_brand":[],"product_cat":[12913,12274],"product_tag":[],"class_list":{"0":"post-711251","1":"product","2":"type-product","3":"status-publish","5":"product_cat-3-6-yas-kitaplari","6":"product_cat-cocuk-ve-genclik-kitaplari","7":"pa_cilt-ciltsiz","8":"pa_tur-kitap","9":"pa_yayinevi-beta-kids","10":"pa_yazar-laura-marsh","12":"first","13":"instock","14":"sale","15":"shipping-taxable","16":"purchasable","17":"product-type-simple"},"_links":{"self":[{"href":"https:\/\/roveyayinevi.com.tr\/index.php\/wp-json\/wp\/v2\/product\/711251","targetHints":{"allow":["GET"]}}],"collection":[{"href":"https:\/\/roveyayinevi.com.tr\/index.php\/wp-json\/wp\/v2\/product"}],"about":[{"href":"https:\/\/roveyayinevi.com.tr\/index.php\/wp-json\/wp\/v2\/types\/product"}],"wp:attachment":[{"href":"https:\/\/roveyayinevi.com.tr\/index.php\/wp-json\/wp\/v2\/media?parent=711251"}],"wp:term":[{"taxonomy":"product_brand","embeddable":true,"href":"https:\/\/roveyayinevi.com.tr\/index.php\/wp-json\/wp\/v2\/product_brand?post=711251"},{"taxonomy":"product_cat","embeddable":true,"href":"https:\/\/roveyayinevi.com.tr\/index.php\/wp-json\/wp\/v2\/product_cat?post=711251"},{"taxonomy":"product_tag","embeddable":true,"href":"https:\/\/roveyayinevi.com.tr\/index.php\/wp-json\/wp\/v2\/product_tag?post=711251"}],"curies":[{"name":"wp","href":"https:\/\/api.w.org\/{rel}","templated":true}]}}