{"id":711250,"date":"2025-08-27T16:43:39","date_gmt":"2025-08-27T13:43:39","guid":{"rendered":"https:\/\/roveyayinevi.com.tr\/index.php\/urun\/zaman-makinesi-bir-bulus\/"},"modified":"2026-04-16T02:19:50","modified_gmt":"2026-04-15T23:19:50","slug":"zaman-makinesi-bir-bulus","status":"publish","type":"product","link":"https:\/\/roveyayinevi.com.tr\/index.php\/urun\/zaman-makinesi-bir-bulus\/","title":{"rendered":"Zaman Makinesi Bir Bulu\u015f"},"content":{"rendered":"<p>Victoria d\u00f6nemi Londra\u2019s\u0131nda ya\u015fayan bir bilim insan\u0131 zamanda yolculuk yapmak \u00fczere icat etti\u011fi makineyle gelece\u011fin \u0130ngiltere\u2019sini ziyaret eder. Sekiz Y\u00fcz \u0130ki Bin Yedi Y\u00fcz Bir y\u0131l\u0131nda ya\u015fad\u0131\u011f\u0131 maceray\u0131 bir dost meclisinde anlat\u0131r. Gelece\u011fin d\u00fcnyas\u0131 ayr\u0131cal\u0131kl\u0131 insanlar\u0131n; g\u00fczel, narin ve tembel Eloi\u2019lar\u0131n rahat ve kayg\u0131s\u0131z bir ya\u015fam s\u00fcrd\u00fckleri bir yerdir. Ancak Zaman Gezgini bu macera s\u0131ras\u0131nda \u00e7ok ge\u00e7meden yeralt\u0131 d\u00fcnyas\u0131na ait hortlaks\u0131 Morlock\u2019lar\u0131 da ke\u015ffetmi\u015ftir. Wells, Victoria d\u00f6nemi \u0130ngiltere\u2019sinde vars\u0131llarla yoksullar aras\u0131nda giderek b\u00fcy\u00fcyen u\u00e7uruma y\u00f6nelik keskin ele\u015ftirisinde, tarihin ve geli\u015fmenin anlam\u0131n\u0131 sorgular. Toplumsal adaletsizli\u011fin s\u00fcr\u00fcp gitmesi halinde yol a\u00e7abilece\u011fi felaketlere dair uyar\u0131da bulunur. 1895\u2019te yay\u0131mlanan Zaman Makinesi, bilimkurgu edebiyat\u0131n\u0131n k\u00f6\u015fe ta\u015flar\u0131ndan biri olarak, ku\u015faklar boyu yazarlar\u0131 etkiledi. 21. y\u00fczy\u0131lda yakla\u015fan \u00e7evre felaketlerine ve gezegenimizin yazg\u0131s\u0131na ili\u015fkin kayg\u0131lara dair bir \u00f6ng\u00f6r\u00fc bar\u0131nd\u0131ran eskatolojik boyutuyla g\u00fcncelli\u011fini bug\u00fcn de koruyor. \ufffcTan\u0131t\u0131m Metni<\/p>\n","protected":false},"excerpt":{"rendered":"<p>Victoria d\u00f6nemi Londra\u2019s\u0131nda ya\u015fayan bir bilim insan\u0131 zamanda yolculuk yapmak \u00fczere icat etti\u011fi makineyle gelece\u011fin \u0130ngiltere\u2019sini ziyaret eder. Sekiz Y\u00fcz \u0130ki Bin Yedi Y\u00fcz Bir y\u0131l\u0131nda<span class=\"excerpt-hellip\"> [\u2026]<\/span><\/p>\n","protected":false},"featured_media":0,"template":"","meta":{"_monsterinsights_skip_tracking":false,"_monsterinsights_sitenote_active":false,"_monsterinsights_sitenote_note":"","_monsterinsights_sitenote_category":0},"product_brand":[],"product_cat":[13835],"product_tag":[],"class_list":{"0":"post-711250","1":"product","2":"type-product","3":"status-publish","5":"product_cat-cok-satanlar","6":"pa_cilt-ciltsiz","7":"pa_tur-kitap","8":"pa_yayinevi-is-bankasi-kultur-yayinlari","9":"pa_yazar-h-g-wells","11":"first","12":"instock","13":"sale","14":"shipping-taxable","15":"purchasable","16":"product-type-simple"},"_links":{"self":[{"href":"https:\/\/roveyayinevi.com.tr\/index.php\/wp-json\/wp\/v2\/product\/711250","targetHints":{"allow":["GET"]}}],"collection":[{"href":"https:\/\/roveyayinevi.com.tr\/index.php\/wp-json\/wp\/v2\/product"}],"about":[{"href":"https:\/\/roveyayinevi.com.tr\/index.php\/wp-json\/wp\/v2\/types\/product"}],"wp:attachment":[{"href":"https:\/\/roveyayinevi.com.tr\/index.php\/wp-json\/wp\/v2\/media?parent=711250"}],"wp:term":[{"taxonomy":"product_brand","embeddable":true,"href":"https:\/\/roveyayinevi.com.tr\/index.php\/wp-json\/wp\/v2\/product_brand?post=711250"},{"taxonomy":"product_cat","embeddable":true,"href":"https:\/\/roveyayinevi.com.tr\/index.php\/wp-json\/wp\/v2\/product_cat?post=711250"},{"taxonomy":"product_tag","embeddable":true,"href":"https:\/\/roveyayinevi.com.tr\/index.php\/wp-json\/wp\/v2\/product_tag?post=711250"}],"curies":[{"name":"wp","href":"https:\/\/api.w.org\/{rel}","templated":true}]}}