{"id":711249,"date":"2025-08-27T16:43:39","date_gmt":"2025-08-27T13:43:39","guid":{"rendered":"https:\/\/roveyayinevi.com.tr\/index.php\/urun\/gorunur-karanlik\/"},"modified":"2026-04-16T02:19:50","modified_gmt":"2026-04-15T23:19:50","slug":"gorunur-karanlik","status":"publish","type":"product","link":"https:\/\/roveyayinevi.com.tr\/index.php\/urun\/gorunur-karanlik\/","title":{"rendered":"G\u00f6r\u00fcn\u00fcr Karanl\u0131k"},"content":{"rendered":"<p>Golding G\u00f6r\u00fcn\u00fcr Karanl\u0131k\u2019ta iyi ile k\u00f6t\u00fc aras\u0131ndaki kadim m\u00fccadeleyi, modern\u00e7a\u011fda ter\u00f6rizm, cinsellik ve azizlere \u00f6zg\u00fc safl\u0131\u011f\u0131 i\u00e7 i\u00e7e ge\u00e7irdi\u011fi bir evrene ta\u015f\u0131r.20. y\u00fczy\u0131l \u0130ngiliz edebiyat\u0131n\u0131n ba\u015fyap\u0131tlar\u0131 aras\u0131nda yerini alan bu benzersizromanda ger\u00e7eklikle yan\u0131lsama s\u0131kl\u0131kla yer de\u011fi\u015ftirir. Yap\u0131t\u0131n u\u011fruna ya\u015fanacakhi\u00e7bir \u015feyin kalmad\u0131\u011f\u0131, b\u00fct\u00fcn\u00fcyle anlamdan yoksun ve bo\u015f d\u00fcnyas\u0131nda, insando\u011fas\u0131n\u0131n karanl\u0131\u011f\u0131 t\u00fcrl\u00fc kisveye b\u00fcr\u00fcn\u00fcr. Birle\u015fik Krall\u0131k\u2019\u0131n II. D\u00fcnya Sava\u015f\u0131 s\u0131ras\u0131nda Almanya taraf\u0131ndan bombaland\u0131\u011f\u0131d\u00f6nemde korkun\u00e7 bir yang\u0131ndan kurtulan Matty ger\u00e7ekte kimdir? Alevlerdendo\u011fmu\u015f, kimli\u011fini arayan, psikotik bozukluktan mustarip bir varl\u0131k m\u0131d\u0131r; yoksabir aziz mi? \u00c7ocukluktan yeti\u015fkinli\u011fe ge\u00e7i\u015flerini izledi\u011fimiz ruhen yaral\u0131 ikizlerSophy ve Toni\u2019yi ise hayattaki se\u00e7imleri ba\u015fka bir yang\u0131na g\u00f6t\u00fcrmektedir.Golding\u2019in \u00e7\u00f6k\u00fc\u015f\u00fcn e\u015fi\u011finde duran bu d\u00fcnyan\u0131n ezici ve me\u015fum ortam\u0131nayerle\u015ftirdi\u011fi karakterleri bir gaddarl\u0131k, deh\u015fet ve gizem kas\u0131rgas\u0131na kap\u0131lm\u0131\u015fs\u00fcr\u00fcklenmektedir. \u0130\u00e7lerindeki tahripk\u00e2r \u00f6fkeyle hem birbirlerini hem de kendi kendilerini y\u0131k\u0131ma u\u011frat\u0131rlar. <\/p>\n","protected":false},"excerpt":{"rendered":"<p>Golding G\u00f6r\u00fcn\u00fcr Karanl\u0131k\u2019ta iyi ile k\u00f6t\u00fc aras\u0131ndaki kadim m\u00fccadeleyi, modern\u00e7a\u011fda ter\u00f6rizm, cinsellik ve azizlere \u00f6zg\u00fc safl\u0131\u011f\u0131 i\u00e7 i\u00e7e ge\u00e7irdi\u011fi bir evrene ta\u015f\u0131r.20. y\u00fczy\u0131l \u0130ngiliz edebiyat\u0131n\u0131n ba\u015fyap\u0131tlar\u0131<span class=\"excerpt-hellip\"> [\u2026]<\/span><\/p>\n","protected":false},"featured_media":0,"template":"","meta":{"_monsterinsights_skip_tracking":false,"_monsterinsights_sitenote_active":false,"_monsterinsights_sitenote_note":"","_monsterinsights_sitenote_category":0},"product_brand":[],"product_cat":[12291,12711],"product_tag":[],"class_list":{"0":"post-711249","1":"product","2":"type-product","3":"status-publish","5":"product_cat-edebiyat","6":"product_cat-roman-oyku","7":"pa_cilt-ciltsiz","8":"pa_tur-kitap","9":"pa_yayinevi-is-bankasi-kultur-yayinlari","10":"pa_yazar-william-golding","12":"first","13":"instock","14":"sale","15":"shipping-taxable","16":"purchasable","17":"product-type-simple"},"_links":{"self":[{"href":"https:\/\/roveyayinevi.com.tr\/index.php\/wp-json\/wp\/v2\/product\/711249","targetHints":{"allow":["GET"]}}],"collection":[{"href":"https:\/\/roveyayinevi.com.tr\/index.php\/wp-json\/wp\/v2\/product"}],"about":[{"href":"https:\/\/roveyayinevi.com.tr\/index.php\/wp-json\/wp\/v2\/types\/product"}],"wp:attachment":[{"href":"https:\/\/roveyayinevi.com.tr\/index.php\/wp-json\/wp\/v2\/media?parent=711249"}],"wp:term":[{"taxonomy":"product_brand","embeddable":true,"href":"https:\/\/roveyayinevi.com.tr\/index.php\/wp-json\/wp\/v2\/product_brand?post=711249"},{"taxonomy":"product_cat","embeddable":true,"href":"https:\/\/roveyayinevi.com.tr\/index.php\/wp-json\/wp\/v2\/product_cat?post=711249"},{"taxonomy":"product_tag","embeddable":true,"href":"https:\/\/roveyayinevi.com.tr\/index.php\/wp-json\/wp\/v2\/product_tag?post=711249"}],"curies":[{"name":"wp","href":"https:\/\/api.w.org\/{rel}","templated":true}]}}