{"id":711247,"date":"2025-08-27T16:43:38","date_gmt":"2025-08-27T13:43:38","guid":{"rendered":"https:\/\/roveyayinevi.com.tr\/index.php\/urun\/kirim-hanligi-tarihi-uzerine-arastirmalar-1441-1700\/"},"modified":"2026-04-16T02:19:50","modified_gmt":"2026-04-15T23:19:50","slug":"kirim-hanligi-tarihi-uzerine-arastirmalar-1441-1700","status":"publish","type":"product","link":"https:\/\/roveyayinevi.com.tr\/index.php\/urun\/kirim-hanligi-tarihi-uzerine-arastirmalar-1441-1700\/","title":{"rendered":"K\u0131r\u0131m Hanl\u0131\u011f\u0131 Tarihi \u00dczerine Ara\u015ft\u0131rmalar 1441 &#8211; 1700"},"content":{"rendered":"<p>K\u0131r\u0131m Hanl\u0131\u011f\u0131 kurulurken, Osmanl\u0131 Devleti de Fatih Sultan Mehmed\u2019in y\u00f6netimi alt\u0131nda bir Orta\u00e7a\u011f beyli\u011finden Yeni\u00e7a\u011f imparatorlu\u011funa evriliyordu. K\u0131r\u0131m\u2019\u0131n k\u0131sa s\u00fcrede Osmanl\u0131 \u0130mparatorlu\u011fu\u2019na t\u00e2bili\u011fi kabul edi\u015fi, Alt\u0131nordu\u2019dan devrald\u0131\u011f\u0131 Orta\u00e7a\u011fdan kalma kabile aristokrasisine dayal\u0131 y\u00f6netim yap\u0131s\u0131n\u0131 de\u011fi\u015ftirmese de, kendine \u00f6zg\u00fc bir denge yaratt\u0131. Kabilelerin talepleriyle \u0130stanbul\u2019daki merkezi devletin taleplerini ve Rusya ba\u015fta olmak \u00fczere rakip devletlerin tehditlerini dengeleme becerisi, hanlar\u0131n ba\u015far\u0131s\u0131nda ve hanl\u0131\u011f\u0131n bek\u00e2s\u0131nda esas belirleyiciydi. Yeni\u00e7a\u011f\u2019\u0131n ba\u015flar\u0131nda kurulan ve sonlar\u0131nda tarihe kar\u0131\u015fan bu hanl\u0131\u011f\u0131n tarihi, Orta ve Do\u011fu Avrupa\u2019daki iktidar m\u00fccadeleleriyle i\u00e7 i\u00e7e \u00f6r\u00fcl\u00fcd\u00fcr. K\u0131r\u0131m\u2019\u0131n rakip hanl\u0131klarla m\u00fccadelesi, bu hanl\u0131klar\u0131n y\u00fcz y\u0131l i\u00e7inde tarihe kar\u0131\u015fmas\u0131yla yerini Rusya, Lehistan ve Habsburglarla s\u00fcren \u00e7ok daha zorlu ve uzun bir m\u00fccadeleye b\u0131rakm\u0131\u015ft\u0131r. Halil \u0130nalc\u0131k akademik hayat\u0131 boyunca K\u0131r\u0131m \u00fczerine yapt\u0131\u011f\u0131 ara\u015ft\u0131rmalar\u0131 g\u00f6zden ge\u00e7irerek derledi\u011fi bu kitapta, hanl\u0131\u011f\u0131n ileride yaz\u0131lacak bir genel tarihinin omurgas\u0131n\u0131 kuruyor. Orta Avrupa\u2019daki Habsburg-Osmanl\u0131, Do\u011fu Avrupa\u2019daki Leh-Osmanl\u0131-Rus ve Kuzey\u2019deki Rus-Osmanl\u0131 rekabetinin g\u00f6r\u00fcnenden \u00e7ok daha karma\u015f\u0131k, de\u011fi\u015fken ve \u00e7ok akt\u00f6rl\u00fc oldu\u011funu g\u00f6zler \u00f6n\u00fcne sererken, \u0130stanbul Bah\u00e7esaray ittifak\u0131n\u0131n bu b\u00f6lgelerdeki kilit niteli\u011fini tarih\u00ee olaylar \u00fczerinden anlat\u0131yor. K\u0131r\u0131m tarihine dair k\u0131s\u0131tl\u0131 kaynaklar\u0131 ve ara\u015ft\u0131rmalar\u0131 ele\u015ftirel yakla\u015f\u0131mla okuyarak tarih yazman\u0131n yollar\u0131n\u0131 g\u00f6steriyor. \ufffcTan\u0131t\u0131m Metni<\/p>\n","protected":false},"excerpt":{"rendered":"<p>K\u0131r\u0131m Hanl\u0131\u011f\u0131 kurulurken, Osmanl\u0131 Devleti de Fatih Sultan Mehmed\u2019in y\u00f6netimi alt\u0131nda bir Orta\u00e7a\u011f beyli\u011finden Yeni\u00e7a\u011f imparatorlu\u011funa evriliyordu. K\u0131r\u0131m\u2019\u0131n k\u0131sa s\u00fcrede Osmanl\u0131 \u0130mparatorlu\u011fu\u2019na t\u00e2bili\u011fi kabul edi\u015fi, Alt\u0131nordu\u2019dan<span class=\"excerpt-hellip\"> [\u2026]<\/span><\/p>\n","protected":false},"featured_media":0,"template":"","meta":{"_monsterinsights_skip_tracking":false,"_monsterinsights_sitenote_active":false,"_monsterinsights_sitenote_note":"","_monsterinsights_sitenote_category":0},"product_brand":[],"product_cat":[12304],"product_tag":[],"class_list":{"0":"post-711247","1":"product","2":"type-product","3":"status-publish","5":"product_cat-tarih","6":"pa_cilt-ciltsiz","7":"pa_tur-kitap","8":"pa_yayinevi-is-bankasi-kultur-yayinlari","9":"pa_yazar-halil-inalcik","11":"first","12":"instock","13":"sale","14":"shipping-taxable","15":"purchasable","16":"product-type-simple"},"_links":{"self":[{"href":"https:\/\/roveyayinevi.com.tr\/index.php\/wp-json\/wp\/v2\/product\/711247","targetHints":{"allow":["GET"]}}],"collection":[{"href":"https:\/\/roveyayinevi.com.tr\/index.php\/wp-json\/wp\/v2\/product"}],"about":[{"href":"https:\/\/roveyayinevi.com.tr\/index.php\/wp-json\/wp\/v2\/types\/product"}],"wp:attachment":[{"href":"https:\/\/roveyayinevi.com.tr\/index.php\/wp-json\/wp\/v2\/media?parent=711247"}],"wp:term":[{"taxonomy":"product_brand","embeddable":true,"href":"https:\/\/roveyayinevi.com.tr\/index.php\/wp-json\/wp\/v2\/product_brand?post=711247"},{"taxonomy":"product_cat","embeddable":true,"href":"https:\/\/roveyayinevi.com.tr\/index.php\/wp-json\/wp\/v2\/product_cat?post=711247"},{"taxonomy":"product_tag","embeddable":true,"href":"https:\/\/roveyayinevi.com.tr\/index.php\/wp-json\/wp\/v2\/product_tag?post=711247"}],"curies":[{"name":"wp","href":"https:\/\/api.w.org\/{rel}","templated":true}]}}