{"id":711246,"date":"2025-08-27T16:43:37","date_gmt":"2025-08-27T13:43:37","guid":{"rendered":"https:\/\/roveyayinevi.com.tr\/index.php\/urun\/pandanin-hayali-degerler-serisi\/"},"modified":"2026-04-16T02:19:50","modified_gmt":"2026-04-15T23:19:50","slug":"pandanin-hayali-degerler-serisi","status":"publish","type":"product","link":"https:\/\/roveyayinevi.com.tr\/index.php\/urun\/pandanin-hayali-degerler-serisi\/","title":{"rendered":"Pandan\u0131n Hayali &#8211; De\u011ferler Serisi"},"content":{"rendered":"<p>Gen\u00e7 ku\u015fa\u011f\u0131n ba\u015far\u0131l\u0131 kalemlerinden G\u00f6ktu\u011f Canbaba\u2019dan tasarruflu olmak, \u00f6zdenetim, sab\u0131r ve \u00f6zg\u00fcvene dair s\u0131cac\u0131k bir \u00f6yk\u00fc\u2026 Panda k\u00f6y\u00fcnde ya\u015fayan pandalar\u0131n ilgilendi\u011fi tek \u015fey bambu yemek ve oturup sohbet etmekti. Ancak aralar\u0131nda biri vard\u0131 ki k\u00f6y\u00fcn d\u0131\u015f\u0131nda neler olup bitti\u011fini \u00e7ok merak ediyordu. Koskoca d\u00fcnya panda k\u00f6y\u00fcnden ibaret olamazd\u0131. Sonunda biriktirdi\u011fi bambulardan g\u00f6ky\u00fcz\u00fcne uzanan bir merdiven yapmaya karar verdi. Merak ettiklerini g\u00f6\u00e7men ku\u015flardan \u00f6\u011frenecekti. Ama arkada\u015flar\u0131 bunun imk\u00e2ns\u0131z oldu\u011funu d\u00fc\u015f\u00fcn\u00fcyordu. Merakl\u0131 panda plan\u0131n\u0131 ger\u00e7ekle\u015ftirip hayallerine ula\u015fabilecek miydi? <\/p>\n","protected":false},"excerpt":{"rendered":"<p>Gen\u00e7 ku\u015fa\u011f\u0131n ba\u015far\u0131l\u0131 kalemlerinden G\u00f6ktu\u011f Canbaba\u2019dan tasarruflu olmak, \u00f6zdenetim, sab\u0131r ve \u00f6zg\u00fcvene dair s\u0131cac\u0131k bir \u00f6yk\u00fc\u2026 Panda k\u00f6y\u00fcnde ya\u015fayan pandalar\u0131n ilgilendi\u011fi tek \u015fey bambu yemek ve<span class=\"excerpt-hellip\"> [\u2026]<\/span><\/p>\n","protected":false},"featured_media":0,"template":"","meta":{"_monsterinsights_skip_tracking":false,"_monsterinsights_sitenote_active":false,"_monsterinsights_sitenote_note":"","_monsterinsights_sitenote_category":0},"product_brand":[],"product_cat":[12275,12274],"product_tag":[],"class_list":{"0":"post-711246","1":"product","2":"type-product","3":"status-publish","5":"product_cat-6-12-yas-kitaplari","6":"product_cat-cocuk-ve-genclik-kitaplari","7":"pa_cilt-ciltsiz","8":"pa_tur-kitap","9":"pa_yayinevi-dogan-egmont-yayincilik","10":"pa_yazar-goktug-canbaba","12":"first","13":"instock","14":"sale","15":"shipping-taxable","16":"purchasable","17":"product-type-simple"},"_links":{"self":[{"href":"https:\/\/roveyayinevi.com.tr\/index.php\/wp-json\/wp\/v2\/product\/711246","targetHints":{"allow":["GET"]}}],"collection":[{"href":"https:\/\/roveyayinevi.com.tr\/index.php\/wp-json\/wp\/v2\/product"}],"about":[{"href":"https:\/\/roveyayinevi.com.tr\/index.php\/wp-json\/wp\/v2\/types\/product"}],"wp:attachment":[{"href":"https:\/\/roveyayinevi.com.tr\/index.php\/wp-json\/wp\/v2\/media?parent=711246"}],"wp:term":[{"taxonomy":"product_brand","embeddable":true,"href":"https:\/\/roveyayinevi.com.tr\/index.php\/wp-json\/wp\/v2\/product_brand?post=711246"},{"taxonomy":"product_cat","embeddable":true,"href":"https:\/\/roveyayinevi.com.tr\/index.php\/wp-json\/wp\/v2\/product_cat?post=711246"},{"taxonomy":"product_tag","embeddable":true,"href":"https:\/\/roveyayinevi.com.tr\/index.php\/wp-json\/wp\/v2\/product_tag?post=711246"}],"curies":[{"name":"wp","href":"https:\/\/api.w.org\/{rel}","templated":true}]}}