{"id":711245,"date":"2025-08-27T16:43:36","date_gmt":"2025-08-27T13:43:36","guid":{"rendered":"https:\/\/roveyayinevi.com.tr\/index.php\/urun\/ucan-araba-pirpir-yarista\/"},"modified":"2026-04-16T02:19:50","modified_gmt":"2026-04-15T23:19:50","slug":"ucan-araba-pirpir-yarista","status":"publish","type":"product","link":"https:\/\/roveyayinevi.com.tr\/index.php\/urun\/ucan-araba-pirpir-yarista\/","title":{"rendered":"U\u00e7an Araba P\u0131rp\u0131r Yar\u0131\u015fta"},"content":{"rendered":"<p>Herkesin sevgilisi U\u00e7an Araba P\u0131rp\u0131r geri d\u00f6nd\u00fc! Bir zamanlar s\u0131radan bir ya\u015famlar\u0131 olan Tooting ailesi, art\u0131k U\u00e7an Araba P\u0131rp\u0131r\u2019la d\u00fcnyay\u0131 kurtarmak i\u00e7in zamanda yolculuk yapmaktad\u0131r. Ancak tam eve, g\u00fcn\u00fcm\u00fcze d\u00f6necekleri s\u0131rada kendilerini dinozorlar\u0131n \u00e7a\u011f\u0131nda bulurlar. Devasa bir dinozor onlar\u0131 kovalarken yapabilecekleri tek bir \u015fey vard\u0131r: yine zamanda yolculuk! \u00c7a\u011fdan \u00e7a\u011fa, yolculuk ederken D\u00fcnya Kupas\u0131 final ma\u00e7\u0131ndan, alt\u0131ndan yap\u0131lm\u0131\u015f efsanevi El Dorado \u015fehrine uzanan heyecan dolu bir macera ba\u015flar. \u201cTooting ailesinin hayat\u0131 hayal edebilece\u011finiz en \u00e7\u0131lg\u0131n hafta sonu gezisi gibi!\u201d Publishers Weekly <\/p>\n","protected":false},"excerpt":{"rendered":"<p>Herkesin sevgilisi U\u00e7an Araba P\u0131rp\u0131r geri d\u00f6nd\u00fc! Bir zamanlar s\u0131radan bir ya\u015famlar\u0131 olan Tooting ailesi, art\u0131k U\u00e7an Araba P\u0131rp\u0131r\u2019la d\u00fcnyay\u0131 kurtarmak i\u00e7in zamanda yolculuk yapmaktad\u0131r. Ancak<span class=\"excerpt-hellip\"> [\u2026]<\/span><\/p>\n","protected":false},"featured_media":0,"template":"","meta":{"_monsterinsights_skip_tracking":false,"_monsterinsights_sitenote_active":false,"_monsterinsights_sitenote_note":"","_monsterinsights_sitenote_category":0},"product_brand":[],"product_cat":[12275,12274],"product_tag":[],"class_list":{"0":"post-711245","1":"product","2":"type-product","3":"status-publish","5":"product_cat-6-12-yas-kitaplari","6":"product_cat-cocuk-ve-genclik-kitaplari","7":"pa_cilt-ciltli","8":"pa_tur-kitap","9":"pa_yayinevi-epsilon-yayinlari","10":"pa_yazar-frank-cottrell-boyce","12":"first","13":"instock","14":"sale","15":"shipping-taxable","16":"purchasable","17":"product-type-simple"},"_links":{"self":[{"href":"https:\/\/roveyayinevi.com.tr\/index.php\/wp-json\/wp\/v2\/product\/711245","targetHints":{"allow":["GET"]}}],"collection":[{"href":"https:\/\/roveyayinevi.com.tr\/index.php\/wp-json\/wp\/v2\/product"}],"about":[{"href":"https:\/\/roveyayinevi.com.tr\/index.php\/wp-json\/wp\/v2\/types\/product"}],"wp:attachment":[{"href":"https:\/\/roveyayinevi.com.tr\/index.php\/wp-json\/wp\/v2\/media?parent=711245"}],"wp:term":[{"taxonomy":"product_brand","embeddable":true,"href":"https:\/\/roveyayinevi.com.tr\/index.php\/wp-json\/wp\/v2\/product_brand?post=711245"},{"taxonomy":"product_cat","embeddable":true,"href":"https:\/\/roveyayinevi.com.tr\/index.php\/wp-json\/wp\/v2\/product_cat?post=711245"},{"taxonomy":"product_tag","embeddable":true,"href":"https:\/\/roveyayinevi.com.tr\/index.php\/wp-json\/wp\/v2\/product_tag?post=711245"}],"curies":[{"name":"wp","href":"https:\/\/api.w.org\/{rel}","templated":true}]}}