{"id":711244,"date":"2025-08-27T16:43:36","date_gmt":"2025-08-27T13:43:36","guid":{"rendered":"https:\/\/roveyayinevi.com.tr\/index.php\/urun\/hakikatin-arastirilmasi-dunya-ya-da-isik-uzerine-inceleme\/"},"modified":"2026-04-16T02:19:50","modified_gmt":"2026-04-15T23:19:50","slug":"hakikatin-arastirilmasi-dunya-ya-da-isik-uzerine-inceleme","status":"publish","type":"product","link":"https:\/\/roveyayinevi.com.tr\/index.php\/urun\/hakikatin-arastirilmasi-dunya-ya-da-isik-uzerine-inceleme\/","title":{"rendered":"Hakikatin Ara\u015ft\u0131r\u0131lmas\u0131 D\u00fcnya ya da I\u015f\u0131k \u00dczerine \u0130nceleme"},"content":{"rendered":"<p>Bu kitap, Descartes\u2019\u0131n opus postumum\u2019u, yani \u00f6l\u00fcm\u00fcnden sonra yay\u0131mlanan eserleri aras\u0131nda yer alan iki metnin \u00e7evirisini bir araya getiriyor. Bu metinlerden Recherche de la V\u00e9rit\u00e9 par la lumi\u00e8re naturelle ba\u015fl\u0131\u011f\u0131n\u0131 ta\u015f\u0131yan ilki, hay\u00e2l\u00ee \u00fc\u00e7 karakter (Eudoxe, Poliandre, Epist\u00e9mon) aras\u0131nda kurgulanm\u0131\u015f bir diyalogdur. Descartes tamam\u0131n\u0131 yaz\u0131p bitiremedi\u011fi bu metninde, ba\u015fta metodik \u015f\u00fcphesi ve cogito ergo sum h\u00fckm\u00fcn\u00fcn \u015f\u00fcphe g\u00f6t\u00fcrmezli\u011fi olmak \u00fczere felsefesinin ana hatlar\u0131n\u0131 \u00f6zetler. Descartes\u2019\u0131n bu metni \u00fczerine \u00fcnl\u00fc Alman filozof Ernst Cassirer \u015fu de\u011ferlendirmede bulunmu\u015ftur: \u00abDescartes\u2019\u0131n hi\u00e7bir yaz\u0131s\u0131, hatta Metot \u00dczerine Konu\u015fma bile, onun d\u00fc\u015f\u00fcnce evrenine giri\u015f i\u00e7in bize daha iyi bir yakla\u015f\u0131m noktas\u0131 sunamaz\u00bb. Descartes\u2019\u0131n Le Monde ou Trait\u00e9 de la lumi\u00e8re ba\u015fl\u0131kl\u0131 metni de bitmemi\u015f bir eser projesidir. Madde, uzay, atalet, hareket, \u0131\u015f\u0131k gibi fizik konular\u0131n\u0131 ve maddenin, k\u00fctlenin ve hareketin korunumu gibi do\u011fa yasalar\u0131n\u0131 inceledi\u011fi bu eserini tamamlamaktan, 1633 y\u0131l\u0131n\u0131n Haziran ay\u0131nda ald\u0131\u011f\u0131, Galilei\u2019nin Engizisyon taraf\u0131ndan yarg\u0131land\u0131\u011f\u0131 haberi \u00fczerine vazge\u00e7mi\u015ftir. Zira bu eserinde o da Galilei gibi d\u00fcnyan\u0131n g\u00fcne\u015f \u00e7evresinde d\u00f6nd\u00fc\u011f\u00fcn\u00fc savunmaya niyetlidir ve hakk\u0131nda \u00e7\u0131kar\u0131lm\u0131\u015f \u201cateist\u201d s\u00f6ylentisinden de zaten fevkalade tedirgindir. Descartes\u2019\u0131n bir kovu\u015fturmaya u\u011framamak i\u00e7in ne kadar ihtiyatl\u0131 yazd\u0131\u011f\u0131, D\u00fcnya ya da I\u015f\u0131k \u00dczerine \u0130nceleme\u2019de g\u00f6r\u00fclmektedir: mevcut d\u00fcnyadan de\u011fil, hay\u00e2l \u00fcr\u00fcn\u00fc bir d\u00fcnyadan s\u00f6z ediyormu\u015f gibi yazar. Bu ihtiyatl\u0131 tavr\u0131n\u0131 Latince \u00ablarvatus prodeo\u00bb (maske takarak ilerliyorum) ifadesiyle de bizzat vurgulam\u0131\u015ft\u0131r. <\/p>\n","protected":false},"excerpt":{"rendered":"<p>Bu kitap, Descartes\u2019\u0131n opus postumum\u2019u, yani \u00f6l\u00fcm\u00fcnden sonra yay\u0131mlanan eserleri aras\u0131nda yer alan iki metnin \u00e7evirisini bir araya getiriyor. Bu metinlerden Recherche de la V\u00e9rit\u00e9 par<span class=\"excerpt-hellip\"> [\u2026]<\/span><\/p>\n","protected":false},"featured_media":0,"template":"","meta":{"_monsterinsights_skip_tracking":false,"_monsterinsights_sitenote_active":false,"_monsterinsights_sitenote_note":"","_monsterinsights_sitenote_category":0},"product_brand":[],"product_cat":[12388],"product_tag":[],"class_list":{"0":"post-711244","1":"product","2":"type-product","3":"status-publish","5":"product_cat-felsefe","6":"pa_cilt-ciltsiz","7":"pa_tur-kitap","8":"pa_yayinevi-bilge-kultur-sanat","9":"pa_yazar-rene-descartes","11":"first","12":"instock","13":"sale","14":"shipping-taxable","15":"purchasable","16":"product-type-simple"},"_links":{"self":[{"href":"https:\/\/roveyayinevi.com.tr\/index.php\/wp-json\/wp\/v2\/product\/711244","targetHints":{"allow":["GET"]}}],"collection":[{"href":"https:\/\/roveyayinevi.com.tr\/index.php\/wp-json\/wp\/v2\/product"}],"about":[{"href":"https:\/\/roveyayinevi.com.tr\/index.php\/wp-json\/wp\/v2\/types\/product"}],"wp:attachment":[{"href":"https:\/\/roveyayinevi.com.tr\/index.php\/wp-json\/wp\/v2\/media?parent=711244"}],"wp:term":[{"taxonomy":"product_brand","embeddable":true,"href":"https:\/\/roveyayinevi.com.tr\/index.php\/wp-json\/wp\/v2\/product_brand?post=711244"},{"taxonomy":"product_cat","embeddable":true,"href":"https:\/\/roveyayinevi.com.tr\/index.php\/wp-json\/wp\/v2\/product_cat?post=711244"},{"taxonomy":"product_tag","embeddable":true,"href":"https:\/\/roveyayinevi.com.tr\/index.php\/wp-json\/wp\/v2\/product_tag?post=711244"}],"curies":[{"name":"wp","href":"https:\/\/api.w.org\/{rel}","templated":true}]}}