{"id":711241,"date":"2025-08-27T16:43:35","date_gmt":"2025-08-27T13:43:35","guid":{"rendered":"https:\/\/roveyayinevi.com.tr\/index.php\/urun\/bilgi-ve-betimleme-pozitivizm-ve-ernst-mach-ustune\/"},"modified":"2026-04-16T02:19:50","modified_gmt":"2026-04-15T23:19:50","slug":"bilgi-ve-betimleme-pozitivizm-ve-ernst-mach-ustune","status":"publish","type":"product","link":"https:\/\/roveyayinevi.com.tr\/index.php\/urun\/bilgi-ve-betimleme-pozitivizm-ve-ernst-mach-ustune\/","title":{"rendered":"Bilgi ve Betimleme &#8211; Pozitivizm ve Ernst Mach \u00dcst\u00fcne"},"content":{"rendered":"<p>Ernst Mach, bilim ve felsefeden, edebiyat-sanata ve politikaya \u00e7e\u015fitli ve yayg\u0131n tart\u0131\u015fmalara odak olmu\u015f, kendisinden sonraki bilimsel-felsefi anlay\u0131\u015flara derin etkiler b\u0131rakm\u0131\u015f bir filozof-bilim insan\u0131d\u0131r. Albert Einstein, Mach\u2019\u0131 g\u00f6relilik kuram\u0131n\u0131n \u00f6nc\u00fcs\u00fc olarak niteliyordu. Heinrich Gomperz ona \u201cBilimin Buddhas\u0131\u201d diyordu. Robert Musil onun \u00f6\u011fretisi \u00fcst\u00fcne bir doktora tezi yazd\u0131. Friedrich Adler i\u00e7in o, Marx\u00e7\u0131 tarih anlay\u0131\u015f\u0131na uygun bir do\u011fa kavray\u0131\u015f\u0131 ortaya koymu\u015ftu. Y\u00fczy\u0131l d\u00f6n\u00fcm\u00fcnde Viyana entelekt\u00fcel \u00e7evresinde merkezi bir fig\u00fcr olan Mach, Viyana \u00c7evresi felsefesi i\u00e7in kaynak olu\u015fturmas\u0131n\u0131n yan\u0131 s\u0131ra, Analitik Felsefe ve bu felsefe \u00e7evresinde yer alan bilim felsefesine de \u00f6nemli katk\u0131larda bulunmu\u015ftur. Deneysel ve kuramsal fizik\u00e7i, duyu fizyologu ve psikolo\u011fu, bilim kuramc\u0131s\u0131, do\u011fabilim tarih\u00e7isi, ders kitab\u0131 ve \u00f6\u011fretim planlamac\u0131s\u0131 olarak Mach\u2019\u0131n g\u00fcncel bilimsel ve d\u00fcnyag\u00f6r\u00fc\u015fsel \u00f6nemi bug\u00fcn de ge\u00e7erlili\u011fini korumaktad\u0131r. Prof. Dr. \u00d6mer Naci Soykan\u2019\u0131n \u00e7al\u0131\u015fmas\u0131, Ernst Mach\u2019\u0131n bilgi kuram\u0131 ile bu temelde ya\u015fam ve d\u00fcnya g\u00f6r\u00fc\u015f\u00fcne ili\u015fkin d\u00fc\u015f\u00fcncelerini, betimleyici ve ele\u015ftirel bir tarzda ortaya koyuyor. Kitapta ayr\u0131ca T\u00fcrk\u00e7e okurun ilk kez burada kar\u015f\u0131la\u015ft\u0131\u011f\u0131, \u00e7e\u015fitli yaz\u0131lar\u0131n\u0131n \u00e7evirisinden yap\u0131lan bir se\u00e7ki de yer al\u0131yor. <\/p>\n","protected":false},"excerpt":{"rendered":"<p>Ernst Mach, bilim ve felsefeden, edebiyat-sanata ve politikaya \u00e7e\u015fitli ve yayg\u0131n tart\u0131\u015fmalara odak olmu\u015f, kendisinden sonraki bilimsel-felsefi anlay\u0131\u015flara derin etkiler b\u0131rakm\u0131\u015f bir filozof-bilim insan\u0131d\u0131r. Albert Einstein,<span class=\"excerpt-hellip\"> [\u2026]<\/span><\/p>\n","protected":false},"featured_media":0,"template":"","meta":{"_monsterinsights_skip_tracking":false,"_monsterinsights_sitenote_active":false,"_monsterinsights_sitenote_note":"","_monsterinsights_sitenote_category":0},"product_brand":[],"product_cat":[12388],"product_tag":[],"class_list":{"0":"post-711241","1":"product","2":"type-product","3":"status-publish","5":"product_cat-felsefe","6":"pa_cilt-ciltsiz","7":"pa_tur-kitap","8":"pa_yayinevi-bilge-kultur-sanat","9":"pa_yazar-omer-naci-soykan","11":"first","12":"instock","13":"sale","14":"shipping-taxable","15":"purchasable","16":"product-type-simple"},"_links":{"self":[{"href":"https:\/\/roveyayinevi.com.tr\/index.php\/wp-json\/wp\/v2\/product\/711241","targetHints":{"allow":["GET"]}}],"collection":[{"href":"https:\/\/roveyayinevi.com.tr\/index.php\/wp-json\/wp\/v2\/product"}],"about":[{"href":"https:\/\/roveyayinevi.com.tr\/index.php\/wp-json\/wp\/v2\/types\/product"}],"wp:attachment":[{"href":"https:\/\/roveyayinevi.com.tr\/index.php\/wp-json\/wp\/v2\/media?parent=711241"}],"wp:term":[{"taxonomy":"product_brand","embeddable":true,"href":"https:\/\/roveyayinevi.com.tr\/index.php\/wp-json\/wp\/v2\/product_brand?post=711241"},{"taxonomy":"product_cat","embeddable":true,"href":"https:\/\/roveyayinevi.com.tr\/index.php\/wp-json\/wp\/v2\/product_cat?post=711241"},{"taxonomy":"product_tag","embeddable":true,"href":"https:\/\/roveyayinevi.com.tr\/index.php\/wp-json\/wp\/v2\/product_tag?post=711241"}],"curies":[{"name":"wp","href":"https:\/\/api.w.org\/{rel}","templated":true}]}}