{"id":711237,"date":"2025-08-27T16:43:32","date_gmt":"2025-08-27T13:43:32","guid":{"rendered":"https:\/\/roveyayinevi.com.tr\/index.php\/urun\/turk-model-devleti-gok-turkler\/"},"modified":"2026-04-16T02:19:50","modified_gmt":"2026-04-15T23:19:50","slug":"turk-model-devleti-gok-turkler","status":"publish","type":"product","link":"https:\/\/roveyayinevi.com.tr\/index.php\/urun\/turk-model-devleti-gok-turkler\/","title":{"rendered":"T\u00fcrk Model Devleti G\u00f6k T\u00fcrkler"},"content":{"rendered":"<p>G\u00fcn\u00fcm\u00fcz d\u00fcnya tarihinde T\u00fcrklerin tarihi s\u00f6z konusu edildi\u011finde akla ilk gelen G\u00f6k T\u00fcrk tarihidir. \u00c7\u00fcnk\u00fc G\u00f6k T\u00fcrkler sadece bir devlet kurmakla kalmam\u0131\u015f, T\u00fcrk ad\u0131n\u0131 devlet ad\u0131 olarak kullan\u0131p, bu ad\u0131n yayg\u0131nla\u015fmas\u0131n\u0131, milletin kimli\u011finin peki\u015fmesini sa\u011flam\u0131\u015flard\u0131r. Ta\u015f\u0131d\u0131\u011f\u0131 ad, siyasi ve sosyal tarihi, devlet sistemi ve unvanlar\u0131, sonraki nesillere b\u0131rakt\u0131klar\u0131 hazine de\u011ferinde T\u00fcrk\u00e7e yaz\u0131tlar, onlar\u0131 T\u00fcrk tarihinde model devlet konumuna getirmi\u015ftir.Karahanl\u0131lar\u0131n ve hatta Gaznelilerin G\u00f6k T\u00fcrk b\u00fcnyesinden \u00e7\u0131kt\u0131klar\u0131n\u0131 anlayabiliyoruz. Ama O\u011fuz Yabgu Devleti\u2019nden ba\u015flayarak Sel\u00e7uklu, Osmanl\u0131, T\u00fcrkiye Cumhuriyeti ve \u00d6n Asya\u2019da kurulmu\u015f say\u0131s\u0131z devlet ve beylik do\u011frudan G\u00f6k T\u00fcrklerin devam\u0131d\u0131r.Kore\u2019den K\u0131r\u0131m\u2019a kadar uzanan Avrasya\u2019n\u0131n u\u00e7suz bucaks\u0131z bozk\u0131rlar\u0131na h\u00e2kim olmalar\u0131, hemen b\u00fct\u00fcn T\u00fcrkleri bir devlet \u00e7at\u0131s\u0131 alt\u0131nda toplamalar\u0131, onlara ayr\u0131 bir \u00f6zellik katar. G\u00f6k T\u00fcrk tarihini duruma g\u00f6re anahtar veya bir \u015fablon gibi kullanarak b\u00fct\u00fcn T\u00fcrk d\u00fcnyas\u0131 tarihini anlayabiliriz.Bu kitapta G\u00f6k T\u00fcrklerin genel T\u00fcrk tarihi i\u00e7inde ald\u0131klar\u0131 model, oynad\u0131klar\u0131 roller, tarih sahnesine efsanevi bir \u015fekilde \u00e7\u0131kt\u0131klar\u0131 andan y\u0131k\u0131l\u0131\u015flar\u0131na kadarki maceralar\u0131 \u00c7ince kaynaklara da ba\u015fvurularak anlat\u0131lmaktad\u0131r.T\u00fcrklerin tarihinde \u00f6zel bir yerleri bulundu\u011fu bilinse de kaynaklar\u0131n kar\u0131\u015f\u0131kl\u0131\u011f\u0131 ve a\u011f\u0131rl\u0131\u011f\u0131 y\u00fcz\u00fcnden tarihlerini okuman\u0131n zorlu\u011fu s\u00f6z konusudur.  Prof. Dr. Ahmet Ta\u015fa\u011f\u0131l, kaynaklar\u0131n verdi\u011fi bilgiler \u00e7er\u00e7evesinde G\u00f6k T\u00fcrklerin tarihini ba\u015flang\u0131\u00e7tan y\u0131k\u0131l\u0131\u015fa kadar T\u00fcrk tarihinde \u201cmodel devlet\u201d \u015fablonuna uygun bir \u015fekilde anlatmaktad\u0131r. <\/p>\n","protected":false},"excerpt":{"rendered":"<p>G\u00fcn\u00fcm\u00fcz d\u00fcnya tarihinde T\u00fcrklerin tarihi s\u00f6z konusu edildi\u011finde akla ilk gelen G\u00f6k T\u00fcrk tarihidir. \u00c7\u00fcnk\u00fc G\u00f6k T\u00fcrkler sadece bir devlet kurmakla kalmam\u0131\u015f, T\u00fcrk ad\u0131n\u0131 devlet ad\u0131<span class=\"excerpt-hellip\"> [\u2026]<\/span><\/p>\n","protected":false},"featured_media":0,"template":"","meta":{"_monsterinsights_skip_tracking":false,"_monsterinsights_sitenote_active":false,"_monsterinsights_sitenote_note":"","_monsterinsights_sitenote_category":0},"product_brand":[],"product_cat":[12304,13650],"product_tag":[],"class_list":{"0":"post-711237","1":"product","2":"type-product","3":"status-publish","5":"product_cat-tarih","6":"product_cat-turk-tarihi-arastirmalari","7":"pa_cilt-ciltsiz","8":"pa_tur-kitap","9":"pa_yayinevi-bilge-kultur-sanat","10":"pa_yazar-ahmet-tasagil","12":"first","13":"instock","14":"sale","15":"shipping-taxable","16":"purchasable","17":"product-type-simple"},"_links":{"self":[{"href":"https:\/\/roveyayinevi.com.tr\/index.php\/wp-json\/wp\/v2\/product\/711237","targetHints":{"allow":["GET"]}}],"collection":[{"href":"https:\/\/roveyayinevi.com.tr\/index.php\/wp-json\/wp\/v2\/product"}],"about":[{"href":"https:\/\/roveyayinevi.com.tr\/index.php\/wp-json\/wp\/v2\/types\/product"}],"wp:attachment":[{"href":"https:\/\/roveyayinevi.com.tr\/index.php\/wp-json\/wp\/v2\/media?parent=711237"}],"wp:term":[{"taxonomy":"product_brand","embeddable":true,"href":"https:\/\/roveyayinevi.com.tr\/index.php\/wp-json\/wp\/v2\/product_brand?post=711237"},{"taxonomy":"product_cat","embeddable":true,"href":"https:\/\/roveyayinevi.com.tr\/index.php\/wp-json\/wp\/v2\/product_cat?post=711237"},{"taxonomy":"product_tag","embeddable":true,"href":"https:\/\/roveyayinevi.com.tr\/index.php\/wp-json\/wp\/v2\/product_tag?post=711237"}],"curies":[{"name":"wp","href":"https:\/\/api.w.org\/{rel}","templated":true}]}}