{"id":711234,"date":"2025-08-27T16:43:26","date_gmt":"2025-08-27T13:43:26","guid":{"rendered":"https:\/\/roveyayinevi.com.tr\/index.php\/urun\/imgeler-ve-simgeler\/"},"modified":"2026-04-16T02:19:50","modified_gmt":"2026-04-15T23:19:50","slug":"imgeler-ve-simgeler","status":"publish","type":"product","link":"https:\/\/roveyayinevi.com.tr\/index.php\/urun\/imgeler-ve-simgeler\/","title":{"rendered":"\u0130mgeler Ve Simgeler"},"content":{"rendered":"<p>\u201cHayal g\u00fcc\u00fcnden yoksun\u201d insan\u0131n talihsizli\u011fi ve \u00e7\u00f6k\u00fcnt\u00fcs\u00fc art\u0131k a\u00e7\u0131klanabilmektedir diyor Eliade: O, hayat\u0131n ve kendi ruhunun derin ger\u00e7e\u011finden kopmu\u015ftur. Hayal g\u00fcc\u00fcne sahip olmak ise, d\u00fcnyay\u0131 b\u00fct\u00fcnselli\u011fi i\u00e7inde g\u00f6rmektir, \u00e7\u00fcnk\u00fc kavramsalla\u015ft\u0131rmaya gelmeyen her \u015feyi g\u00f6stermek imgelerin g\u00f6revidir. Efsanelerin, masallar\u0131n, mitlerin gerilediklerini ve simgelerin d\u00fcnyevile\u015ftiklerini g\u00f6rd\u00fck, ama bunlar hi\u00e7bir zaman kaybolmad\u0131lar. En silik varolu\u015fta bile simge kaynamakta, en \u201cger\u00e7ek\u00e7i\u201d insan bile imgelerle ya\u015famaktad\u0131r. Bir antropo-kozmos, evrenin k\u00fc\u00e7\u00fck bir modeli olarak insan, bedenin simgecili\u011fine ve toplumlar\u0131n kendi \u00e7evreleriyle ba\u011flant\u0131l\u0131 imgelemine, sembolleriyle \u00f6r\u00fclm\u00fc\u015f k\u00fclt\u00fcr\u00fcn\u00fcn derinliklerine n\u00fcfuz edebilir, b\u00f6ylece varl\u0131\u011f\u0131n\u0131n merkezindeki kozmik ritmleri yeniden bulabilir. Eliade, bu zarif ve tutkulu ola\u011fan\u00fcst\u00fc kitab\u0131nda, modern insan psikesinde simgelerin, mitlerin ve efsanevi konular\u0131n halen ya\u015famakta olduklar\u0131na dikkat \u00e7ekerek, eski simgecili\u011fin ilk \u00f6rneklerinin kendili\u011finden ke\u015ffinin t\u00fcm insanlarda ortak bir olgu oldu\u011funu g\u00f6stererek, bunlar\u0131n sadece bir dinler tarih\u00e7isine de\u011fil, ba\u015fta psikoloji ve edebiyat erbab\u0131 olmak \u00fczere, uzman olmayan t\u00fcm okurlara da neler \u00f6\u011fretebileceklerini ortaya koyuyor.<\/p>\n","protected":false},"excerpt":{"rendered":"<p>\u201cHayal g\u00fcc\u00fcnden yoksun\u201d insan\u0131n talihsizli\u011fi ve \u00e7\u00f6k\u00fcnt\u00fcs\u00fc art\u0131k a\u00e7\u0131klanabilmektedir diyor Eliade: O, hayat\u0131n ve kendi ruhunun derin ger\u00e7e\u011finden kopmu\u015ftur. Hayal g\u00fcc\u00fcne sahip olmak ise, d\u00fcnyay\u0131 b\u00fct\u00fcnselli\u011fi<span class=\"excerpt-hellip\"> [\u2026]<\/span><\/p>\n","protected":false},"featured_media":0,"template":"","meta":{"_monsterinsights_skip_tracking":false,"_monsterinsights_sitenote_active":false,"_monsterinsights_sitenote_note":"","_monsterinsights_sitenote_category":0},"product_brand":[],"product_cat":[12718,12858],"product_tag":[],"class_list":{"0":"post-711234","1":"product","2":"type-product","3":"status-publish","5":"product_cat-din","6":"product_cat-mitolojiler","7":"pa_cilt-ciltsiz","8":"pa_tur-kitap","9":"pa_yayinevi-dogu-bati-yayinlari","10":"pa_yazar-mircea-eliade","12":"first","13":"instock","14":"sale","15":"shipping-taxable","16":"purchasable","17":"product-type-simple"},"_links":{"self":[{"href":"https:\/\/roveyayinevi.com.tr\/index.php\/wp-json\/wp\/v2\/product\/711234","targetHints":{"allow":["GET"]}}],"collection":[{"href":"https:\/\/roveyayinevi.com.tr\/index.php\/wp-json\/wp\/v2\/product"}],"about":[{"href":"https:\/\/roveyayinevi.com.tr\/index.php\/wp-json\/wp\/v2\/types\/product"}],"wp:attachment":[{"href":"https:\/\/roveyayinevi.com.tr\/index.php\/wp-json\/wp\/v2\/media?parent=711234"}],"wp:term":[{"taxonomy":"product_brand","embeddable":true,"href":"https:\/\/roveyayinevi.com.tr\/index.php\/wp-json\/wp\/v2\/product_brand?post=711234"},{"taxonomy":"product_cat","embeddable":true,"href":"https:\/\/roveyayinevi.com.tr\/index.php\/wp-json\/wp\/v2\/product_cat?post=711234"},{"taxonomy":"product_tag","embeddable":true,"href":"https:\/\/roveyayinevi.com.tr\/index.php\/wp-json\/wp\/v2\/product_tag?post=711234"}],"curies":[{"name":"wp","href":"https:\/\/api.w.org\/{rel}","templated":true}]}}