{"id":711233,"date":"2025-08-27T16:43:25","date_gmt":"2025-08-27T13:43:25","guid":{"rendered":"https:\/\/roveyayinevi.com.tr\/index.php\/urun\/aycoregi-ciltli\/"},"modified":"2026-04-16T02:19:50","modified_gmt":"2026-04-15T23:19:50","slug":"aycoregi-ciltli","status":"publish","type":"product","link":"https:\/\/roveyayinevi.com.tr\/index.php\/urun\/aycoregi-ciltli\/","title":{"rendered":"Ay\u00e7\u00f6re\u011fi (Ciltli)"},"content":{"rendered":"<p>&#8220;Bu, ate\u015fe u\u00e7maktan korkan kelebe\u011fin hik\u00e2yesi.&#8221; Ahmet; Sahra&#8217;ya y\u00fcr\u00fcmeyi, bisiklete binmeyi, erkek gibi d\u00f6v\u00fc\u015fmeyi \u00f6\u011fretmi\u015fti. Ama hepsinden \u00f6nemlisi ona, a\u015fk\u0131n can yak\u0131c\u0131 yan\u0131n\u0131 tatt\u0131rm\u0131\u015ft\u0131, hem de fark\u0131nda bile olmadan&#8230; Sahra, Ahmet&#8217;e olan kar\u015f\u0131l\u0131ks\u0131z a\u015fk\u0131n\u0131n a\u011f\u0131rl\u0131\u011f\u0131na dayanamay\u0131p \u00c7\u0131kmaz&#8217;dan uzakla\u015f\u0131rken, boynunda ay\u00e7\u00f6re\u011fi kolyesi, dudaklar\u0131nda tar\u00e7\u0131n tad\u0131 ve \u00e7antas\u0131nda gizemli mektuplar\u0131n\u0131n sahibi Mutlu Kelebek vard\u0131. Ancak t\u00fcm bunlara ra\u011fmen kat\u0131ld\u0131\u011f\u0131 okul partisinde trajik bir \u015fekilde hayat\u0131na giren \u015f\u0131mar\u0131k Romeo, bir \u015feyleri de\u011fi\u015ftirecekti. Belki de bir\u00e7ok \u015feyi&#8230; &#8220;Yarayla alay eder yaralanmam\u0131\u015f olan&#8230;&#8221; \ufffcTan\u0131t\u0131m Metni<\/p>\n","protected":false},"excerpt":{"rendered":"<p>&#8220;Bu, ate\u015fe u\u00e7maktan korkan kelebe\u011fin hik\u00e2yesi.&#8221; Ahmet; Sahra&#8217;ya y\u00fcr\u00fcmeyi, bisiklete binmeyi, erkek gibi d\u00f6v\u00fc\u015fmeyi \u00f6\u011fretmi\u015fti. Ama hepsinden \u00f6nemlisi ona, a\u015fk\u0131n can yak\u0131c\u0131 yan\u0131n\u0131 tatt\u0131rm\u0131\u015ft\u0131, hem de<span class=\"excerpt-hellip\"> [\u2026]<\/span><\/p>\n","protected":false},"featured_media":0,"template":"","meta":{"_monsterinsights_skip_tracking":false,"_monsterinsights_sitenote_active":false,"_monsterinsights_sitenote_note":"","_monsterinsights_sitenote_category":0},"product_brand":[],"product_cat":[12291,12711],"product_tag":[],"class_list":{"0":"post-711233","1":"product","2":"type-product","3":"status-publish","5":"product_cat-edebiyat","6":"product_cat-roman-oyku","7":"pa_cilt-ciltli","8":"pa_tur-kitap","9":"pa_yayinevi-ren-kitap","10":"pa_yazar-zeynep-sahra","12":"first","13":"instock","14":"sale","15":"shipping-taxable","16":"purchasable","17":"product-type-simple"},"_links":{"self":[{"href":"https:\/\/roveyayinevi.com.tr\/index.php\/wp-json\/wp\/v2\/product\/711233","targetHints":{"allow":["GET"]}}],"collection":[{"href":"https:\/\/roveyayinevi.com.tr\/index.php\/wp-json\/wp\/v2\/product"}],"about":[{"href":"https:\/\/roveyayinevi.com.tr\/index.php\/wp-json\/wp\/v2\/types\/product"}],"wp:attachment":[{"href":"https:\/\/roveyayinevi.com.tr\/index.php\/wp-json\/wp\/v2\/media?parent=711233"}],"wp:term":[{"taxonomy":"product_brand","embeddable":true,"href":"https:\/\/roveyayinevi.com.tr\/index.php\/wp-json\/wp\/v2\/product_brand?post=711233"},{"taxonomy":"product_cat","embeddable":true,"href":"https:\/\/roveyayinevi.com.tr\/index.php\/wp-json\/wp\/v2\/product_cat?post=711233"},{"taxonomy":"product_tag","embeddable":true,"href":"https:\/\/roveyayinevi.com.tr\/index.php\/wp-json\/wp\/v2\/product_tag?post=711233"}],"curies":[{"name":"wp","href":"https:\/\/api.w.org\/{rel}","templated":true}]}}