{"id":711231,"date":"2025-08-27T16:43:24","date_gmt":"2025-08-27T13:43:24","guid":{"rendered":"https:\/\/roveyayinevi.com.tr\/index.php\/urun\/ask-yasaminda-ufak-seyleri-dert-etmeyin\/"},"modified":"2026-04-16T02:19:50","modified_gmt":"2026-04-15T23:19:50","slug":"ask-yasaminda-ufak-seyleri-dert-etmeyin","status":"publish","type":"product","link":"https:\/\/roveyayinevi.com.tr\/index.php\/urun\/ask-yasaminda-ufak-seyleri-dert-etmeyin\/","title":{"rendered":"A\u015fk Ya\u015fam\u0131nda Ufak \u015eeyleri Dert Etmeyin"},"content":{"rendered":"<p>A\u015fk Ya\u015fam\u0131n\u0131zda Ufak \u015eeyleri Dert Etmeyin adl\u0131 bu kitab\u0131n okurlar\u0131 Richard ve Kris Carlson\u2019\u0131n ki\u015fisel \u00f6nerilerini izleyerek ili\u015fkilerini nas\u0131l iyile\u015ftireceklerini \u00f6\u011freneceklerdir:   \u2022              Kendinizle Dalga Ge\u00e7meyi \u00d6\u011frenin \u2022              Eve Bitkin D\u00f6nmeyin \u2022              Parterinizin Buz \u00dcst\u00fcnde Y\u00fcr\u00fcmesine Neden Olmay\u0131n \u2022              Alaylar\u0131n\u0131zda Bile Duyarl\u0131 Olun \u2022              Arada Bir Yap\u0131lan Ele\u015ftirileri Dert Etmeyin \u2022              \u0130yi Bir Dinleyici Olun Dr. Richard Carlson Ufak \u015eeyleri Dert Etmeyin ve  \u0130\u015f Ya\u015fam\u0131n\u0131zda Ufak \u015eeyleri Dert Etmeyin adl\u0131 \u00e7ok satan kitaplar\u0131n yazar\u0131d\u0131r. Psikoterapist olarak pek \u00e7ok televizyon ve radyo program\u0131nda konu\u015fmalar yapm\u0131\u015f, kitaplar\u0131 Amerika Birle\u015fik Devletleri\u2019nde en h\u0131zl\u0131 satan kitaplar aras\u0131na girmi\u015ftir. Kitaplar\u0131 New York Times En \u00c7ok Satan Kitaplar Listesi\u2019nde 101 haftadan fazla kalan ve 135\u2019ten fazla dile \u00e7evrilen yazar 2006 y\u0131l\u0131nda hayat\u0131n\u0131 kaybetmi\u015ftir.   Kristine Carlson uzun s\u00fcreli ili\u015fkiler konusunda \u00e7ok yetenekli olmas\u0131n\u0131n yan\u0131 s\u0131ra, ailesine, dostluklar\u0131na ve ki\u015fisel geli\u015fimine kendini adam\u0131\u015f bir insand\u0131r. Ata binmeyi, ko\u015fmay\u0131 ve yaln\u0131zl\u0131\u011f\u0131n\u0131 \u00e7ok sever. A\u015fk Ya\u015fam\u0131n\u0131zda Ufak \u015eeyleri Dert Etmeyin e\u015fi Richard Carlson ile birlikte yazd\u0131klar\u0131 ilk kitapt\u0131r. <\/p>\n","protected":false},"excerpt":{"rendered":"<p>A\u015fk Ya\u015fam\u0131n\u0131zda Ufak \u015eeyleri Dert Etmeyin adl\u0131 bu kitab\u0131n okurlar\u0131 Richard ve Kris Carlson\u2019\u0131n ki\u015fisel \u00f6nerilerini izleyerek ili\u015fkilerini nas\u0131l iyile\u015ftireceklerini \u00f6\u011freneceklerdir: \u2022 Kendinizle Dalga Ge\u00e7meyi \u00d6\u011frenin<span class=\"excerpt-hellip\"> [\u2026]<\/span><\/p>\n","protected":false},"featured_media":0,"template":"","meta":{"_monsterinsights_skip_tracking":false,"_monsterinsights_sitenote_active":false,"_monsterinsights_sitenote_note":"","_monsterinsights_sitenote_category":0},"product_brand":[],"product_cat":[12364,12376],"product_tag":[],"class_list":{"0":"post-711231","1":"product","2":"type-product","3":"status-publish","5":"product_cat-genel-konular","6":"product_cat-kisisel-gelisim","7":"pa_cilt-ciltsiz","8":"pa_tur-kitap","9":"pa_yayinevi-beta-kitap","10":"pa_yazar-richard-carlson","12":"first","13":"instock","14":"sale","15":"shipping-taxable","16":"purchasable","17":"product-type-simple"},"_links":{"self":[{"href":"https:\/\/roveyayinevi.com.tr\/index.php\/wp-json\/wp\/v2\/product\/711231","targetHints":{"allow":["GET"]}}],"collection":[{"href":"https:\/\/roveyayinevi.com.tr\/index.php\/wp-json\/wp\/v2\/product"}],"about":[{"href":"https:\/\/roveyayinevi.com.tr\/index.php\/wp-json\/wp\/v2\/types\/product"}],"wp:attachment":[{"href":"https:\/\/roveyayinevi.com.tr\/index.php\/wp-json\/wp\/v2\/media?parent=711231"}],"wp:term":[{"taxonomy":"product_brand","embeddable":true,"href":"https:\/\/roveyayinevi.com.tr\/index.php\/wp-json\/wp\/v2\/product_brand?post=711231"},{"taxonomy":"product_cat","embeddable":true,"href":"https:\/\/roveyayinevi.com.tr\/index.php\/wp-json\/wp\/v2\/product_cat?post=711231"},{"taxonomy":"product_tag","embeddable":true,"href":"https:\/\/roveyayinevi.com.tr\/index.php\/wp-json\/wp\/v2\/product_tag?post=711231"}],"curies":[{"name":"wp","href":"https:\/\/api.w.org\/{rel}","templated":true}]}}