{"id":711230,"date":"2025-08-27T16:43:24","date_gmt":"2025-08-27T13:43:24","guid":{"rendered":"https:\/\/roveyayinevi.com.tr\/index.php\/urun\/doktor-hikmet-kivilcimli\/"},"modified":"2026-04-16T02:19:50","modified_gmt":"2026-04-15T23:19:50","slug":"doktor-hikmet-kivilcimli","status":"publish","type":"product","link":"https:\/\/roveyayinevi.com.tr\/index.php\/urun\/doktor-hikmet-kivilcimli\/","title":{"rendered":"Doktor Hikmet K\u0131v\u0131lc\u0131ml\u0131"},"content":{"rendered":"<p>\u201cVATAN A\u015eKINI S\u00d6YLEMEKTEN KORKARHALE GELMEKTENSE \u00d6LMEK DAHA \u0130Y\u0130D\u0130R!\u201d &#8211; Dr. Hikmet K\u0131v\u0131lc\u0131ml\u0131Doktor Hikmet K\u0131v\u0131lc\u0131ml\u0131; T\u00fcrkiye solunun \u00f6nde gelen isimlerinden, bilimsel sosyalist kuramc\u0131, lider, \u00f6zg\u00fcn, \u00fcretken, ara\u015ft\u0131rmac\u0131 ve bir polemik ustas\u0131&#8230; 17 ya\u015f\u0131nda, K\u00f6yce\u011fiz Kuvay-\u0131 Milliye Komutan\u0131 olarak d\u00fc\u015fman i\u015fgaline kar\u015f\u0131 sava\u015f\u0131r. Gen\u00e7 ya\u015flar\u0131ndan itibaren Marksizmi kavray\u0131p bunu T\u00fcrkiye\u2019nin kendi \u00f6zg\u00fcn ko\u015fullar\u0131na uyarlama \u00e7abas\u0131 vermi\u015f; kendi tabiriyle, \u201cMarksizm-Leninizmi alfabeden ba\u015flay\u0131p cebri \u00e2l\u00e2s\u0131na dek et\u00fcd etmi\u015ftir.\u201d \u00c7al\u0131\u015fmalar\u0131nda uygulad\u0131\u011f\u0131 metodoloji, kendisinin de i\u00e7inde yer ald\u0131\u011f\u0131 toplumun ger\u00e7ekli\u011fine ula\u015fmaya vebu ger\u00e7ekli\u011fe ili\u015fkin \u00e7\u0131kar\u0131mlarda bulunmaya \u00e7al\u0131\u015fmakt\u0131r.Tarihi bir bilim olarak anlama ve kavray\u0131\u015f\u0131n kitab\u0131 olan \u201cTarih Tezi\u201d ba\u015fta olmak \u00fczere \u00e7ok say\u0131da kitap, \u00e7eviri, gazete ve dergilerde yay\u0131mlanm\u0131\u015f y\u00fczlerce makale ve yay\u0131mlanmam\u0131\u015f binlerce sayfal\u0131k \u00e7al\u0131\u015fma b\u0131rakm\u0131\u015ft\u0131r. Ya\u015fam\u0131n\u0131n \u00f6zeti, her an\u0131 davaya adanm\u0131\u015f ve davay\u0131 d\u00fc\u015f\u00fcnerek ge\u00e7irilen bir \u00f6m\u00fcrd\u00fcr.\u015eenol \u00c7ar\u0131k, bu adanm\u0131\u015f \u00f6mr\u00fc, bilimsel titizlik ve tarafs\u0131zl\u0131kla ara\u015ft\u0131rd\u0131. Elinizdeki bu kitap ayn\u0131 zamanda bu b\u00fcy\u00fck insana sayg\u0131 duru\u015fudur. <\/p>\n","protected":false},"excerpt":{"rendered":"<p>\u201cVATAN A\u015eKINI S\u00d6YLEMEKTEN KORKARHALE GELMEKTENSE \u00d6LMEK DAHA \u0130Y\u0130D\u0130R!\u201d &#8211; Dr. Hikmet K\u0131v\u0131lc\u0131ml\u0131Doktor Hikmet K\u0131v\u0131lc\u0131ml\u0131; T\u00fcrkiye solunun \u00f6nde gelen isimlerinden, bilimsel sosyalist kuramc\u0131, lider, \u00f6zg\u00fcn, \u00fcretken, ara\u015ft\u0131rmac\u0131<span class=\"excerpt-hellip\"> [\u2026]<\/span><\/p>\n","protected":false},"featured_media":0,"template":"","meta":{"_monsterinsights_skip_tracking":false,"_monsterinsights_sitenote_active":false,"_monsterinsights_sitenote_note":"","_monsterinsights_sitenote_category":0},"product_brand":[],"product_cat":[14009,12291],"product_tag":[],"class_list":{"0":"post-711230","1":"product","2":"type-product","3":"status-publish","5":"product_cat-biyografi-otobiyografi-edebiyat","6":"product_cat-edebiyat","7":"pa_cilt-ciltsiz","8":"pa_tur-kitap","9":"pa_yayinevi-asi-kitap","10":"pa_yazar-senol-carik","12":"first","13":"instock","14":"sale","15":"shipping-taxable","16":"purchasable","17":"product-type-simple"},"_links":{"self":[{"href":"https:\/\/roveyayinevi.com.tr\/index.php\/wp-json\/wp\/v2\/product\/711230","targetHints":{"allow":["GET"]}}],"collection":[{"href":"https:\/\/roveyayinevi.com.tr\/index.php\/wp-json\/wp\/v2\/product"}],"about":[{"href":"https:\/\/roveyayinevi.com.tr\/index.php\/wp-json\/wp\/v2\/types\/product"}],"wp:attachment":[{"href":"https:\/\/roveyayinevi.com.tr\/index.php\/wp-json\/wp\/v2\/media?parent=711230"}],"wp:term":[{"taxonomy":"product_brand","embeddable":true,"href":"https:\/\/roveyayinevi.com.tr\/index.php\/wp-json\/wp\/v2\/product_brand?post=711230"},{"taxonomy":"product_cat","embeddable":true,"href":"https:\/\/roveyayinevi.com.tr\/index.php\/wp-json\/wp\/v2\/product_cat?post=711230"},{"taxonomy":"product_tag","embeddable":true,"href":"https:\/\/roveyayinevi.com.tr\/index.php\/wp-json\/wp\/v2\/product_tag?post=711230"}],"curies":[{"name":"wp","href":"https:\/\/api.w.org\/{rel}","templated":true}]}}